{"id":189,"date":"2023-02-15T06:37:34","date_gmt":"2023-02-15T05:37:34","guid":{"rendered":"https:\/\/aksioma.org\/scale\/?page_id=189"},"modified":"2024-02-12T16:25:51","modified_gmt":"2024-02-12T15:25:51","slug":"o-programu","status":"publish","type":"page","link":"https:\/\/aksioma.org\/unrealdata\/sl\/o-programu\/","title":{"rendered":"O programu"},"content":{"rendered":"\n<p><strong><em>Taktike&amp;praksa #15: (Ne)realni podatki \u2013 realni u\u010dinki<\/em><\/strong><\/p>\n\n\n\n<p><strong>Kako podatki oblikujejo resni\u010dnost? Kako namerno ustvarjanje podatkov lahko zagotovi delovalnost v podatkovno vodenih sistemih? Ali namerno ustvarjanje podatkov odpira prostor za delovanje v podatkovno vodeni dru\u017ebi, kjer nam je mo\u017enost izbire odvzeta? Kje je v tak\u0161ni dru\u017ebi prostor za na\u0161e poseganje v svet?<\/strong><\/p>\n\n\n\n<p>Petnajsta edicija diskurzivnega programa\u00a0<em>Taktike&amp;praksa<\/em>, ki se osredoto\u010da na sodobno raziskovalno umetnost, dru\u017ebo in nove tehnologije, obsega serijo dogodkov, dejavnosti in kriti\u010dnih refleksij\u00a0<em>(Ne)realni podatki \u2013 realni u\u010dinki<\/em>, katero kurira skupina\u00a0<strong>!Mediengruppe Bitnik<\/strong>\u00a0(Carmen Weisskopf and Domagoj Smoljo)\u00a0v sodelovanju z Janezom Fakinom Jan\u0161o. V\u00a0njej raziskuje, kako je dvoumno kakovost podatkov mogo\u010de uporabiti kot orodje za ustvarjanje rezultatov v resni\u010dnem svetu. Program, ki bo potekal v prvi polovici leta 2024 na razli\u010dnih prizori\u0161\u010dih v Ljubljani, med drugim v Kinu \u0160i\u0161ka, Projektnem prostoru Aksioma, na Akademiji za likovno umetnost in oblikovanje ter v Slovenski kinoteki, vklju\u010duje uvodno konferenco, serijo razstav in performansov, razli\u010dne delavnice in predavanja, novo podkast serijo ter izdajo knjige z avtorskimi besedili.<\/p>\n\n\n\n<p>Ob prehodu v podatkovno vodeno dru\u017ebo morajo vse tehnologije, ki jih uporabljamo, postati del omre\u017ene infrastrukture za zbiranje podatkov. Avtomatizirano zbiranje podatkov je postalo sestavni del ve\u010dine tehnologij, kar pomeni, da se v glavnini na\u0161ih interakcij s tehnologijo ustvarjajo podatki: ti so zajeti, bele\u017eeni, analizirani, prikazani in predstavljeni kot resni\u010dnost. Prav zato na\u0161o realnost vse bolj oblikuje abstrakcija, ki temelji na verjetnostih in vzorcih, prilagojenih posebnim potrebam. Ravnovesje med \u00bbnefiltriranimi\u00ab izku\u0161njami in izku\u0161njami, ki jih posredujejo algoritemsko obdelani podatki, se pospe\u0161eno premika v smer slednjih. Nakupujemo prek spleta in se pri tem ravnamo po ocenah izdelkov drugih. Avtomobilsko in stanovanjsko zavarovanje ter zaposlitev nam ponudijo \u0161ele, ko algoritmi na podlagi predhodnih podatkov ocenijo tveganja. Na dru\u017ebenih omre\u017ejih prejemamo novice in vsebine, ki so prilagojene glede na na\u0161e prej\u0161nje v\u0161e\u010dke in oglede. Dostop do delovnih mest, potovanj in izobra\u017eevanja nam je omogo\u010den na podlagi osebnih podatkov. V delovnem okolju nas nenehno spremljajo naprave in ra\u010dunalni\u0161ki programi: v zadnjih letih se je razmahnila uporaba programske opreme za nadzor na delovnem mestu, ki ocenjuje na\u0161o produktivnost tako, da \u0161teje klike in bele\u017ei uporabo tipkovnice, obiske spletnih strani ter vklju\u010denost v pogovore in elektronsko po\u0161to. Klikamo dovolj hitro? Smo v videoklicu videti dovolj zavzeti? Dovolj sodelujemo v slu\u017ebenem klepetu? Kako se na\u0161 na\u010din dela spremeni, ko produktivnost ocenjujejo algoritmi, ki upo\u0161tevajo kvantificirane podatke in ne rezultatov dela?<\/p>\n\n\n\n<p>Wendy Chun ugotavlja, da moramo z ozirom na mehanizem ustvarjanja podatkov v tak\u0161nih sistemih nujno uvesti druga\u010den re\u017eim, saj se trenutno stvari zabele\u017eijo in postanejo podatki le, \u010de so v gibanju. Chun nadaljuje, da imajo \u00bbljudje, ki se ukvarjajo z mo\u010dno bele\u017eenimi dejavnostmi, dolo\u010deno svobodo, in sicer lahko svobodno ustvarjajo znotraj sistema pravil. Svoja dejanja lahko optimizirajo na na\u010din, da zmanj\u0161ajo svoj napor ali pove\u010dajo zabele\u017eeno produktivnost; lahko postanejo bolj in ne manj spretni. Nekoliko bolj cini\u010dno bi lahko rekli, da uporabniki izigrajo sistem.\u00ab Potrebujemo ukrepe na ravni \u00bb\u017eivih podatkov\u00ab, kot Deborah Lupton imenuje nenehno ustvarjanje ogromne mase digitalnih podatkov, ki postanejo del vsakdanjega \u017eivljenja.V tem novem okolju program <em>(Ne)realni podatki \u2013 realni u\u010dinki<\/em> i\u0161\u010de na\u010dine, kako z ustvarjanjem specifi\u010dnih podatkov strate\u0161ko intervenirati v podatkovno vodene sisteme. Praksa \u00bbrazresni\u010denja podatkov\u00ab izrablja dvoumnost podatkov tako, da z njimi ne opisuje sveta, temve\u010d namesto tega strate\u0161ko ustvarja \u00bbprave\u00ab podatke, s katerimi izzove dolo\u010dene rezultate. <em>(Ne)realni podatki \u2013 realni u\u010dinki<\/em> preu\u010duje, kako dvoumna narava podatkov omogo\u010da prilo\u017enost za oblikovanje dolo\u010denih pogledov na svet. Bi lahko ustvarjali podatke, s katerimi bi nadrejenim prikazali produktivnost, morda celo ne da bi dejansko delali? Naj za\u010dnemo uporabljati avtomatizirane premikalnike mi\u0161ke in tako ustvarimo vtis, da smo produktivni in zaposleni? Kako moramo prikrojiti svoje osebne podatke, da bi si pove\u010dali dostop do delovnih mest? Ko podatke razresni\u010dimo, moramo najprej razumeti sistem obdelave podatkov, s katerim smo v interakciji, da nato lahko namerno ustvarjamo, spreminjamo ali interpretiramo podatke \u2013 ne z namenom, da bi se prilagodili svetu, temve\u010d da bi ga preoblikovali. Je pomanjkljivo reprezentativnost podatkovne mno\u017eice mogo\u010de preoblikovati v lastnost in ne ra\u010dunalni\u0161ko napako?<\/p>\n","protected":false},"excerpt":{"rendered":"<p>Taktike&amp;praksa #15: (Ne)realni podatki \u2013 realni u\u010dinki Kako podatki oblikujejo resni\u010dnost? Kako namerno ustvarjanje podatkov lahko zagotovi delovalnost v podatkovno vodenih sistemih? Ali namerno ustvarjanje podatkov odpira prostor za delovanje v podatkovno vodeni dru\u017ebi, kjer nam je mo\u017enost izbire odvzeta? Kje je v tak\u0161ni dru\u017ebi prostor za na\u0161e poseganje v svet? Petnajsta edicija diskurzivnega programa\u00a0Taktike&amp;praksa, [&hellip;]<\/p>\n","protected":false},"author":2,"featured_media":0,"parent":0,"menu_order":10,"comment_status":"closed","ping_status":"closed","template":"","meta":{"_acf_changed":false,"footnotes":""},"class_list":["post-189","page","type-page","status-publish","hentry"],"acf":[],"yoast_head":"<!-- This site is optimized with the Yoast SEO plugin v27.2 - https:\/\/yoast.com\/product\/yoast-seo-wordpress\/ -->\n<title>O programu - Tactics&amp;Practice #15: (Un)real data - Real Effects<\/title>\n<meta name=\"robots\" content=\"index, follow, max-snippet:-1, max-image-preview:large, max-video-preview:-1\" \/>\n<link rel=\"canonical\" href=\"https:\/\/aksioma.org\/unrealdata\/sl\/o-programu\/\" \/>\n<meta property=\"og:locale\" content=\"en_US\" \/>\n<meta property=\"og:type\" content=\"article\" \/>\n<meta property=\"og:title\" content=\"O programu - Tactics&amp;Practice #15: (Un)real data - Real Effects\" \/>\n<meta property=\"og:description\" content=\"Taktike&amp;praksa #15: (Ne)realni podatki \u2013 realni u\u010dinki Kako podatki oblikujejo resni\u010dnost? Kako namerno ustvarjanje podatkov lahko zagotovi delovalnost v podatkovno vodenih sistemih? Ali namerno ustvarjanje podatkov odpira prostor za delovanje v podatkovno vodeni dru\u017ebi, kjer nam je mo\u017enost izbire odvzeta? Kje je v tak\u0161ni dru\u017ebi prostor za na\u0161e poseganje v svet? Petnajsta edicija diskurzivnega programa\u00a0Taktike&amp;praksa, [&hellip;]\" \/>\n<meta property=\"og:url\" content=\"https:\/\/aksioma.org\/unrealdata\/sl\/o-programu\/\" \/>\n<meta property=\"og:site_name\" content=\"Tactics&amp;Practice #15: (Un)real data - Real Effects\" \/>\n<meta property=\"article:modified_time\" content=\"2024-02-12T15:25:51+00:00\" \/>\n<meta name=\"twitter:card\" content=\"summary_large_image\" \/>\n<meta name=\"twitter:label1\" content=\"Est. reading time\" \/>\n\t<meta name=\"twitter:data1\" content=\"3 minutes\" \/>\n<script type=\"application\/ld+json\" class=\"yoast-schema-graph\">{\"@context\":\"https:\/\/schema.org\",\"@graph\":[{\"@type\":\"WebPage\",\"@id\":\"https:\/\/aksioma.org\/unrealdata\/sl\/o-programu\/\",\"url\":\"https:\/\/aksioma.org\/unrealdata\/sl\/o-programu\/\",\"name\":\"O programu - Tactics&amp;Practice #15: (Un)real data - Real Effects\",\"isPartOf\":{\"@id\":\"https:\/\/aksioma.org\/unrealdata\/#website\"},\"datePublished\":\"2023-02-15T05:37:34+00:00\",\"dateModified\":\"2024-02-12T15:25:51+00:00\",\"breadcrumb\":{\"@id\":\"https:\/\/aksioma.org\/unrealdata\/sl\/o-programu\/#breadcrumb\"},\"inLanguage\":\"en-US\",\"potentialAction\":[{\"@type\":\"ReadAction\",\"target\":[\"https:\/\/aksioma.org\/unrealdata\/sl\/o-programu\/\"]}]},{\"@type\":\"BreadcrumbList\",\"@id\":\"https:\/\/aksioma.org\/unrealdata\/sl\/o-programu\/#breadcrumb\",\"itemListElement\":[{\"@type\":\"ListItem\",\"position\":1,\"name\":\"Home\",\"item\":\"https:\/\/aksioma.org\/unrealdata\/\"},{\"@type\":\"ListItem\",\"position\":2,\"name\":\"O programu\"}]},{\"@type\":\"WebSite\",\"@id\":\"https:\/\/aksioma.org\/unrealdata\/#website\",\"url\":\"https:\/\/aksioma.org\/unrealdata\/\",\"name\":\"Tactics&amp;Practice #15: (Un)real data - Real Effects\",\"description\":\"\",\"potentialAction\":[{\"@type\":\"SearchAction\",\"target\":{\"@type\":\"EntryPoint\",\"urlTemplate\":\"https:\/\/aksioma.org\/unrealdata\/?s={search_term_string}\"},\"query-input\":{\"@type\":\"PropertyValueSpecification\",\"valueRequired\":true,\"valueName\":\"search_term_string\"}}],\"inLanguage\":\"en-US\"}]}<\/script>\n<!-- \/ Yoast SEO plugin. -->","yoast_head_json":{"title":"O programu - Tactics&amp;Practice #15: (Un)real data - Real Effects","robots":{"index":"index","follow":"follow","max-snippet":"max-snippet:-1","max-image-preview":"max-image-preview:large","max-video-preview":"max-video-preview:-1"},"canonical":"https:\/\/aksioma.org\/unrealdata\/sl\/o-programu\/","og_locale":"en_US","og_type":"article","og_title":"O programu - Tactics&amp;Practice #15: (Un)real data - Real Effects","og_description":"Taktike&amp;praksa #15: (Ne)realni podatki \u2013 realni u\u010dinki Kako podatki oblikujejo resni\u010dnost? Kako namerno ustvarjanje podatkov lahko zagotovi delovalnost v podatkovno vodenih sistemih? Ali namerno ustvarjanje podatkov odpira prostor za delovanje v podatkovno vodeni dru\u017ebi, kjer nam je mo\u017enost izbire odvzeta? Kje je v tak\u0161ni dru\u017ebi prostor za na\u0161e poseganje v svet? Petnajsta edicija diskurzivnega programa\u00a0Taktike&amp;praksa, [&hellip;]","og_url":"https:\/\/aksioma.org\/unrealdata\/sl\/o-programu\/","og_site_name":"Tactics&amp;Practice #15: (Un)real data - Real Effects","article_modified_time":"2024-02-12T15:25:51+00:00","twitter_card":"summary_large_image","twitter_misc":{"Est. reading time":"3 minutes"},"schema":{"@context":"https:\/\/schema.org","@graph":[{"@type":"WebPage","@id":"https:\/\/aksioma.org\/unrealdata\/sl\/o-programu\/","url":"https:\/\/aksioma.org\/unrealdata\/sl\/o-programu\/","name":"O programu - Tactics&amp;Practice #15: (Un)real data - Real Effects","isPartOf":{"@id":"https:\/\/aksioma.org\/unrealdata\/#website"},"datePublished":"2023-02-15T05:37:34+00:00","dateModified":"2024-02-12T15:25:51+00:00","breadcrumb":{"@id":"https:\/\/aksioma.org\/unrealdata\/sl\/o-programu\/#breadcrumb"},"inLanguage":"en-US","potentialAction":[{"@type":"ReadAction","target":["https:\/\/aksioma.org\/unrealdata\/sl\/o-programu\/"]}]},{"@type":"BreadcrumbList","@id":"https:\/\/aksioma.org\/unrealdata\/sl\/o-programu\/#breadcrumb","itemListElement":[{"@type":"ListItem","position":1,"name":"Home","item":"https:\/\/aksioma.org\/unrealdata\/"},{"@type":"ListItem","position":2,"name":"O programu"}]},{"@type":"WebSite","@id":"https:\/\/aksioma.org\/unrealdata\/#website","url":"https:\/\/aksioma.org\/unrealdata\/","name":"Tactics&amp;Practice #15: (Un)real data - Real Effects","description":"","potentialAction":[{"@type":"SearchAction","target":{"@type":"EntryPoint","urlTemplate":"https:\/\/aksioma.org\/unrealdata\/?s={search_term_string}"},"query-input":{"@type":"PropertyValueSpecification","valueRequired":true,"valueName":"search_term_string"}}],"inLanguage":"en-US"}]}},"lang":"sl","translations":{"sl":189,"en":5},"pll_sync_post":[],"_links":{"self":[{"href":"https:\/\/aksioma.org\/unrealdata\/wp-json\/wp\/v2\/pages\/189","targetHints":{"allow":["GET"]}}],"collection":[{"href":"https:\/\/aksioma.org\/unrealdata\/wp-json\/wp\/v2\/pages"}],"about":[{"href":"https:\/\/aksioma.org\/unrealdata\/wp-json\/wp\/v2\/types\/page"}],"author":[{"embeddable":true,"href":"https:\/\/aksioma.org\/unrealdata\/wp-json\/wp\/v2\/users\/2"}],"replies":[{"embeddable":true,"href":"https:\/\/aksioma.org\/unrealdata\/wp-json\/wp\/v2\/comments?post=189"}],"version-history":[{"count":0,"href":"https:\/\/aksioma.org\/unrealdata\/wp-json\/wp\/v2\/pages\/189\/revisions"}],"wp:attachment":[{"href":"https:\/\/aksioma.org\/unrealdata\/wp-json\/wp\/v2\/media?parent=189"}],"curies":[{"name":"wp","href":"https:\/\/api.w.org\/{rel}","templated":true}]}}