{"id":168,"date":"2023-02-14T17:28:15","date_gmt":"2023-02-14T16:28:15","guid":{"rendered":"https:\/\/aksioma.org\/scale\/?page_id=168"},"modified":"2024-06-27T16:25:13","modified_gmt":"2024-06-27T14:25:13","slug":"naslovna","status":"publish","type":"page","link":"https:\/\/aksioma.org\/unrealdata\/sl\/","title":{"rendered":"Domov"},"content":{"rendered":"\n<p><strong>Petnajsta edicija serije <em>Taktike&amp;praksa<\/em> raziskuje, kako bi dvoumno naravo podatkov lahko uporabili kot orodje, s katerim bi vplivali na dogajanje v resni\u010dnem svetu. Kako namerno ustvarjanje podatkov lahko zagotovi delovalnost v podatkovno vodenih sistemih? Je z manipulacijo podatkov mogo\u010de povzro\u010diti to\u010dno dolo\u010dene posledice v resni\u010dnem svetu?<\/strong><\/p>\n\n\n\n    <style>\n        .tabs__head { display: flex; }\n        .tabs__tab { display: block; padding: 20px; text-decoration: none !important; flex: 0 1 25%; transition: opacity 0.2s; opacity: 0.3; position: relative; }\n        .tabs__tab.is-active, .tabs__tab:hover { opacity: 1; }\n        .tabs__icon { max-width: 106px; position: relative; margin: 0 auto; }\n        .tabs__icon:before { display: block; content: ''; padding-top: 93.4%; }\n        .tabs__icon img { position: absolute; top: 0; left: 0; width: 100%; height: 100%; }\n        .tabs__date { font-size: 15px; }\n        .tabs__section:not(.is-active) { display: none; }\n        .tabs__section { padding: 20px; }\n        .tabs__section .wp-block-button__link { margin-bottom: 20px; }\n        @media screen and (max-width: 781px) {\n            .tabs { margin-left: -20px; margin-right: -20px; }\n            .tabs__tab.is-active { flex-basis: calc(100% - 60px); }\n\t\t\t.tabs__tab.is-active .tabs__name { display: none; }\n            .tabs__tab:not(.is-active) > *:not(.tabs__name) { display: none; }\n            .tabs__tab:not(.is-active) > .tabs__name { position: absolute; bottom: 20px; left: 50%; white-space: nowrap; transform: rotate(-90deg) translateY(50%); transform-origin: bottom left; }\n        }\n        @media screen and (min-width: 782px) {\n\t\t\t.tabs__name { display: none; }\n\t\t\t.tabs__icon { max-width: 146px; }\n        }\n    <\/style>\n\n    <div class=\"tabs js-tabs\">\n        <div class=\"tabs__head\">\n                            <a class=\"tabs__tab\" href=\"#tab-1\" style=\"background-color: #9D9D9C;\">\n                                            <div class=\"tabs__icon\">\n                            <img decoding=\"async\" src=\"https:\/\/aksioma.org\/unrealdata\/wp-content\/uploads\/2024\/02\/icon-01@2x.png\" alt=\"\">\n                        <\/div>\n                                        <div class=\"tabs__name\">\n                        Konferenca                    <\/div>\n                <\/a>\n                            <a class=\"tabs__tab\" href=\"#tab-2\" style=\"background-color: #ffe833;\">\n                                            <div class=\"tabs__icon\">\n                            <img decoding=\"async\" src=\"https:\/\/aksioma.org\/unrealdata\/wp-content\/uploads\/2024\/02\/icon-02@2x.png\" alt=\"\">\n                        <\/div>\n                                        <div class=\"tabs__name\">\n                        Sklop #1                    <\/div>\n                <\/a>\n                            <a class=\"tabs__tab\" href=\"#tab-3\" style=\"background-color: #3381fd;\">\n                                            <div class=\"tabs__icon\">\n                            <img decoding=\"async\" src=\"https:\/\/aksioma.org\/unrealdata\/wp-content\/uploads\/2024\/02\/icon-03@2x.png\" alt=\"\">\n                        <\/div>\n                                        <div class=\"tabs__name\">\n                        Sklop #2                    <\/div>\n                <\/a>\n                            <a class=\"tabs__tab\" href=\"#tab-4\" style=\"background-color: #ec5d65;\">\n                                            <div class=\"tabs__icon\">\n                            <img decoding=\"async\" src=\"https:\/\/aksioma.org\/unrealdata\/wp-content\/uploads\/2024\/02\/icon-04@2x.png\" alt=\"\">\n                        <\/div>\n                                        <div class=\"tabs__name\">\n                        Sklop #3                    <\/div>\n                <\/a>\n                    <\/div>\n        <div class=\"tabs__content\">\n                            <div class=\"tabs__section\" id=\"tab-1\" style=\"background-color: #9D9D9C;\">\n                    <p>\n                        Konferenca<br \/>\n                        27. februar 2024                    <\/p>\n                    <p>&nbsp;<\/p>\n                                            <p>Katedrala \/ Kino \u0160i\u0161ka, Ljubljana<br \/>\n16:30-20:00<\/p>\n<p>Alexandre Puttick, Cornelia Sollfrank, Felix Stalder, Gloria Gammer, Marta Peirano, !Mediengruppe Bitnik, Neja Berger, Simon Weckert<br \/>\n<em><a href=\"https:\/\/aksioma.org\/unrealdata\/sl\/konferenca\/\">(Ne)realni podatki \u2013 realni u\u010dinki<\/a><\/em><\/p>\n<p>&nbsp;<\/p>\n<p>\u2013<\/p>\n<p>&nbsp;<\/p>\n<p>Kamera \/ Kino \u0160i\u0161ka, Ljubljana<br \/>\nOtvoritev razstave<br \/>\n20:00-21:00<br \/>\nSimon Weckert<br \/>\n<i><a href=\"https:\/\/aksioma.org\/unrealdata\/sl\/razstave\/hekanje-google-maps\/\">Hekanje Google Maps<\/a><\/i><\/p>\n<p>&nbsp;<\/p>\n<p>\u2013<\/p>\n<p>Komuna\u00a0 \/ Kino \u0160i\u0161ka, Ljubljana<br \/>\nIgra v \u017eivo<br \/>\n21:00-22:30<br \/>\nSebastian Schmieg<br \/>\n<em><a href=\"https:\/\/aksioma.org\/unrealdata\/sl\/konferenca\/bitka-s-prompti\/\">Bitka s prompti<\/a><\/em><\/p>\n<p>&nbsp;<\/p>\n<p>&#8211;<\/p>\n<p>&nbsp;<\/p>\n<p>Spodnje preddverje \/ Kino \u0160i\u0161ka, Ljubljana<br \/>\nLive DJ set<br \/>\n22:30-00:00<br \/>\nDJ DVMIR<\/p>\n                                    <\/div>\n                            <div class=\"tabs__section\" id=\"tab-2\" style=\"background-color: #ffe833;\">\n                    <p>\n                        Sklop #1<br \/>\n                        26. februar\u20136. april 2024                    <\/p>\n                    <p>&nbsp;<\/p>\n                                            <p><b>Simon Weckert<\/b><\/p>\n<p>&nbsp;<\/p>\n<p><i><a href=\"https:\/\/aksioma.org\/unrealdata\/sl\/razstave\/republika-nicelnega-otoka\/\">Republika Ni\u010delnega otoka<\/a><br \/>\n<\/i>Otvoritev: 26. februar, 19:00<br \/>\n26. februar\u201322. marec 2024<br \/>\nAksioma | Projektni prostor<br \/>\n(razstava)<\/p>\n<p>&nbsp;<\/p>\n<p><i><a href=\"https:\/\/aksioma.org\/unrealdata\/sl\/predstavitve\/zemljevid-postane-teritorij-street-3-0\/\">Zemljevid postane teritorij \u2013 Street 3.0<\/a><br \/>\n<\/i>28. februar 2024, 15:00-16:00<i><br \/>\n<\/i>ALUO\/Toba\u010dna<br \/>\n(predstavitev)<\/p>\n<p>&nbsp;<\/p>\n<p><i><a href=\"https:\/\/aksioma.org\/unrealdata\/sl\/delavnice\/sanje-in-motnje-strojno-oducenje-za-umetnike\/\">Sanje in motnje: strojno (od)u\u010denje za umetnike<\/a><br \/>\n<\/i>28. februar 2024, 16:00-18:00<br \/>\nALUO\/Toba\u010dna<br \/>\n(delavnica)<\/p>\n                                    <\/div>\n                            <div class=\"tabs__section\" id=\"tab-3\" style=\"background-color: #3381fd;\">\n                    <p>\n                        Sklop #2<br \/>\n                        2.\u201326. april 2024                    <\/p>\n                    <p>&nbsp;<\/p>\n                                            <p><b>Selena Savi\u0107, Gordan Savi\u010di\u0107 &amp; !Mediengruppe Bitnik<\/b><\/p>\n<p>&nbsp;<\/p>\n<p><i><a href=\"https:\/\/aksioma.org\/unrealdata\/sl\/delavnice\/%e2%ad%90-enozvezdicna-delavnica\/\">\u2b50 Enozvezdi\u010dna delavnica<\/a><br \/>\n<\/i>2. april 2024, 15:00-18:00<br \/>\nALUO\/Toba\u010dna<br \/>\n(delavnica)<\/p>\n<p>&nbsp;<\/p>\n<p><i><a href=\"https:\/\/aksioma.org\/unrealdata\/sl\/predstavitve\/ratings-suck-how-did-we-even-get-to-this-point\/\">Ocene so brezveze!!! Kako smo se sploh zna\u0161li na tej to\u010dki????<\/a><br \/>\n<\/i>3. april 2024, 19:00<br \/>\nAksioma | Projektni prostor<br \/>\n(predstavitev)<\/p>\n<p>&nbsp;<\/p>\n<p><i><a href=\"https:\/\/aksioma.org\/unrealdata\/sl\/razstave\/enozvezdicne-ocene-vodeni-ogled\/\">Enozvezdi\u010dne ocene \u2013 vodeni ogled<\/a><br \/>\n<\/i>Otvoritev: 3. april 2024, 19:00<i><br \/>\n<\/i>3.\u201326. april 2024<br \/>\nAksioma | Projektni prostor<br \/>\n(razstava)<\/p>\n                                    <\/div>\n                            <div class=\"tabs__section\" id=\"tab-4\" style=\"background-color: #ec5d65;\">\n                    <p>\n                        Sklop #3<br \/>\n                        15. maj\u201314. junij 2024                    <\/p>\n                    <p>&nbsp;<\/p>\n                                            <p><strong>Valentina Tanni<\/strong><\/p>\n<p>&nbsp;<\/p>\n<p><a href=\"https:\/\/aksioma.org\/unrealdata\/sl\/predstavitve\/internetna-estetika-potovanje-onkraj-praga\/\"><em>Internetna estetika: potovanje onkraj praga<\/em><\/a><br \/>\n15.\u00a0 maj 2024, 15:00-16:00<br \/>\nALUO\/Erjav\u010deva<br \/>\n(predavanje)<\/p>\n<p>&nbsp;<\/p>\n<p><b>Total Refusal<\/b><\/p>\n<p>&nbsp;<\/p>\n<p><i><a href=\"https:\/\/aksioma.org\/unrealdata\/sl\/delavnice\/open-ended-stories\/\">Zgodbe z odprtim koncem<\/a><br \/>\n<\/i>15. maj 2024<i>, <\/i>16:00-18:00<i><br \/>\n<\/i>ALUO\/Toba\u010dna<br \/>\n(delavnica)<\/p>\n<p>&nbsp;<\/p>\n<p><i><a href=\"https:\/\/aksioma.org\/unrealdata\/sl\/razstave\/bpm\/\">BPM<\/a><br \/>\n<\/i>Otvoritev: 15. maj, 19:00<i><br \/>\n<\/i>15. maj\u201314. junij 2024<br \/>\nAksioma | Projektni prostor<br \/>\n(razstava)<\/p>\n<p>&nbsp;<\/p>\n<p>&#8212;<\/p>\n<p>&nbsp;<\/p>\n<p><b>Valentina Tanni &amp; Total Refusal<\/b><\/p>\n<p>&nbsp;<\/p>\n<p><i><a href=\"https:\/\/aksioma.org\/unrealdata\/sl\/performansi\/lets-play-exit-reality\/\">Let\u2019s play: Brexit Reality<\/a><br \/>\n<\/i>16. maj 2024, 19:00-20:00<i><br \/>\n<\/i>Slovenska kinoteka<br \/>\n(let\u2019s play)<\/p>\n                                    <\/div>\n                    <\/div>\n    <\/div>\n\n\n\n\n<p><em>(Ne)realni podatki \u2013 realni u\u010dinki <\/em>je program, katerega sta !Mediengruppe Bitnik osnovala na raziskovalnem projektu <em><a href=\"https:\/\/latentspaces.zhdk.ch\">Latent Spaces: Performing Ambiguous Data<\/a><\/em>, ki je potekal na Visoki \u0161oli za umetnost v Z\u00fcrichu, ter kurirala v sodelovanju z Aksiomo. Pri pripravi konference sodeluje Felix Stalder, raziskovalna skupina Latent Spaces pa nudi kuratorsko podporo.<\/p>\n","protected":false},"excerpt":{"rendered":"<p>Petnajsta edicija serije Taktike&amp;praksa raziskuje, kako bi dvoumno naravo podatkov lahko uporabili kot orodje, s katerim bi vplivali na dogajanje v resni\u010dnem svetu. Kako namerno ustvarjanje podatkov lahko zagotovi delovalnost v podatkovno vodenih sistemih? Je z manipulacijo podatkov mogo\u010de povzro\u010diti to\u010dno dolo\u010dene posledice v resni\u010dnem svetu? (Ne)realni podatki \u2013 realni u\u010dinki je program, katerega sta [&hellip;]<\/p>\n","protected":false},"author":1,"featured_media":765,"parent":0,"menu_order":-1,"comment_status":"closed","ping_status":"closed","template":"","meta":{"_acf_changed":false,"footnotes":""},"class_list":["post-168","page","type-page","status-publish","has-post-thumbnail","hentry"],"acf":[],"yoast_head":"<!-- This site is optimized with the Yoast SEO plugin v27.2 - https:\/\/yoast.com\/product\/yoast-seo-wordpress\/ -->\n<title>Domov - Tactics&amp;Practice #15: (Un)real data - Real Effects<\/title>\n<meta name=\"robots\" content=\"index, follow, max-snippet:-1, max-image-preview:large, max-video-preview:-1\" \/>\n<link rel=\"canonical\" href=\"https:\/\/aksioma.org\/unrealdata\/sl\/\" \/>\n<meta property=\"og:locale\" content=\"en_US\" \/>\n<meta property=\"og:type\" content=\"article\" \/>\n<meta property=\"og:title\" content=\"Tactics&amp;Practice #15: (Ne)realni podatki \u2013 realni u\u010dinki\" \/>\n<meta property=\"og:description\" content=\"Petnajsta edicija serije Taktike&amp;praksa raziskuje, kako bi dvoumno naravo podatkov lahko uporabili kot orodje, s katerim bi vplivali na dogajanje v resni\u010dnem svetu. Kako namerno ustvarjanje podatkov lahko zagotovi delovalnost v podatkovno vodenih sistemih? Je z manipulacijo podatkov mogo\u010de povzro\u010diti to\u010dno dolo\u010dene posledice v resni\u010dnem svetu? (Ne)realni podatki \u2013 realni u\u010dinki je program, katerega sta [&hellip;]\" \/>\n<meta property=\"og:url\" content=\"https:\/\/aksioma.org\/unrealdata\/sl\/\" \/>\n<meta property=\"og:site_name\" content=\"Tactics&amp;Practice #15: (Un)real data - Real Effects\" \/>\n<meta property=\"article:modified_time\" content=\"2024-06-27T14:25:13+00:00\" \/>\n<meta property=\"og:image\" content=\"https:\/\/aksioma.org\/unrealdata\/wp-content\/uploads\/2024\/02\/TP15-web.png\" \/>\n\t<meta property=\"og:image:width\" content=\"1200\" \/>\n\t<meta property=\"og:image:height\" content=\"630\" \/>\n\t<meta property=\"og:image:type\" content=\"image\/png\" \/>\n<meta name=\"twitter:card\" content=\"summary_large_image\" \/>\n<meta name=\"twitter:label1\" content=\"Est. reading time\" \/>\n\t<meta name=\"twitter:data1\" content=\"1 minute\" \/>\n<script type=\"application\/ld+json\" class=\"yoast-schema-graph\">{\"@context\":\"https:\/\/schema.org\",\"@graph\":[{\"@type\":\"WebPage\",\"@id\":\"https:\/\/aksioma.org\/unrealdata\/sl\/\",\"url\":\"https:\/\/aksioma.org\/unrealdata\/sl\/\",\"name\":\"Domov - Tactics&amp;Practice #15: (Un)real data - Real Effects\",\"isPartOf\":{\"@id\":\"https:\/\/aksioma.org\/unrealdata\/#website\"},\"primaryImageOfPage\":{\"@id\":\"https:\/\/aksioma.org\/unrealdata\/sl\/#primaryimage\"},\"image\":{\"@id\":\"https:\/\/aksioma.org\/unrealdata\/sl\/#primaryimage\"},\"thumbnailUrl\":\"https:\/\/aksioma.org\/unrealdata\/wp-content\/uploads\/2024\/02\/TP15-web.png\",\"datePublished\":\"2023-02-14T16:28:15+00:00\",\"dateModified\":\"2024-06-27T14:25:13+00:00\",\"breadcrumb\":{\"@id\":\"https:\/\/aksioma.org\/unrealdata\/sl\/#breadcrumb\"},\"inLanguage\":\"en-US\",\"potentialAction\":[{\"@type\":\"ReadAction\",\"target\":[\"https:\/\/aksioma.org\/unrealdata\/sl\/\"]}]},{\"@type\":\"ImageObject\",\"inLanguage\":\"en-US\",\"@id\":\"https:\/\/aksioma.org\/unrealdata\/sl\/#primaryimage\",\"url\":\"https:\/\/aksioma.org\/unrealdata\/wp-content\/uploads\/2024\/02\/TP15-web.png\",\"contentUrl\":\"https:\/\/aksioma.org\/unrealdata\/wp-content\/uploads\/2024\/02\/TP15-web.png\",\"width\":1200,\"height\":630},{\"@type\":\"BreadcrumbList\",\"@id\":\"https:\/\/aksioma.org\/unrealdata\/sl\/#breadcrumb\",\"itemListElement\":[{\"@type\":\"ListItem\",\"position\":1,\"name\":\"Home\",\"item\":\"https:\/\/aksioma.org\/unrealdata\/\"},{\"@type\":\"ListItem\",\"position\":2,\"name\":\"Domov\"}]},{\"@type\":\"WebSite\",\"@id\":\"https:\/\/aksioma.org\/unrealdata\/#website\",\"url\":\"https:\/\/aksioma.org\/unrealdata\/\",\"name\":\"Tactics&amp;Practice #15: (Un)real data - Real Effects\",\"description\":\"\",\"potentialAction\":[{\"@type\":\"SearchAction\",\"target\":{\"@type\":\"EntryPoint\",\"urlTemplate\":\"https:\/\/aksioma.org\/unrealdata\/?s={search_term_string}\"},\"query-input\":{\"@type\":\"PropertyValueSpecification\",\"valueRequired\":true,\"valueName\":\"search_term_string\"}}],\"inLanguage\":\"en-US\"}]}<\/script>\n<!-- \/ Yoast SEO plugin. -->","yoast_head_json":{"title":"Domov - Tactics&amp;Practice #15: (Un)real data - Real Effects","robots":{"index":"index","follow":"follow","max-snippet":"max-snippet:-1","max-image-preview":"max-image-preview:large","max-video-preview":"max-video-preview:-1"},"canonical":"https:\/\/aksioma.org\/unrealdata\/sl\/","og_locale":"en_US","og_type":"article","og_title":"Tactics&Practice #15: (Ne)realni podatki \u2013 realni u\u010dinki","og_description":"Petnajsta edicija serije Taktike&amp;praksa raziskuje, kako bi dvoumno naravo podatkov lahko uporabili kot orodje, s katerim bi vplivali na dogajanje v resni\u010dnem svetu. Kako namerno ustvarjanje podatkov lahko zagotovi delovalnost v podatkovno vodenih sistemih? Je z manipulacijo podatkov mogo\u010de povzro\u010diti to\u010dno dolo\u010dene posledice v resni\u010dnem svetu? (Ne)realni podatki \u2013 realni u\u010dinki je program, katerega sta [&hellip;]","og_url":"https:\/\/aksioma.org\/unrealdata\/sl\/","og_site_name":"Tactics&amp;Practice #15: (Un)real data - Real Effects","article_modified_time":"2024-06-27T14:25:13+00:00","og_image":[{"width":1200,"height":630,"url":"https:\/\/aksioma.org\/unrealdata\/wp-content\/uploads\/2024\/02\/TP15-web.png","type":"image\/png"}],"twitter_card":"summary_large_image","twitter_misc":{"Est. reading time":"1 minute"},"schema":{"@context":"https:\/\/schema.org","@graph":[{"@type":"WebPage","@id":"https:\/\/aksioma.org\/unrealdata\/sl\/","url":"https:\/\/aksioma.org\/unrealdata\/sl\/","name":"Domov - Tactics&amp;Practice #15: (Un)real data - Real Effects","isPartOf":{"@id":"https:\/\/aksioma.org\/unrealdata\/#website"},"primaryImageOfPage":{"@id":"https:\/\/aksioma.org\/unrealdata\/sl\/#primaryimage"},"image":{"@id":"https:\/\/aksioma.org\/unrealdata\/sl\/#primaryimage"},"thumbnailUrl":"https:\/\/aksioma.org\/unrealdata\/wp-content\/uploads\/2024\/02\/TP15-web.png","datePublished":"2023-02-14T16:28:15+00:00","dateModified":"2024-06-27T14:25:13+00:00","breadcrumb":{"@id":"https:\/\/aksioma.org\/unrealdata\/sl\/#breadcrumb"},"inLanguage":"en-US","potentialAction":[{"@type":"ReadAction","target":["https:\/\/aksioma.org\/unrealdata\/sl\/"]}]},{"@type":"ImageObject","inLanguage":"en-US","@id":"https:\/\/aksioma.org\/unrealdata\/sl\/#primaryimage","url":"https:\/\/aksioma.org\/unrealdata\/wp-content\/uploads\/2024\/02\/TP15-web.png","contentUrl":"https:\/\/aksioma.org\/unrealdata\/wp-content\/uploads\/2024\/02\/TP15-web.png","width":1200,"height":630},{"@type":"BreadcrumbList","@id":"https:\/\/aksioma.org\/unrealdata\/sl\/#breadcrumb","itemListElement":[{"@type":"ListItem","position":1,"name":"Home","item":"https:\/\/aksioma.org\/unrealdata\/"},{"@type":"ListItem","position":2,"name":"Domov"}]},{"@type":"WebSite","@id":"https:\/\/aksioma.org\/unrealdata\/#website","url":"https:\/\/aksioma.org\/unrealdata\/","name":"Tactics&amp;Practice #15: (Un)real data - Real Effects","description":"","potentialAction":[{"@type":"SearchAction","target":{"@type":"EntryPoint","urlTemplate":"https:\/\/aksioma.org\/unrealdata\/?s={search_term_string}"},"query-input":{"@type":"PropertyValueSpecification","valueRequired":true,"valueName":"search_term_string"}}],"inLanguage":"en-US"}]}},"lang":"sl","translations":{"sl":168,"en":2},"pll_sync_post":[],"_links":{"self":[{"href":"https:\/\/aksioma.org\/unrealdata\/wp-json\/wp\/v2\/pages\/168","targetHints":{"allow":["GET"]}}],"collection":[{"href":"https:\/\/aksioma.org\/unrealdata\/wp-json\/wp\/v2\/pages"}],"about":[{"href":"https:\/\/aksioma.org\/unrealdata\/wp-json\/wp\/v2\/types\/page"}],"author":[{"embeddable":true,"href":"https:\/\/aksioma.org\/unrealdata\/wp-json\/wp\/v2\/users\/1"}],"replies":[{"embeddable":true,"href":"https:\/\/aksioma.org\/unrealdata\/wp-json\/wp\/v2\/comments?post=168"}],"version-history":[{"count":0,"href":"https:\/\/aksioma.org\/unrealdata\/wp-json\/wp\/v2\/pages\/168\/revisions"}],"wp:featuredmedia":[{"embeddable":true,"href":"https:\/\/aksioma.org\/unrealdata\/wp-json\/wp\/v2\/media\/765"}],"wp:attachment":[{"href":"https:\/\/aksioma.org\/unrealdata\/wp-json\/wp\/v2\/media?parent=168"}],"curies":[{"name":"wp","href":"https:\/\/api.w.org\/{rel}","templated":true}]}}