{"id":189,"date":"2023-02-15T06:37:34","date_gmt":"2023-02-15T05:37:34","guid":{"rendered":"https:\/\/aksioma.org\/scale\/?page_id=189"},"modified":"2023-03-09T11:44:09","modified_gmt":"2023-03-09T10:44:09","slug":"o-programu","status":"publish","type":"page","link":"https:\/\/aksioma.org\/scale\/sl\/o-programu\/","title":{"rendered":"O programu"},"content":{"rendered":"\n<p>Kako razli\u010dna merila vplivajo na na\u0161o zmo\u017enost, da se spoprimemo s kompleksnostjo, motrimo svet in ga razumemo na na\u010din, da ohranimo lastno delovalnost v njem? Kako se lahko spoprimemo z realnostmi, ki obstajajo nad ali pod pragom na\u0161ih zmo\u017enosti, da bi jih videli in z njimi vzpostavili povezavo?<\/p>\n\n\n\n<p>\u0160tirinajsta edicija diskurzivnega kulturnega programa <em>Taktike&amp;praksa<\/em>, ki se v Ljubljani odvija vse od leta 2010 in se osredoto\u010da na sodobno raziskovalno umetnost, dru\u017ebo in nove tehnologije, predstavlja umetnike, teoretike in raziskovalce ter jih povezuje v kontinuirano raziskovanje koncepta <strong>merila<sup>1<\/sup> <\/strong>\u2013 od nano do globalne ravni in \u0161e dlje.<\/p>\n\n\n\n<p>Program sestavljajo artikulirane serije umetni\u0161kih, pogovornih in izobra\u017eevalnih dejavnosti, ki se bodo odvijale v Ljubljani od marca do maja 2023. Otvoritvena konferenca <strong><em>Druge razse\u017enosti: <\/em><\/strong><strong><em>vizije, politika in infrastrukturno nasilje na ve\u010d kot \u010dlove\u0161kem planetu<\/em><\/strong> bo potekala v Kinu \u0160i\u0161ka, dostopna pa bo tudi na spletu. Dogodku bodo sledili \u0161tirje sklopi dejavnosti, od katerih se bo vsak osredoto\u010dal na delo enega umetnika ter bo obsegal razstavo, predavanje in delavnico.<\/p>\n\n\n\n<p>Kaj imajo skupnega nanomateriali in letalska tehnologija, zvo\u010dno valovanje in komputacija globalnega obsega, opti\u010dni in\u017eeniring in elektroenergetska omre\u017eja, mikro\u010dipi in globalno segrevanje, molekula H<sub>2<\/sub>0 in podatkovne baze za strojno u\u010denje, va\u0161e doma\u010de rutine in globalne politike? Vsi ti pojavi obstajajo ali operirajo onkraj vidnega spektra, onkraj na\u0161e zmo\u017enosti, da bi jih videli in razvili membrano, ki bi omogo\u010dala medsebojno komunikacijo. Da bi se z njimi spoprijeli, pa moramo, kot v delu <em>Cosmic Zoom<\/em> (2021) naka\u017ee Zachary Horton, razviti zmo\u017enost razmi\u0161ljanja v merilih, ki so ve\u010dji ali manj\u0161i od \u010dlove\u0161kega. Zgolj odkrivanje na\u010dinov dostopanja do ne\u010dlove\u0161kih ravni \u2013 kot Alica v \u010dude\u017eni de\u017eeli \u2013 ne bo dovolj; moramo se nau\u010diti, kako razmi\u0161ljati <em>znotraj<\/em> njih, \u00bbkako vpeljati multiskalarno obliko razmi\u0161ljanja, ne da bi pri tem homogenizirali podrobnosti in razlike\u00ab.<\/p>\n\n\n\n<p>Otvoritvena konferenca k tem vpra\u0161anjem pristopa skozi predavanje akademika, urednika in pisatelja <strong>Anthonyja Downeyja<\/strong>, ki ga moderira pisateljica <strong>Mojca Kumerdej<\/strong>, govor strokovnjakinje na podro\u010djih znanosti o materialih in nanotehnologije <strong>Laure Tripaldi<\/strong>, ki se bo nato pogovarjala z novomedijsko umetnico <strong>\u0160pelo Petri\u010d<\/strong>, pripovedovalni performans spekulativnega arhitekta in filmskega ustvarjalca <strong>Liama Younga<\/strong> ter serijo predogledov umetni\u0161kih projektov, osredoto\u010denih na politiko videnja, vse od mikro do makro ravni, ki jih bodo predstavili avtorji <strong>Anna Engelhardt<\/strong>,<strong> Mark Cinkevich<\/strong>, <strong>Solveig Qu Suess<\/strong>, <strong>Nadim Choufi<\/strong> in <strong>Yu Hsin Su<\/strong>, dogodek pa bo moderiral kurator, predavatelj in raziskovalec <strong>Bani Brusadin<\/strong>.<\/p>\n\n\n\n<p>Tripaldi razi\u0161\u010de moderni test nose\u010dnosti kot primer naprave, ki skozi izrabljanje inteligence in delovalnosti nanomaterialov odpira tehnolo\u0161ki vmesnik med notranjostjo biolo\u0161kega telesa in politi\u010dno dimenzijo pospoljenega telesa. Downey prevpra\u0161uje splo\u0161no raz\u0161irjeno idejo, da umetna inteligenca podaja objektiven \u00bbpogled od nikoder\u00ab, ter slednjo predstavi kot sodoben re\u017eim zahodne oblasti, ki zagotavlja nadaljevanje zgodovinskih in tehnolo\u0161kih oblik kolonialnega nasilja, Liam Young pa obravnava podnebne spremembe kot ideolo\u0161ki problem, ki bi ga lahko izpodbijali z aktivnim prizadevanjem za dekolonizacijo ozra\u010dja ter gradnjo novih infrastrukturnih imaginarijev.<\/p>\n\n\n\n<p>V sklopu #1 bosta umetnika <strong>Anna Engelhardt<\/strong> in <strong>Mark Cinkevich<\/strong> svojo najnovej\u0161o enokanalno videoinstalacijo <em>Onset<\/em> predstavila v okviru samostojne razstave in delavnice, ki bosta raziskali korelacije med obstoje\u010dimi elektroenergetskimi omre\u017eji in voja\u0161kimi infrastrukturami, predvsem na primeru ruske invazije Ukrajine.<\/p>\n\n\n\n<p>Sklop #2, ki bo artikuliran kot razstava, predavanje in delavnica, bo osvetlil multidisciplinarne prakse arhitekta in oblikovalca <strong>Farzina Lotfi-Jama<\/strong>, ki raziskuje, kako globalne infrastrukture in mednarodni predpisi \u010dedalje bolj \u2013 in hkrati neopazno \u2013 oblikujejo na\u0161e najbolj intimne navade razmi\u0161ljanja in doma\u010de rutine.<\/p>\n\n\n\n<p>Podobno bo artikuliran sklop #3, v katerem bosta <strong>Nestor Sir\u00e9<\/strong> in <strong>Steffen K\u00f6hn<\/strong> predstavila svoje kolaborativno umetni\u0161ko raziskovanje, znotraj katerega zdru\u017eujeta etnografski pristop, znanstveno fantastiko in \u00bbrekombinatorne\u00ab oblike filma ter tako raziskujeta vlogo piratstva pri vzpostavljanju neformalnih omre\u017eij ter \u010dlove\u0161kih infrastruktur izmenjave in distribucije podatkov.<\/p>\n\n\n\n<p>Sklop #4 pa bo posve\u010den \u010dilski umetnici <strong>Nicole L\u2019Huillier<\/strong> oziroma njenemu raziskovanju zvokov, vibracij, resonanc in poetike nerazumljivosti zvoka ter zanimanju za performativnosti vseh materialnih realnosti. Predstavil bo njeno najnovej\u0161o interaktivno instalacijo <em>La Orejona Records<\/em> ter politiko prejemanja in predvajanja zastavil kot na\u010din pripadnosti.<\/p>\n\n\n\n<p>Ta edicija <em>Taktik&amp;prakse<\/em> je organizirana v sodelovanju z razli\u010dnimi javnimi in zasebnimi kulturnimi ustanovami in prizori\u0161\u010di v Ljubljani ter v programskem smislu predstavlja nadaljevanje festivala transmediale 2023. Idejno zasnovo je neodvisno razvila ekipa Aksiome v sodelovanju z <strong>Noro O Murch\u00fa<\/strong>, umetni\u0161ko direktorico festivala transmediale.Konferenca in vse delavnice so organizirane v okviru projekta <em>konS \u2261 Platforma za sodobno raziskovalno umetnost<\/em>, ki je bil izbran na javnem razpisu za izbor operacij \u201cMre\u017ea centrov raziskovalnih umetnosti in kulture\u201d in ga sofinancirata Republika Slovenija in Evropska unija iz Evropskega sklada za regionalni razvoj, ter predstavljajo del dogodka <em>konSekvence \u2013 fragmenti mo\u017enega ekosistema<\/em>.<\/p>\n\n\n\n<hr class=\"wp-block-separator has-text-color has-black-color has-alpha-channel-opacity has-black-background-color has-background is-style-wide\"\/>\n\n\n\n<p><sup>1<\/sup> \u00bbScale\u00ab, kot se naslov 14. edicije <em>Taktike&amp;praksa<\/em> glasi v angle\u0161\u010dini, ima \u0161irok pomenski razpon in konceptualno zaobjema tudi to, na kar se drugod navezujemo z izrazi \u00bbrazse\u017enost\u00ab, \u00bbobseg\u00ab in \u00bbraven\u00ab.<\/p>\n","protected":false},"excerpt":{"rendered":"<p>Kako razli\u010dna merila vplivajo na na\u0161o zmo\u017enost, da se spoprimemo s kompleksnostjo, motrimo svet in ga razumemo na na\u010din, da ohranimo lastno delovalnost v njem? Kako se lahko spoprimemo z realnostmi, ki obstajajo nad ali pod pragom na\u0161ih zmo\u017enosti, da bi jih videli in z njimi vzpostavili povezavo? \u0160tirinajsta edicija diskurzivnega kulturnega programa Taktike&amp;praksa, ki [&hellip;]<\/p>\n","protected":false},"author":2,"featured_media":0,"parent":0,"menu_order":10,"comment_status":"closed","ping_status":"closed","template":"","meta":{"_acf_changed":false,"footnotes":""},"class_list":["post-189","page","type-page","status-publish","hentry"],"acf":[],"yoast_head":"<!-- This site is optimized with the Yoast SEO plugin v27.2 - https:\/\/yoast.com\/product\/yoast-seo-wordpress\/ -->\n<title>O programu - Tactics&amp;Practice #14: Scale<\/title>\n<meta name=\"robots\" content=\"index, follow, max-snippet:-1, max-image-preview:large, max-video-preview:-1\" \/>\n<link rel=\"canonical\" href=\"https:\/\/aksioma.org\/scale\/sl\/o-programu\/\" \/>\n<meta property=\"og:locale\" content=\"en_US\" \/>\n<meta property=\"og:type\" content=\"article\" \/>\n<meta property=\"og:title\" content=\"O programu - Tactics&amp;Practice #14: Scale\" \/>\n<meta property=\"og:description\" content=\"Kako razli\u010dna merila vplivajo na na\u0161o zmo\u017enost, da se spoprimemo s kompleksnostjo, motrimo svet in ga razumemo na na\u010din, da ohranimo lastno delovalnost v njem? Kako se lahko spoprimemo z realnostmi, ki obstajajo nad ali pod pragom na\u0161ih zmo\u017enosti, da bi jih videli in z njimi vzpostavili povezavo? \u0160tirinajsta edicija diskurzivnega kulturnega programa Taktike&amp;praksa, ki [&hellip;]\" \/>\n<meta property=\"og:url\" content=\"https:\/\/aksioma.org\/scale\/sl\/o-programu\/\" \/>\n<meta property=\"og:site_name\" content=\"Tactics&amp;Practice #14: Scale\" \/>\n<meta property=\"article:modified_time\" content=\"2023-03-09T10:44:09+00:00\" \/>\n<meta name=\"twitter:card\" content=\"summary_large_image\" \/>\n<meta name=\"twitter:label1\" content=\"Est. reading time\" \/>\n\t<meta name=\"twitter:data1\" content=\"4 minutes\" \/>\n<script type=\"application\/ld+json\" class=\"yoast-schema-graph\">{\"@context\":\"https:\/\/schema.org\",\"@graph\":[{\"@type\":\"WebPage\",\"@id\":\"https:\/\/aksioma.org\/scale\/sl\/o-programu\/\",\"url\":\"https:\/\/aksioma.org\/scale\/sl\/o-programu\/\",\"name\":\"O programu - Tactics&amp;Practice #14: Scale\",\"isPartOf\":{\"@id\":\"https:\/\/aksioma.org\/scale\/#website\"},\"datePublished\":\"2023-02-15T05:37:34+00:00\",\"dateModified\":\"2023-03-09T10:44:09+00:00\",\"breadcrumb\":{\"@id\":\"https:\/\/aksioma.org\/scale\/sl\/o-programu\/#breadcrumb\"},\"inLanguage\":\"en-US\",\"potentialAction\":[{\"@type\":\"ReadAction\",\"target\":[\"https:\/\/aksioma.org\/scale\/sl\/o-programu\/\"]}]},{\"@type\":\"BreadcrumbList\",\"@id\":\"https:\/\/aksioma.org\/scale\/sl\/o-programu\/#breadcrumb\",\"itemListElement\":[{\"@type\":\"ListItem\",\"position\":1,\"name\":\"Home\",\"item\":\"https:\/\/aksioma.org\/scale\/\"},{\"@type\":\"ListItem\",\"position\":2,\"name\":\"O programu\"}]},{\"@type\":\"WebSite\",\"@id\":\"https:\/\/aksioma.org\/scale\/#website\",\"url\":\"https:\/\/aksioma.org\/scale\/\",\"name\":\"Tactics&amp;Practice #14: Scale\",\"description\":\"\",\"potentialAction\":[{\"@type\":\"SearchAction\",\"target\":{\"@type\":\"EntryPoint\",\"urlTemplate\":\"https:\/\/aksioma.org\/scale\/?s={search_term_string}\"},\"query-input\":{\"@type\":\"PropertyValueSpecification\",\"valueRequired\":true,\"valueName\":\"search_term_string\"}}],\"inLanguage\":\"en-US\"}]}<\/script>\n<!-- \/ Yoast SEO plugin. -->","yoast_head_json":{"title":"O programu - Tactics&amp;Practice #14: Scale","robots":{"index":"index","follow":"follow","max-snippet":"max-snippet:-1","max-image-preview":"max-image-preview:large","max-video-preview":"max-video-preview:-1"},"canonical":"https:\/\/aksioma.org\/scale\/sl\/o-programu\/","og_locale":"en_US","og_type":"article","og_title":"O programu - Tactics&amp;Practice #14: Scale","og_description":"Kako razli\u010dna merila vplivajo na na\u0161o zmo\u017enost, da se spoprimemo s kompleksnostjo, motrimo svet in ga razumemo na na\u010din, da ohranimo lastno delovalnost v njem? Kako se lahko spoprimemo z realnostmi, ki obstajajo nad ali pod pragom na\u0161ih zmo\u017enosti, da bi jih videli in z njimi vzpostavili povezavo? \u0160tirinajsta edicija diskurzivnega kulturnega programa Taktike&amp;praksa, ki [&hellip;]","og_url":"https:\/\/aksioma.org\/scale\/sl\/o-programu\/","og_site_name":"Tactics&amp;Practice #14: Scale","article_modified_time":"2023-03-09T10:44:09+00:00","twitter_card":"summary_large_image","twitter_misc":{"Est. reading time":"4 minutes"},"schema":{"@context":"https:\/\/schema.org","@graph":[{"@type":"WebPage","@id":"https:\/\/aksioma.org\/scale\/sl\/o-programu\/","url":"https:\/\/aksioma.org\/scale\/sl\/o-programu\/","name":"O programu - Tactics&amp;Practice #14: Scale","isPartOf":{"@id":"https:\/\/aksioma.org\/scale\/#website"},"datePublished":"2023-02-15T05:37:34+00:00","dateModified":"2023-03-09T10:44:09+00:00","breadcrumb":{"@id":"https:\/\/aksioma.org\/scale\/sl\/o-programu\/#breadcrumb"},"inLanguage":"en-US","potentialAction":[{"@type":"ReadAction","target":["https:\/\/aksioma.org\/scale\/sl\/o-programu\/"]}]},{"@type":"BreadcrumbList","@id":"https:\/\/aksioma.org\/scale\/sl\/o-programu\/#breadcrumb","itemListElement":[{"@type":"ListItem","position":1,"name":"Home","item":"https:\/\/aksioma.org\/scale\/"},{"@type":"ListItem","position":2,"name":"O programu"}]},{"@type":"WebSite","@id":"https:\/\/aksioma.org\/scale\/#website","url":"https:\/\/aksioma.org\/scale\/","name":"Tactics&amp;Practice #14: Scale","description":"","potentialAction":[{"@type":"SearchAction","target":{"@type":"EntryPoint","urlTemplate":"https:\/\/aksioma.org\/scale\/?s={search_term_string}"},"query-input":{"@type":"PropertyValueSpecification","valueRequired":true,"valueName":"search_term_string"}}],"inLanguage":"en-US"}]}},"lang":"sl","translations":{"sl":189,"en":5},"pll_sync_post":[],"_links":{"self":[{"href":"https:\/\/aksioma.org\/scale\/wp-json\/wp\/v2\/pages\/189","targetHints":{"allow":["GET"]}}],"collection":[{"href":"https:\/\/aksioma.org\/scale\/wp-json\/wp\/v2\/pages"}],"about":[{"href":"https:\/\/aksioma.org\/scale\/wp-json\/wp\/v2\/types\/page"}],"author":[{"embeddable":true,"href":"https:\/\/aksioma.org\/scale\/wp-json\/wp\/v2\/users\/2"}],"replies":[{"embeddable":true,"href":"https:\/\/aksioma.org\/scale\/wp-json\/wp\/v2\/comments?post=189"}],"version-history":[{"count":0,"href":"https:\/\/aksioma.org\/scale\/wp-json\/wp\/v2\/pages\/189\/revisions"}],"wp:attachment":[{"href":"https:\/\/aksioma.org\/scale\/wp-json\/wp\/v2\/media?parent=189"}],"curies":[{"name":"wp","href":"https:\/\/api.w.org\/{rel}","templated":true}]}}