{"id":833,"date":"2020-05-04T12:03:39","date_gmt":"2020-05-04T10:03:39","guid":{"rendered":"https:\/\/aksioma.org\/moneylab\/?page_id=833"},"modified":"2020-05-04T15:17:34","modified_gmt":"2020-05-04T13:17:34","slug":"koncept","status":"publish","type":"page","link":"https:\/\/aksioma.org\/moneylab8\/sl\/koncept\/","title":{"rendered":"Koncept"},"content":{"rendered":"\n<p style=\"font-size:28px\"><strong>Kriti\u010dni misleci, umetniki, raziskovalci, aktivisti in geeki v iskanju drugih ekonomij in finan\u010dnih diskurzov za pravi\u010dno dru\u017ebo.<\/strong>  <\/p>\n\n\n\n<p style=\"font-size:22px\">Smo v mra\u010dnih \u010dasih za ekonomijo, ko <em>offshore <\/em>finance uni\u010dujejo samo tkivo mest in skupnosti, kripto podjetja pa po svetu i\u0161\u010dejo lastne dav\u010dne oaze. Iz informacij, ki curljajo iz finan\u010dnih paradi\u017eev, je jasno razvidno, da se bodo bogati, vplivni in dobro povezani vedno izognili obdav\u010ditvi. To so isti ljudje, ki kraje, kot sta Malta in Bahami, spreminjajo v obmo\u010dja luksuznih stanovanj, medtem ko dobro dokumentirane nizozemske fiskalne luknje zaradi izgubljenih davkov svet stanejo okoli 22 milijard evrov letno. Korporacije, kot je Shell, mamijo vlade z ostanki svojih nepo\u0161teno pridobljenih dohodkov v zameno za zakonito prebivali\u0161\u010de v anonimnih po\u0161tnih nabiralnikih. Globalno poslovanje in kripto \u0161pekulacija sta nacionalne predpise degradirala na tekmovalno logiko mednarodnega dav\u010dnega trga, lokalne ekonomije in skupnosti pa si ob privatizaciji in mno\u017ei\u010dni prekarizaciji v ekonomiji na poziv s te\u017eavo prizadevajo za svoj obstanek. <\/p>\n\n\n\n<p style=\"font-size:22px\">Po tednih korona krize je \u0161e prezgodaj re\u010di, kateri vidiki globalnega finan\u010dnega sistema so kon\u010dali na smeti\u0161\u010du zgodovine. Klju\u010dne nacionalne dr\u017eave zdaj preu\u010dujejo digitalne valute kot mo\u017eno orodje za postpandemsko stimulacijo (ali var\u010devanje). Kako so prej\u0161nji predlogi za univerzalni temeljni dohodek povezani z nenadnim pojavom helikopterskega denarja v nekaterih dr\u017eavah? Ali so keynesijanski monetarni predlogi za podporo zahodnih gospodarstev znak konca neoliberalne hegemonije? Je prepoved gotovine med korona krizo znak prihoda brezgotovinske dru\u017ebe? <\/p>\n\n\n\n<p style=\"font-size:22px\">To je res \u010drn scenarij, a mogo\u010de vse le ni izgubljeno. Ekonomija ni \u2013 in nikoli ni bila \u2013 le v rokah brezobli\u010dnih korporacij in \u0161pekulantov s kriptovalutami. <em><a href=\"https:\/\/networkcultures.org\/moneylab\/\"><strong>MoneyLab<\/strong> <\/a><\/em>raziskuje imaginarije umetnikov, raziskovalcev, aktivistov in navdu\u0161encev, ki i\u0161\u010dejo druge mo\u017ene ekonomije, in urgentno prevpra\u0161uje druga\u010den finan\u010dni diskurz. Spra\u0161uje se: ali lahko tehnologijo kriti\u010dno uporabimo za podporo alternativnih vrednot sodelovanja in ustvarjanja skupnega v svetu, ki mu vladata individualizem in tekmovanje? <\/p>\n\n\n\n<p style=\"font-size:22px\"><strong><em>MoneyLab #8,<\/em><\/strong> prvi v postsocialisti\u010dni dr\u017eavi in sploh prvi v virtualni izdaji, vklju\u010duje primere, ki so dale\u010d od \u017earometov mainstreamovskih medijev. Osredoto\u010da se na u\u010dinke <em>offshore <\/em>financ in raziskuje eksperimente na podro\u010djih stanovanj, skrbstvenega dela in tehnologije veri\u017eenja blokov. Na obrobju se dogaja nekaj zanimivega: veriga blokov ni ve\u010d le \u0161e eno orodje obsesij kapitalisti\u010dne rasti, ljudje pa udejanjajo radikalne vizije pravi\u010dno pla\u010danega skrbstvenega dela, prerazdeljenega bogastva, pravi\u010dnih dru\u017ebenih razmerij in mo\u010dnih ljudskih skupnosti. Lahko v na\u0161em svetu izginjajo\u010de gotovine, multinacionalk, ki delujejo po bli\u017enjicah, in oslabljenih struktur socialne podpore skupnostne valute ali samoorganizirane skrbstvene mre\u017ee okrepijo soseske? Kak\u0161na bi bila pravi\u010dna in socialna stanovanja, \u010de bi jih spremenili v temeljni kamen ekonomije? Kdo gradi lokalne sisteme, ki se lahko postavijo po robu financializaciji stanovanj v globalni platformni ekonomiji? <em>MoneyLab #8<\/em> osvetli radikalne in alternativne strategije samoorganizacije in se poda proti novim in kolektivnim prihodnostim, ki se nahajajo v odpornih lokalnih skupnostih.  <\/p>\n\n\n\n<p><\/p>\n\n\n\n<p><\/p>\n\n\n\n<p style=\"font-size:18px\"><em>Serija pogovorov bo potekala v angle\u0161\u010dini.<br>Udele\u017eba je brezpla\u010dna, registracije ni.  <\/em><\/p>\n","protected":false},"excerpt":{"rendered":"<p>Kriti\u010dni misleci, umetniki, raziskovalci, aktivisti in geeki v iskanju drugih ekonomij in finan\u010dnih diskurzov za pravi\u010dno dru\u017ebo. Smo v mra\u010dnih \u010dasih za ekonomijo, ko offshore finance uni\u010dujejo samo tkivo mest in skupnosti, kripto podjetja pa po svetu i\u0161\u010dejo lastne dav\u010dne oaze. Iz informacij, ki curljajo iz finan\u010dnih paradi\u017eev, je jasno razvidno, da se bodo bogati,&#8230; <\/p>\n<div class=\"clear\"><\/div>\n<p><a href=\"https:\/\/aksioma.org\/moneylab8\/sl\/koncept\/\" class=\"gdlr-info-font excerpt-read-more\">Read More<\/a><\/p>\n","protected":false},"author":2,"featured_media":0,"parent":0,"menu_order":0,"comment_status":"closed","ping_status":"closed","template":"","meta":{"footnotes":""},"class_list":["post-833","page","type-page","status-publish","hentry"],"yoast_head":"<!-- This site is optimized with the Yoast SEO plugin v27.2 - https:\/\/yoast.com\/product\/yoast-seo-wordpress\/ -->\n<title>Koncept - MoneyLab#8<\/title>\n<meta name=\"robots\" content=\"index, follow, max-snippet:-1, max-image-preview:large, max-video-preview:-1\" \/>\n<link rel=\"canonical\" href=\"https:\/\/aksioma.org\/moneylab8\/sl\/koncept\/\" \/>\n<meta property=\"og:locale\" content=\"en_GB\" \/>\n<meta property=\"og:type\" content=\"article\" \/>\n<meta property=\"og:title\" content=\"Koncept - MoneyLab#8\" \/>\n<meta property=\"og:description\" content=\"Kriti\u010dni misleci, umetniki, raziskovalci, aktivisti in geeki v iskanju drugih ekonomij in finan\u010dnih diskurzov za pravi\u010dno dru\u017ebo. Smo v mra\u010dnih \u010dasih za ekonomijo, ko offshore finance uni\u010dujejo samo tkivo mest in skupnosti, kripto podjetja pa po svetu i\u0161\u010dejo lastne dav\u010dne oaze. Iz informacij, ki curljajo iz finan\u010dnih paradi\u017eev, je jasno razvidno, da se bodo bogati,... Read More\" \/>\n<meta property=\"og:url\" content=\"https:\/\/aksioma.org\/moneylab8\/sl\/koncept\/\" \/>\n<meta property=\"og:site_name\" content=\"MoneyLab#8\" \/>\n<meta property=\"article:modified_time\" content=\"2020-05-04T13:17:34+00:00\" \/>\n<meta name=\"twitter:card\" content=\"summary_large_image\" \/>\n<meta name=\"twitter:label1\" content=\"Estimated reading time\" \/>\n\t<meta name=\"twitter:data1\" content=\"3 minutes\" \/>\n<script type=\"application\/ld+json\" class=\"yoast-schema-graph\">{\"@context\":\"https:\/\/schema.org\",\"@graph\":[{\"@type\":\"WebPage\",\"@id\":\"https:\/\/aksioma.org\/moneylab8\/sl\/koncept\/\",\"url\":\"https:\/\/aksioma.org\/moneylab8\/sl\/koncept\/\",\"name\":\"Koncept - MoneyLab#8\",\"isPartOf\":{\"@id\":\"https:\/\/aksioma.org\/moneylab8\/#website\"},\"datePublished\":\"2020-05-04T10:03:39+00:00\",\"dateModified\":\"2020-05-04T13:17:34+00:00\",\"breadcrumb\":{\"@id\":\"https:\/\/aksioma.org\/moneylab8\/sl\/koncept\/#breadcrumb\"},\"inLanguage\":\"en-GB\",\"potentialAction\":[{\"@type\":\"ReadAction\",\"target\":[\"https:\/\/aksioma.org\/moneylab8\/sl\/koncept\/\"]}]},{\"@type\":\"BreadcrumbList\",\"@id\":\"https:\/\/aksioma.org\/moneylab8\/sl\/koncept\/#breadcrumb\",\"itemListElement\":[{\"@type\":\"ListItem\",\"position\":1,\"name\":\"Home\",\"item\":\"https:\/\/aksioma.org\/moneylab8\/\"},{\"@type\":\"ListItem\",\"position\":2,\"name\":\"Koncept\"}]},{\"@type\":\"WebSite\",\"@id\":\"https:\/\/aksioma.org\/moneylab8\/#website\",\"url\":\"https:\/\/aksioma.org\/moneylab8\/\",\"name\":\"MoneyLab#8\",\"description\":\"Konferenca\",\"potentialAction\":[{\"@type\":\"SearchAction\",\"target\":{\"@type\":\"EntryPoint\",\"urlTemplate\":\"https:\/\/aksioma.org\/moneylab8\/?s={search_term_string}\"},\"query-input\":{\"@type\":\"PropertyValueSpecification\",\"valueRequired\":true,\"valueName\":\"search_term_string\"}}],\"inLanguage\":\"en-GB\"}]}<\/script>\n<!-- \/ Yoast SEO plugin. -->","yoast_head_json":{"title":"Koncept - MoneyLab#8","robots":{"index":"index","follow":"follow","max-snippet":"max-snippet:-1","max-image-preview":"max-image-preview:large","max-video-preview":"max-video-preview:-1"},"canonical":"https:\/\/aksioma.org\/moneylab8\/sl\/koncept\/","og_locale":"en_GB","og_type":"article","og_title":"Koncept - MoneyLab#8","og_description":"Kriti\u010dni misleci, umetniki, raziskovalci, aktivisti in geeki v iskanju drugih ekonomij in finan\u010dnih diskurzov za pravi\u010dno dru\u017ebo. Smo v mra\u010dnih \u010dasih za ekonomijo, ko offshore finance uni\u010dujejo samo tkivo mest in skupnosti, kripto podjetja pa po svetu i\u0161\u010dejo lastne dav\u010dne oaze. Iz informacij, ki curljajo iz finan\u010dnih paradi\u017eev, je jasno razvidno, da se bodo bogati,... Read More","og_url":"https:\/\/aksioma.org\/moneylab8\/sl\/koncept\/","og_site_name":"MoneyLab#8","article_modified_time":"2020-05-04T13:17:34+00:00","twitter_card":"summary_large_image","twitter_misc":{"Estimated reading time":"3 minutes"},"schema":{"@context":"https:\/\/schema.org","@graph":[{"@type":"WebPage","@id":"https:\/\/aksioma.org\/moneylab8\/sl\/koncept\/","url":"https:\/\/aksioma.org\/moneylab8\/sl\/koncept\/","name":"Koncept - MoneyLab#8","isPartOf":{"@id":"https:\/\/aksioma.org\/moneylab8\/#website"},"datePublished":"2020-05-04T10:03:39+00:00","dateModified":"2020-05-04T13:17:34+00:00","breadcrumb":{"@id":"https:\/\/aksioma.org\/moneylab8\/sl\/koncept\/#breadcrumb"},"inLanguage":"en-GB","potentialAction":[{"@type":"ReadAction","target":["https:\/\/aksioma.org\/moneylab8\/sl\/koncept\/"]}]},{"@type":"BreadcrumbList","@id":"https:\/\/aksioma.org\/moneylab8\/sl\/koncept\/#breadcrumb","itemListElement":[{"@type":"ListItem","position":1,"name":"Home","item":"https:\/\/aksioma.org\/moneylab8\/"},{"@type":"ListItem","position":2,"name":"Koncept"}]},{"@type":"WebSite","@id":"https:\/\/aksioma.org\/moneylab8\/#website","url":"https:\/\/aksioma.org\/moneylab8\/","name":"MoneyLab#8","description":"Konferenca","potentialAction":[{"@type":"SearchAction","target":{"@type":"EntryPoint","urlTemplate":"https:\/\/aksioma.org\/moneylab8\/?s={search_term_string}"},"query-input":{"@type":"PropertyValueSpecification","valueRequired":true,"valueName":"search_term_string"}}],"inLanguage":"en-GB"}]}},"_links":{"self":[{"href":"https:\/\/aksioma.org\/moneylab8\/wp-json\/wp\/v2\/pages\/833","targetHints":{"allow":["GET"]}}],"collection":[{"href":"https:\/\/aksioma.org\/moneylab8\/wp-json\/wp\/v2\/pages"}],"about":[{"href":"https:\/\/aksioma.org\/moneylab8\/wp-json\/wp\/v2\/types\/page"}],"author":[{"embeddable":true,"href":"https:\/\/aksioma.org\/moneylab8\/wp-json\/wp\/v2\/users\/2"}],"replies":[{"embeddable":true,"href":"https:\/\/aksioma.org\/moneylab8\/wp-json\/wp\/v2\/comments?post=833"}],"version-history":[{"count":6,"href":"https:\/\/aksioma.org\/moneylab8\/wp-json\/wp\/v2\/pages\/833\/revisions"}],"predecessor-version":[{"id":887,"href":"https:\/\/aksioma.org\/moneylab8\/wp-json\/wp\/v2\/pages\/833\/revisions\/887"}],"wp:attachment":[{"href":"https:\/\/aksioma.org\/moneylab8\/wp-json\/wp\/v2\/media?parent=833"}],"curies":[{"name":"wp","href":"https:\/\/api.w.org\/{rel}","templated":true}]}}