{"id":151,"date":"2020-02-17T22:59:22","date_gmt":"2020-02-17T21:59:22","guid":{"rendered":"https:\/\/moneylab8.aksioma.org\/?page_id=151"},"modified":"2020-06-26T13:54:28","modified_gmt":"2020-06-26T11:54:28","slug":"credits","status":"publish","type":"page","link":"https:\/\/aksioma.org\/moneylab8\/credits\/","title":{"rendered":"Credits"},"content":{"rendered":"\n<p><strong>MoneyLab #8<br><em>Minting a Fair Society<\/em><\/strong><em><br><\/em>Ljubljana, May 11 \u2013 June 29, 2020<br> <strong><br>Organised and produced by:<br><\/strong>Aksioma \u2013 Institute for Contemporary Art, Ljubljana, 2020<\/p>\n\n\n\n<figure class=\"wp-block-image size-large\"><a href=\"https:\/\/aksioma.org\/\" target=\"_blank\" rel=\"noreferrer noopener\"><img loading=\"lazy\" decoding=\"async\" width=\"192\" height=\"82\" src=\"https:\/\/aksioma.org\/moneylab8\/wp-content\/uploads\/2020\/05\/logo_aksioma_resized-1.png\" alt=\"\" class=\"wp-image-973\"\/><\/a><\/figure>\n\n\n\n<p>Curator: Janez Jan\u0161a<br>Head of production: Marcela Okreti\u010d<br>Executive producer: Sonja Grdina<br>Curator assistant: Jana Ren\u00e9e Wilcoxen<br>Community relations director: Nika Mahni\u010d<br>Program advisers: Vuk \u0106osi\u0107, Inte Gloerich, Geert Lovink, Domen Savi\u0107<br>Tehnicians: Valter Udovi\u010di\u0107, Matej Marin\u010dek<br>Coordination at Kino \u0160i\u0161ka: Anja Zver<br>Webcast operator: Jan Marin<br>Web developer: Jaka \u017deleznikar<br>Visual identity: Federico Antonini, Alessio D&#8217;Ellena (<a rel=\"noreferrer noopener\" href=\"http:\/\/www.superness.info\/\" target=\"_blank\">superness.info<\/a>)  <br>Animated graphics: Domen Dimovski<strong> <br><br>For the series:<br><\/strong><em>Tactics &amp; Practice<\/em><\/p>\n\n\n\n<figure class=\"wp-block-image size-large\"><a href=\"https:\/\/aksioma.org\/tactics.practice\/\" target=\"_blank\" rel=\"noreferrer noopener\"><img loading=\"lazy\" decoding=\"async\" width=\"151\" height=\"48\" src=\"https:\/\/aksioma.org\/moneylab8\/wp-content\/uploads\/2020\/05\/logo_t-p_ENG_resized.png\" alt=\"\" class=\"wp-image-974\"\/><\/a><\/figure>\n\n\n\n<p><strong>In the frame of:<br><\/strong>kon<em>S<\/em> -Platform for Contemporary Investigative Art<\/p>\n\n\n\n<figure class=\"wp-block-image size-large\"><a href=\"https:\/\/kons-platforma.org\/\" target=\"_blank\" rel=\"noreferrer noopener\"><img loading=\"lazy\" decoding=\"async\" width=\"150\" height=\"31\" src=\"https:\/\/aksioma.org\/moneylab8\/wp-content\/uploads\/2020\/05\/logo_konS_resized-1.png\" alt=\"\" class=\"wp-image-975\"\/><\/a><\/figure>\n\n\n\n<p><strong>In collaboration with:<br><\/strong>Kino \u0160i\u0161ka &#8211; Centre for Urban Culture<br>Institute of Network Cultures \/  Amsterdam University of Applied Sciences <\/p>\n\n\n\n<figure class=\"wp-block-image size-large\"><a href=\"https:\/\/www.kinosiska.si\/en\/\" target=\"_blank\" rel=\"noreferrer noopener\"><img loading=\"lazy\" decoding=\"async\" width=\"135\" height=\"44\" src=\"https:\/\/aksioma.org\/moneylab8\/wp-content\/uploads\/2020\/05\/logo_k\u0161__resized-1.png\" alt=\"\" class=\"wp-image-976\"\/><\/a><\/figure>\n\n\n\n<figure class=\"wp-block-image size-large\"><a href=\"https:\/\/networkcultures.org\/\" target=\"_blank\" rel=\"noreferrer noopener\"><img loading=\"lazy\" decoding=\"async\" width=\"250\" height=\"62\" src=\"https:\/\/aksioma.org\/moneylab8\/wp-content\/uploads\/2020\/05\/logo_INC_resized-1.png\" alt=\"\" class=\"wp-image-977\"\/><\/a><\/figure>\n\n\n\n<p><strong>In partnership with:<\/strong> <br>Rijeka ECoC 2020<br>Interface Cultures Department \/ Kunstuniversit\u00e4t Linz <\/p>\n\n\n\n<figure class=\"wp-block-image size-large\"><a href=\"https:\/\/rijeka2020.eu\/en\/\" target=\"_blank\" rel=\"noreferrer noopener\"><img loading=\"lazy\" decoding=\"async\" width=\"291\" height=\"77\" src=\"https:\/\/aksioma.org\/moneylab8\/wp-content\/uploads\/2020\/05\/logo_ECoC_resized-1.png\" alt=\"\" class=\"wp-image-978\"\/><\/a><\/figure>\n\n\n\n<figure class=\"wp-block-image size-large\"><a href=\"https:\/\/www.ufg.at\/Master-Programme.1594+M52087573ab0.0.html\" target=\"_blank\" rel=\"noreferrer noopener\"><img loading=\"lazy\" decoding=\"async\" width=\"320\" height=\"58\" src=\"https:\/\/aksioma.org\/moneylab8\/wp-content\/uploads\/2020\/05\/logo_Interface-Cultures_resized-1.png\" alt=\"\" class=\"wp-image-979\" srcset=\"https:\/\/aksioma.org\/moneylab8\/wp-content\/uploads\/2020\/05\/logo_Interface-Cultures_resized-1.png 320w, https:\/\/aksioma.org\/moneylab8\/wp-content\/uploads\/2020\/05\/logo_Interface-Cultures_resized-1-300x54.png 300w\" sizes=\"auto, (max-width: 320px) 100vw, 320px\" \/><\/a><\/figure>\n\n\n\n<p><strong>Supported by:<\/strong><br>The project kon<em>S<\/em> &#8211; Platform for Contemporary Investigative Art was chosen on the public call for the selection of the operations \u201cNetwork of Investigative Art and Culture Centres\u201d. The investment is co-financed by the Republic of Slovenia and by the European Regional Development Fund of the European Union.<\/p>\n\n\n\n<figure class=\"wp-block-image size-large\"><a href=\"https:\/\/ec.europa.eu\/regional_policy\/en\/funding\/erdf\/\" target=\"_blank\" rel=\"noreferrer noopener\"><img loading=\"lazy\" decoding=\"async\" width=\"289\" height=\"117\" src=\"https:\/\/aksioma.org\/moneylab8\/wp-content\/uploads\/2020\/05\/logo_EU_ENG_resized.png\" alt=\"\" class=\"wp-image-980\"\/><\/a><\/figure>\n\n\n\n<figure class=\"wp-block-image size-large\"><a href=\"https:\/\/www.gov.si\/en\/state-authorities\/ministries\/ministry-of-culture\/\" target=\"_blank\" rel=\"noreferrer noopener\"><img loading=\"lazy\" decoding=\"async\" width=\"311\" height=\"50\" src=\"https:\/\/aksioma.org\/moneylab8\/wp-content\/uploads\/2020\/05\/logo_MZK_ENG_resized.png\" alt=\"\" class=\"wp-image-981\" srcset=\"https:\/\/aksioma.org\/moneylab8\/wp-content\/uploads\/2020\/05\/logo_MZK_ENG_resized.png 311w, https:\/\/aksioma.org\/moneylab8\/wp-content\/uploads\/2020\/05\/logo_MZK_ENG_resized-300x48.png 300w\" sizes=\"auto, (max-width: 311px) 100vw, 311px\" \/><\/a><\/figure>\n\n\n\n<p><strong>Media partners:<\/strong><br><a rel=\"noreferrer noopener\" aria-label=\"Neural magazine (opens in a new tab)\" href=\"http:\/\/neural.it\/\" target=\"_blank\">Neural magazine<\/a>, DPG, <a rel=\"noreferrer noopener\" aria-label=\" (opens in a new tab)\" href=\"https:\/\/we-make-money-not-art.com\/\" target=\"_blank\">We Make Money Not Art<\/a>, TAM-TAM, <a href=\"https:\/\/radiostudent.si\/\">Radio \u0160tudent<\/a><\/p>\n","protected":false},"excerpt":{"rendered":"<p>MoneyLab #8Minting a Fair SocietyLjubljana, May 11 \u2013 June 29, 2020 Organised and produced by:Aksioma \u2013 Institute for Contemporary Art, Ljubljana, 2020 Curator: Janez Jan\u0161aHead of production: Marcela Okreti\u010dExecutive producer: Sonja GrdinaCurator assistant: Jana Ren\u00e9e WilcoxenCommunity relations director: Nika Mahni\u010dProgram advisers: Vuk \u0106osi\u0107, Inte Gloerich, Geert Lovink, Domen Savi\u0107Tehnicians: Valter Udovi\u010di\u0107, Matej Marin\u010dekCoordination at Kino&#8230; <\/p>\n<div class=\"clear\"><\/div>\n<p><a href=\"https:\/\/aksioma.org\/moneylab8\/credits\/\" class=\"gdlr-info-font excerpt-read-more\">Read More<\/a><\/p>\n","protected":false},"author":1,"featured_media":0,"parent":0,"menu_order":0,"comment_status":"closed","ping_status":"closed","template":"","meta":{"footnotes":""},"class_list":["post-151","page","type-page","status-publish","hentry"],"yoast_head":"<!-- This site is optimized with the Yoast SEO plugin v27.2 - https:\/\/yoast.com\/product\/yoast-seo-wordpress\/ -->\n<title>Credits - MoneyLab#8<\/title>\n<meta name=\"robots\" content=\"index, follow, max-snippet:-1, max-image-preview:large, max-video-preview:-1\" \/>\n<link rel=\"canonical\" href=\"https:\/\/aksioma.org\/moneylab8\/credits\/\" \/>\n<meta property=\"og:locale\" content=\"en_GB\" \/>\n<meta property=\"og:type\" content=\"article\" \/>\n<meta property=\"og:title\" content=\"Credits - MoneyLab#8\" \/>\n<meta property=\"og:description\" content=\"MoneyLab #8Minting a Fair SocietyLjubljana, May 11 \u2013 June 29, 2020 Organised and produced by:Aksioma \u2013 Institute for Contemporary Art, Ljubljana, 2020 Curator: Janez Jan\u0161aHead of production: Marcela Okreti\u010dExecutive producer: Sonja GrdinaCurator assistant: Jana Ren\u00e9e WilcoxenCommunity relations director: Nika Mahni\u010dProgram advisers: Vuk \u0106osi\u0107, Inte Gloerich, Geert Lovink, Domen Savi\u0107Tehnicians: Valter Udovi\u010di\u0107, Matej Marin\u010dekCoordination at Kino... Read More\" \/>\n<meta property=\"og:url\" content=\"https:\/\/aksioma.org\/moneylab8\/credits\/\" \/>\n<meta property=\"og:site_name\" content=\"MoneyLab#8\" \/>\n<meta property=\"article:modified_time\" content=\"2020-06-26T11:54:28+00:00\" \/>\n<meta property=\"og:image\" content=\"https:\/\/aksioma.org\/moneylab8\/wp-content\/uploads\/2020\/02\/01_FB-event_dec_2019.jpg\" \/>\n\t<meta property=\"og:image:width\" content=\"1200\" \/>\n\t<meta property=\"og:image:height\" content=\"675\" \/>\n\t<meta property=\"og:image:type\" content=\"image\/jpeg\" \/>\n<meta name=\"twitter:card\" content=\"summary_large_image\" \/>\n<meta name=\"twitter:label1\" content=\"Estimated reading time\" \/>\n\t<meta name=\"twitter:data1\" content=\"1 minute\" \/>\n<script type=\"application\/ld+json\" class=\"yoast-schema-graph\">{\"@context\":\"https:\/\/schema.org\",\"@graph\":[{\"@type\":\"WebPage\",\"@id\":\"https:\/\/aksioma.org\/moneylab8\/credits\/\",\"url\":\"https:\/\/aksioma.org\/moneylab8\/credits\/\",\"name\":\"Credits - MoneyLab#8\",\"isPartOf\":{\"@id\":\"https:\/\/aksioma.org\/moneylab8\/#website\"},\"primaryImageOfPage\":{\"@id\":\"https:\/\/aksioma.org\/moneylab8\/credits\/#primaryimage\"},\"image\":{\"@id\":\"https:\/\/aksioma.org\/moneylab8\/credits\/#primaryimage\"},\"thumbnailUrl\":\"https:\/\/aksioma.org\/moneylab8\/wp-content\/uploads\/2020\/05\/logo_aksioma_resized-1.png\",\"datePublished\":\"2020-02-17T21:59:22+00:00\",\"dateModified\":\"2020-06-26T11:54:28+00:00\",\"breadcrumb\":{\"@id\":\"https:\/\/aksioma.org\/moneylab8\/credits\/#breadcrumb\"},\"inLanguage\":\"en-GB\",\"potentialAction\":[{\"@type\":\"ReadAction\",\"target\":[\"https:\/\/aksioma.org\/moneylab8\/credits\/\"]}]},{\"@type\":\"ImageObject\",\"inLanguage\":\"en-GB\",\"@id\":\"https:\/\/aksioma.org\/moneylab8\/credits\/#primaryimage\",\"url\":\"https:\/\/aksioma.org\/moneylab8\/wp-content\/uploads\/2020\/05\/logo_aksioma_resized-1.png\",\"contentUrl\":\"https:\/\/aksioma.org\/moneylab8\/wp-content\/uploads\/2020\/05\/logo_aksioma_resized-1.png\",\"width\":192,\"height\":82},{\"@type\":\"BreadcrumbList\",\"@id\":\"https:\/\/aksioma.org\/moneylab8\/credits\/#breadcrumb\",\"itemListElement\":[{\"@type\":\"ListItem\",\"position\":1,\"name\":\"Home\",\"item\":\"https:\/\/aksioma.org\/moneylab8\/\"},{\"@type\":\"ListItem\",\"position\":2,\"name\":\"Credits\"}]},{\"@type\":\"WebSite\",\"@id\":\"https:\/\/aksioma.org\/moneylab8\/#website\",\"url\":\"https:\/\/aksioma.org\/moneylab8\/\",\"name\":\"MoneyLab#8\",\"description\":\"Konferenca\",\"potentialAction\":[{\"@type\":\"SearchAction\",\"target\":{\"@type\":\"EntryPoint\",\"urlTemplate\":\"https:\/\/aksioma.org\/moneylab8\/?s={search_term_string}\"},\"query-input\":{\"@type\":\"PropertyValueSpecification\",\"valueRequired\":true,\"valueName\":\"search_term_string\"}}],\"inLanguage\":\"en-GB\"}]}<\/script>\n<!-- \/ Yoast SEO plugin. -->","yoast_head_json":{"title":"Credits - MoneyLab#8","robots":{"index":"index","follow":"follow","max-snippet":"max-snippet:-1","max-image-preview":"max-image-preview:large","max-video-preview":"max-video-preview:-1"},"canonical":"https:\/\/aksioma.org\/moneylab8\/credits\/","og_locale":"en_GB","og_type":"article","og_title":"Credits - MoneyLab#8","og_description":"MoneyLab #8Minting a Fair SocietyLjubljana, May 11 \u2013 June 29, 2020 Organised and produced by:Aksioma \u2013 Institute for Contemporary Art, Ljubljana, 2020 Curator: Janez Jan\u0161aHead of production: Marcela Okreti\u010dExecutive producer: Sonja GrdinaCurator assistant: Jana Ren\u00e9e WilcoxenCommunity relations director: Nika Mahni\u010dProgram advisers: Vuk \u0106osi\u0107, Inte Gloerich, Geert Lovink, Domen Savi\u0107Tehnicians: Valter Udovi\u010di\u0107, Matej Marin\u010dekCoordination at Kino... Read More","og_url":"https:\/\/aksioma.org\/moneylab8\/credits\/","og_site_name":"MoneyLab#8","article_modified_time":"2020-06-26T11:54:28+00:00","og_image":[{"width":1200,"height":675,"url":"https:\/\/aksioma.org\/moneylab8\/wp-content\/uploads\/2020\/02\/01_FB-event_dec_2019.jpg","type":"image\/jpeg"}],"twitter_card":"summary_large_image","twitter_misc":{"Estimated reading time":"1 minute"},"schema":{"@context":"https:\/\/schema.org","@graph":[{"@type":"WebPage","@id":"https:\/\/aksioma.org\/moneylab8\/credits\/","url":"https:\/\/aksioma.org\/moneylab8\/credits\/","name":"Credits - MoneyLab#8","isPartOf":{"@id":"https:\/\/aksioma.org\/moneylab8\/#website"},"primaryImageOfPage":{"@id":"https:\/\/aksioma.org\/moneylab8\/credits\/#primaryimage"},"image":{"@id":"https:\/\/aksioma.org\/moneylab8\/credits\/#primaryimage"},"thumbnailUrl":"https:\/\/aksioma.org\/moneylab8\/wp-content\/uploads\/2020\/05\/logo_aksioma_resized-1.png","datePublished":"2020-02-17T21:59:22+00:00","dateModified":"2020-06-26T11:54:28+00:00","breadcrumb":{"@id":"https:\/\/aksioma.org\/moneylab8\/credits\/#breadcrumb"},"inLanguage":"en-GB","potentialAction":[{"@type":"ReadAction","target":["https:\/\/aksioma.org\/moneylab8\/credits\/"]}]},{"@type":"ImageObject","inLanguage":"en-GB","@id":"https:\/\/aksioma.org\/moneylab8\/credits\/#primaryimage","url":"https:\/\/aksioma.org\/moneylab8\/wp-content\/uploads\/2020\/05\/logo_aksioma_resized-1.png","contentUrl":"https:\/\/aksioma.org\/moneylab8\/wp-content\/uploads\/2020\/05\/logo_aksioma_resized-1.png","width":192,"height":82},{"@type":"BreadcrumbList","@id":"https:\/\/aksioma.org\/moneylab8\/credits\/#breadcrumb","itemListElement":[{"@type":"ListItem","position":1,"name":"Home","item":"https:\/\/aksioma.org\/moneylab8\/"},{"@type":"ListItem","position":2,"name":"Credits"}]},{"@type":"WebSite","@id":"https:\/\/aksioma.org\/moneylab8\/#website","url":"https:\/\/aksioma.org\/moneylab8\/","name":"MoneyLab#8","description":"Konferenca","potentialAction":[{"@type":"SearchAction","target":{"@type":"EntryPoint","urlTemplate":"https:\/\/aksioma.org\/moneylab8\/?s={search_term_string}"},"query-input":{"@type":"PropertyValueSpecification","valueRequired":true,"valueName":"search_term_string"}}],"inLanguage":"en-GB"}]}},"_links":{"self":[{"href":"https:\/\/aksioma.org\/moneylab8\/wp-json\/wp\/v2\/pages\/151","targetHints":{"allow":["GET"]}}],"collection":[{"href":"https:\/\/aksioma.org\/moneylab8\/wp-json\/wp\/v2\/pages"}],"about":[{"href":"https:\/\/aksioma.org\/moneylab8\/wp-json\/wp\/v2\/types\/page"}],"author":[{"embeddable":true,"href":"https:\/\/aksioma.org\/moneylab8\/wp-json\/wp\/v2\/users\/1"}],"replies":[{"embeddable":true,"href":"https:\/\/aksioma.org\/moneylab8\/wp-json\/wp\/v2\/comments?post=151"}],"version-history":[{"count":10,"href":"https:\/\/aksioma.org\/moneylab8\/wp-json\/wp\/v2\/pages\/151\/revisions"}],"predecessor-version":[{"id":1158,"href":"https:\/\/aksioma.org\/moneylab8\/wp-json\/wp\/v2\/pages\/151\/revisions\/1158"}],"wp:attachment":[{"href":"https:\/\/aksioma.org\/moneylab8\/wp-json\/wp\/v2\/media?parent=151"}],"curies":[{"name":"wp","href":"https:\/\/api.w.org\/{rel}","templated":true}]}}