{"id":11,"date":"2020-02-17T12:06:48","date_gmt":"2020-02-17T11:06:48","guid":{"rendered":"https:\/\/moneylab8.aksioma.org\/?page_id=11"},"modified":"2020-07-10T16:19:55","modified_gmt":"2020-07-10T14:19:55","slug":"streamingslo","status":"publish","type":"page","link":"https:\/\/aksioma.org\/moneylab8\/sl\/streamingslo\/","title":{"rendered":"Streaming"},"content":{"rendered":"\n<p style=\"font-size:22px\" class=\"has-text-color has-background has-very-light-gray-color has-vivid-cyan-blue-background-color\"><strong>MoneyLab #8<\/strong> je bil prvotno na\u010drtovan kot konferenca v Kinu \u0160i\u0161ka. Med COVID-19 pandemijo smo dogodek preoblikovali v serijo prenosov v \u017eivo, ki bodo potekali vsak <strong>ponedeljek ob 17. uri, med 11. majem in 29. junijem.<\/strong><\/p>\n\n\n\n<div class=\"wp-block-columns is-layout-flex wp-container-core-columns-is-layout-9d6595d7 wp-block-columns-is-layout-flex\">\n<div class=\"wp-block-column is-layout-flow wp-block-column-is-layout-flow\" style=\"flex-basis:66.66%\"><\/div>\n\n\n\n<div class=\"wp-block-column is-layout-flow wp-block-column-is-layout-flow\" style=\"flex-basis:33.33%\"><\/div>\n<\/div>\n\n\n\n<div class=\"wp-block-columns is-layout-flex wp-container-core-columns-is-layout-9d6595d7 wp-block-columns-is-layout-flex\">\n<div class=\"wp-block-column is-layout-flow wp-block-column-is-layout-flow\" style=\"flex-basis:66.66%\">\n<iframe loading=\"lazy\" src=\"https:\/\/www.youtube.com\/embed\/eAIrMqbwgFY\" allow=\"accelerometer; autoplay; encrypted-media; gyroscope; picture-in-picture\" allowfullscreen=\"\" width=\"560\" height=\"315\" frameborder=\"0\"><\/iframe>\n<\/div>\n\n\n\n<div class=\"wp-block-column is-layout-flow wp-block-column-is-layout-flow\" style=\"flex-basis:33.33%\">\n<iframe loading=\"lazy\" src=\"https:\/\/tlk.io\/moneylab8\" width=\"100%\" height=\"404\"><\/iframe>\n<\/div>\n<\/div>\n\n\n\n<p style=\"font-size:22px\"><strong><a href=\"https:\/\/aksioma.org\/moneylab8\/sl\/session\/predstavitev-umetnikov-umetnisko-delo-v-dobi-decentraliziranega-zaupanja\/\">Ve\u010d<\/a> <\/strong><br><br><\/p>\n\n\n\n<div class=\"wp-block-columns is-layout-flex wp-container-core-columns-is-layout-9d6595d7 wp-block-columns-is-layout-flex\">\n<div class=\"wp-block-column is-layout-flow wp-block-column-is-layout-flow\" style=\"flex-basis:66.66%\"><\/div>\n\n\n\n<div class=\"wp-block-column is-layout-flow wp-block-column-is-layout-flow\" style=\"flex-basis:33.33%\"><\/div>\n<\/div>\n\n\n\n<hr class=\"wp-block-separator\"\/>\n\n\n\n<iframe loading=\"lazy\" src=\"https:\/\/www.youtube.com\/embed\/BSTbz7DMPE8\" allow=\"accelerometer; autoplay; encrypted-media; gyroscope; picture-in-picture\" allowfullscreen=\"\" width=\"560\" height=\"315\" frameborder=\"0\"><\/iframe>\n\n\n\n<p style=\"font-size:22px\"><strong>Posebni gostje: <\/strong> Martin Mihajlov, Miha Artnak, Marina Marke\u017ei\u010d<br><strong><a href=\"https:\/\/aksioma.org\/moneylab8\/sl\/session\/panel-4-blockchain-radikalizirati-druzbeno-domisljijo\/\">Ve\u010d<\/a> <\/strong><br><br><\/p>\n\n\n\n<iframe loading=\"lazy\" src=\"https:\/\/www.youtube.com\/embed\/1_R4hy5g0jo\" allow=\"accelerometer; autoplay; encrypted-media; gyroscope; picture-in-picture\" allowfullscreen=\"\" width=\"560\" height=\"315\" frameborder=\"0\"><\/iframe>\n\n\n\n<p style=\"font-size:22px\"><strong>Posebni gostje: <\/strong>  Maru\u0161a Babnik, \u017diga Perovi\u010d, Sebastijan Peterka, Matej Zwitter<br><strong><a href=\"https:\/\/aksioma.org\/moneylab8\/sl\/session\/panel-3-davcni-paradiz-normalizacija-velike-tatvine\/\">Ve\u010d<\/a> <\/strong> <br><br><\/p>\n\n\n\n<iframe loading=\"lazy\" src=\"https:\/\/www.youtube.com\/embed\/nZOos0wr7t0\" allow=\"accelerometer; autoplay; encrypted-media; gyroscope; picture-in-picture\" allowfullscreen=\"\" width=\"560\" height=\"315\" frameborder=\"0\"><\/iframe>\n\n\n\n<p style=\"font-size:22px\"><strong>Posebni gostje: <\/strong> Ma\u0161a Hawlina, Uro\u0161 Mikanovi\u010d, Maru\u0161a Nardoni<br><strong><a href=\"https:\/\/aksioma.org\/moneylab8\/sl\/session\/stanovati\/\">Ve\u010d<\/a> <\/strong><br><br><\/p>\n\n\n\n<iframe loading=\"lazy\" src=\"https:\/\/www.youtube.com\/embed\/UDoV5HHX_p0\" allow=\"accelerometer; autoplay; encrypted-media; gyroscope; picture-in-picture\" allowfullscreen=\"\" width=\"560\" height=\"315\" frameborder=\"0\"><\/iframe>\n\n\n\n<p style=\"font-size:22px\"><strong>Posebni gostje: <\/strong>  Majda Hr\u017eenjak, Maja Iva\u010di\u010d, Lea Aymard<br><strong><a href=\"https:\/\/aksioma.org\/moneylab8\/sl\/session\/skrb-solidarnost-je-nepokorscina\/\">Ve\u010d<\/a><\/strong><br><br><\/p>\n\n\n\n<iframe loading=\"lazy\" src=\"https:\/\/www.youtube.com\/embed\/Dnx9c-E7ouo\" allow=\"accelerometer; autoplay; encrypted-media; gyroscope; picture-in-picture\" allowfullscreen=\"\" width=\"560\" height=\"315\" frameborder=\"0\"><\/iframe>\n\n\n\n<p style=\"font-size:22px\"><strong>Posebni gostje: <\/strong> Anja Blaj, Andra\u017e Tori, Maja Zalo\u017enik<br><strong><a href=\"https:\/\/aksioma.org\/moneylab8\/sl\/session\/podatkovna-suverenost-in-sledenje-stikom\/\">Ve\u010d<\/a><\/strong><br><br><\/p>\n\n\n\n<iframe loading=\"lazy\" src=\"https:\/\/www.youtube.com\/embed\/NVGILpXodDg\" allow=\"accelerometer; autoplay; encrypted-media; gyroscope; picture-in-picture\" allowfullscreen=\"\" width=\"560\" height=\"315\" frameborder=\"0\"><\/iframe>\n\n\n\n<p style=\"font-size:22px\"><strong>Posebni gostje: <\/strong> Sandra Ba\u0161i\u0107 Hrvatin, Valerija Koro\u0161ec, Nejc Slukan<br><strong><a href=\"https:\/\/aksioma.org\/moneylab8\/sl\/session\/onkraj-solucionizma-v-svetu-po-covid-19\/\">Ve\u010d<\/a><\/strong><br><br><\/p>\n\n\n\n<iframe loading=\"lazy\" src=\"https:\/\/www.youtube.com\/embed\/tlIPDzQ7UT0\" allow=\"accelerometer; autoplay; encrypted-media; gyroscope; picture-in-picture\" allowfullscreen=\"\" width=\"560\" height=\"315\" frameborder=\"0\"><\/iframe>\n\n\n\n<p style=\"font-size:22px\"><strong>Posebni gostje: <\/strong>Iztok Ho\u010devar, Tja\u0161a Pureber, Vuk \u0106osi\u0107 and Rok Kranjc<br><strong><a href=\"https:\/\/aksioma.org\/moneylab8\/sl\/session\/add-slo-title-brett-scott\/\">Ve\u010d<\/a><\/strong><\/p>\n\n\n\n<p><\/p>\n","protected":false},"excerpt":{"rendered":"<p>MoneyLab #8 je bil prvotno na\u010drtovan kot konferenca v Kinu \u0160i\u0161ka. Med COVID-19 pandemijo smo dogodek preoblikovali v serijo prenosov v \u017eivo, ki bodo potekali vsak ponedeljek ob 17. uri, med 11. majem in 29. junijem. Ve\u010d Posebni gostje: Martin Mihajlov, Miha Artnak, Marina Marke\u017ei\u010dVe\u010d Posebni gostje: Maru\u0161a Babnik, \u017diga Perovi\u010d, Sebastijan Peterka, Matej ZwitterVe\u010d&#8230; <\/p>\n<div class=\"clear\"><\/div>\n<p><a href=\"https:\/\/aksioma.org\/moneylab8\/sl\/streamingslo\/\" class=\"gdlr-info-font excerpt-read-more\">Read More<\/a><\/p>\n","protected":false},"author":1,"featured_media":0,"parent":0,"menu_order":0,"comment_status":"closed","ping_status":"closed","template":"","meta":{"footnotes":""},"class_list":["post-11","page","type-page","status-publish","hentry"],"yoast_head":"<!-- This site is optimized with the Yoast SEO plugin v27.2 - https:\/\/yoast.com\/product\/yoast-seo-wordpress\/ -->\n<title>Streaming - MoneyLab#8<\/title>\n<meta name=\"robots\" content=\"index, follow, max-snippet:-1, max-image-preview:large, max-video-preview:-1\" \/>\n<link rel=\"canonical\" href=\"https:\/\/aksioma.org\/moneylab8\/sl\/streamingslo\/\" \/>\n<meta property=\"og:locale\" content=\"en_GB\" \/>\n<meta property=\"og:type\" content=\"article\" \/>\n<meta property=\"og:title\" content=\"MoneyLab #8\" \/>\n<meta property=\"og:description\" content=\"PREDAVANJA | OKROGLE MIZE | DELAVNICE | RAZSTAVE\" \/>\n<meta property=\"og:url\" content=\"https:\/\/aksioma.org\/moneylab8\/sl\/streamingslo\/\" \/>\n<meta property=\"og:site_name\" content=\"MoneyLab#8\" \/>\n<meta property=\"article:modified_time\" content=\"2020-07-10T14:19:55+00:00\" \/>\n<meta property=\"og:image\" content=\"https:\/\/aksioma.org\/moneylab8\/wp-content\/uploads\/2020\/02\/01_FB-event_dec_2019-1.jpg\" \/>\n\t<meta property=\"og:image:width\" content=\"1200\" \/>\n\t<meta property=\"og:image:height\" content=\"675\" \/>\n\t<meta property=\"og:image:type\" content=\"image\/jpeg\" \/>\n<meta name=\"twitter:card\" content=\"summary_large_image\" \/>\n<meta name=\"twitter:label1\" content=\"Estimated reading time\" \/>\n\t<meta name=\"twitter:data1\" content=\"1 minute\" \/>\n<script type=\"application\/ld+json\" class=\"yoast-schema-graph\">{\"@context\":\"https:\/\/schema.org\",\"@graph\":[{\"@type\":\"WebPage\",\"@id\":\"https:\/\/aksioma.org\/moneylab8\/sl\/streamingslo\/\",\"url\":\"https:\/\/aksioma.org\/moneylab8\/sl\/streamingslo\/\",\"name\":\"Streaming - MoneyLab#8\",\"isPartOf\":{\"@id\":\"https:\/\/aksioma.org\/moneylab8\/#website\"},\"datePublished\":\"2020-02-17T11:06:48+00:00\",\"dateModified\":\"2020-07-10T14:19:55+00:00\",\"breadcrumb\":{\"@id\":\"https:\/\/aksioma.org\/moneylab8\/sl\/streamingslo\/#breadcrumb\"},\"inLanguage\":\"en-GB\",\"potentialAction\":[{\"@type\":\"ReadAction\",\"target\":[\"https:\/\/aksioma.org\/moneylab8\/sl\/streamingslo\/\"]}]},{\"@type\":\"BreadcrumbList\",\"@id\":\"https:\/\/aksioma.org\/moneylab8\/sl\/streamingslo\/#breadcrumb\",\"itemListElement\":[{\"@type\":\"ListItem\",\"position\":1,\"name\":\"Home\",\"item\":\"https:\/\/aksioma.org\/moneylab8\/\"},{\"@type\":\"ListItem\",\"position\":2,\"name\":\"Streaming\"}]},{\"@type\":\"WebSite\",\"@id\":\"https:\/\/aksioma.org\/moneylab8\/#website\",\"url\":\"https:\/\/aksioma.org\/moneylab8\/\",\"name\":\"MoneyLab#8\",\"description\":\"Konferenca\",\"potentialAction\":[{\"@type\":\"SearchAction\",\"target\":{\"@type\":\"EntryPoint\",\"urlTemplate\":\"https:\/\/aksioma.org\/moneylab8\/?s={search_term_string}\"},\"query-input\":{\"@type\":\"PropertyValueSpecification\",\"valueRequired\":true,\"valueName\":\"search_term_string\"}}],\"inLanguage\":\"en-GB\"}]}<\/script>\n<!-- \/ Yoast SEO plugin. -->","yoast_head_json":{"title":"Streaming - MoneyLab#8","robots":{"index":"index","follow":"follow","max-snippet":"max-snippet:-1","max-image-preview":"max-image-preview:large","max-video-preview":"max-video-preview:-1"},"canonical":"https:\/\/aksioma.org\/moneylab8\/sl\/streamingslo\/","og_locale":"en_GB","og_type":"article","og_title":"MoneyLab #8","og_description":"PREDAVANJA | OKROGLE MIZE | DELAVNICE | RAZSTAVE","og_url":"https:\/\/aksioma.org\/moneylab8\/sl\/streamingslo\/","og_site_name":"MoneyLab#8","article_modified_time":"2020-07-10T14:19:55+00:00","og_image":[{"width":1200,"height":675,"url":"https:\/\/aksioma.org\/moneylab8\/wp-content\/uploads\/2020\/02\/01_FB-event_dec_2019-1.jpg","type":"image\/jpeg"}],"twitter_card":"summary_large_image","twitter_misc":{"Estimated reading time":"1 minute"},"schema":{"@context":"https:\/\/schema.org","@graph":[{"@type":"WebPage","@id":"https:\/\/aksioma.org\/moneylab8\/sl\/streamingslo\/","url":"https:\/\/aksioma.org\/moneylab8\/sl\/streamingslo\/","name":"Streaming - MoneyLab#8","isPartOf":{"@id":"https:\/\/aksioma.org\/moneylab8\/#website"},"datePublished":"2020-02-17T11:06:48+00:00","dateModified":"2020-07-10T14:19:55+00:00","breadcrumb":{"@id":"https:\/\/aksioma.org\/moneylab8\/sl\/streamingslo\/#breadcrumb"},"inLanguage":"en-GB","potentialAction":[{"@type":"ReadAction","target":["https:\/\/aksioma.org\/moneylab8\/sl\/streamingslo\/"]}]},{"@type":"BreadcrumbList","@id":"https:\/\/aksioma.org\/moneylab8\/sl\/streamingslo\/#breadcrumb","itemListElement":[{"@type":"ListItem","position":1,"name":"Home","item":"https:\/\/aksioma.org\/moneylab8\/"},{"@type":"ListItem","position":2,"name":"Streaming"}]},{"@type":"WebSite","@id":"https:\/\/aksioma.org\/moneylab8\/#website","url":"https:\/\/aksioma.org\/moneylab8\/","name":"MoneyLab#8","description":"Konferenca","potentialAction":[{"@type":"SearchAction","target":{"@type":"EntryPoint","urlTemplate":"https:\/\/aksioma.org\/moneylab8\/?s={search_term_string}"},"query-input":{"@type":"PropertyValueSpecification","valueRequired":true,"valueName":"search_term_string"}}],"inLanguage":"en-GB"}]}},"_links":{"self":[{"href":"https:\/\/aksioma.org\/moneylab8\/wp-json\/wp\/v2\/pages\/11","targetHints":{"allow":["GET"]}}],"collection":[{"href":"https:\/\/aksioma.org\/moneylab8\/wp-json\/wp\/v2\/pages"}],"about":[{"href":"https:\/\/aksioma.org\/moneylab8\/wp-json\/wp\/v2\/types\/page"}],"author":[{"embeddable":true,"href":"https:\/\/aksioma.org\/moneylab8\/wp-json\/wp\/v2\/users\/1"}],"replies":[{"embeddable":true,"href":"https:\/\/aksioma.org\/moneylab8\/wp-json\/wp\/v2\/comments?post=11"}],"version-history":[{"count":9,"href":"https:\/\/aksioma.org\/moneylab8\/wp-json\/wp\/v2\/pages\/11\/revisions"}],"predecessor-version":[{"id":1171,"href":"https:\/\/aksioma.org\/moneylab8\/wp-json\/wp\/v2\/pages\/11\/revisions\/1171"}],"wp:attachment":[{"href":"https:\/\/aksioma.org\/moneylab8\/wp-json\/wp\/v2\/media?parent=11"}],"curies":[{"name":"wp","href":"https:\/\/api.w.org\/{rel}","templated":true}]}}