{"id":833,"date":"2020-05-04T12:03:39","date_gmt":"2020-05-04T10:03:39","guid":{"rendered":"https:\/\/aksioma.org\/moneylab\/?page_id=833"},"modified":"2022-11-16T11:29:59","modified_gmt":"2022-11-16T10:29:59","slug":"koncept","status":"publish","type":"page","link":"https:\/\/aksioma.org\/from-commons-to-nfts\/sl\/","title":{"rendered":"Koncept"},"content":{"rendered":"\n<p style=\"font-size:22px\">Konferenca bo zdru\u017eila umetnike, hekerje in raziskovalce, ki bodo kriti\u010dno preiskali premik v digitalni kulturi od odprto deljenih do na kriptu temelje\u010dih oblik lastni\u0161tva. Gre za ultimativno zmago financializacije, ali pa obstajajo odprtine za druga\u010dne lastni\u0161ke re\u017eime ter tako nove oblike umetnosti in kulture?<\/p>\n\n\n\n<div style=\"height:20px\" aria-hidden=\"true\" class=\"wp-block-spacer\"><\/div>\n\n\n\n<hr class=\"wp-block-separator has-text-color has-background is-style-default\" style=\"background-color:#ff231b;color:#ff231b\"\/>\n\n\n\n<p style=\"font-size:22px\"> Udele\u017eba je brezpla\u010dna, za obisk dogodkov v Kinu \u0160i\u0161ka je potrebna registracija. <\/p>\n\n\n\n<div class=\"wp-block-button is-style-outline is-style-outline--1\"><a class=\"wp-block-button__link has-text-color no-border-radius\" href=\"https:\/\/pretix.eu\/aksioma\/tacticsandpractice13\/\" style=\"color:#ff231b\" target=\"_blank\" rel=\"noreferrer noopener\">REGISTRACIJA<\/a><\/div>\n","protected":false},"excerpt":{"rendered":"<p>Konferenca bo zdru\u017eila umetnike, hekerje in raziskovalce, ki bodo kriti\u010dno preiskali premik v digitalni kulturi od odprto deljenih do na kriptu temelje\u010dih oblik lastni\u0161tva. Gre za ultimativno zmago financializacije, ali pa obstajajo odprtine za druga\u010dne lastni\u0161ke re\u017eime ter tako nove oblike umetnosti in kulture? Udele\u017eba je brezpla\u010dna, za obisk dogodkov v Kinu \u0160i\u0161ka je potrebna&#8230; <\/p>\n<div class=\"clear\"><\/div>\n<p><a href=\"https:\/\/aksioma.org\/from-commons-to-nfts\/sl\/\" class=\"gdlr-info-font excerpt-read-more\">Read More<\/a><\/p>\n","protected":false},"author":2,"featured_media":0,"parent":0,"menu_order":0,"comment_status":"closed","ping_status":"closed","template":"","meta":{"_acf_changed":false,"footnotes":""},"class_list":["post-833","page","type-page","status-publish","hentry"],"acf":[],"yoast_head":"<!-- This site is optimized with the Yoast SEO plugin v27.2 - https:\/\/yoast.com\/product\/yoast-seo-wordpress\/ -->\n<title>From Commons to NFTs<\/title>\n<meta name=\"description\" content=\"konferenca, ljubljana \/ online, 12.11.2022.\" \/>\n<meta name=\"robots\" content=\"index, follow, max-snippet:-1, max-image-preview:large, max-video-preview:-1\" \/>\n<link rel=\"canonical\" href=\"https:\/\/aksioma.org\/from-commons-to-nfts\/sl\/\" \/>\n<meta property=\"og:locale\" content=\"en_GB\" \/>\n<meta property=\"og:type\" content=\"article\" \/>\n<meta property=\"og:title\" content=\"From Commons to NFTs\" \/>\n<meta property=\"og:description\" content=\"konferenca, ljubljana \/ online, 12.11.2022.\" \/>\n<meta property=\"og:url\" content=\"https:\/\/aksioma.org\/from-commons-to-nfts\/sl\/\" \/>\n<meta property=\"og:site_name\" content=\"From Commons to NFTs\" \/>\n<meta property=\"article:modified_time\" content=\"2022-11-16T10:29:59+00:00\" \/>\n<meta property=\"og:image\" content=\"https:\/\/aksioma.org\/from-commons-to-nfts\/wp-content\/uploads\/2022\/11\/fctn.png\" \/>\n\t<meta property=\"og:image:width\" content=\"1200\" \/>\n\t<meta property=\"og:image:height\" content=\"630\" \/>\n\t<meta property=\"og:image:type\" content=\"image\/png\" \/>\n<meta name=\"twitter:card\" content=\"summary_large_image\" \/>\n<meta name=\"twitter:image\" content=\"https:\/\/aksioma.org\/from-commons-to-nfts\/wp-content\/uploads\/2022\/11\/fctn.png\" \/>\n<script type=\"application\/ld+json\" class=\"yoast-schema-graph\">{\"@context\":\"https:\/\/schema.org\",\"@graph\":[{\"@type\":\"WebPage\",\"@id\":\"https:\/\/aksioma.org\/from-commons-to-nfts\/sl\/\",\"url\":\"https:\/\/aksioma.org\/from-commons-to-nfts\/sl\/\",\"name\":\"From Commons to NFTs\",\"isPartOf\":{\"@id\":\"https:\/\/aksioma.org\/from-commons-to-nfts\/#website\"},\"datePublished\":\"2020-05-04T10:03:39+00:00\",\"dateModified\":\"2022-11-16T10:29:59+00:00\",\"description\":\"konferenca, ljubljana \/ online, 12.11.2022.\",\"breadcrumb\":{\"@id\":\"https:\/\/aksioma.org\/from-commons-to-nfts\/sl\/#breadcrumb\"},\"inLanguage\":\"en-GB\",\"potentialAction\":[{\"@type\":\"ReadAction\",\"target\":[\"https:\/\/aksioma.org\/from-commons-to-nfts\/sl\/\"]}]},{\"@type\":\"BreadcrumbList\",\"@id\":\"https:\/\/aksioma.org\/from-commons-to-nfts\/sl\/#breadcrumb\",\"itemListElement\":[{\"@type\":\"ListItem\",\"position\":1,\"name\":\"Home\",\"item\":\"https:\/\/aksioma.org\/from-commons-to-nfts\/\"},{\"@type\":\"ListItem\",\"position\":2,\"name\":\"Koncept\"}]},{\"@type\":\"WebSite\",\"@id\":\"https:\/\/aksioma.org\/from-commons-to-nfts\/#website\",\"url\":\"https:\/\/aksioma.org\/from-commons-to-nfts\/\",\"name\":\"From Commons to NFTs\",\"description\":\"Konferenca\",\"potentialAction\":[{\"@type\":\"SearchAction\",\"target\":{\"@type\":\"EntryPoint\",\"urlTemplate\":\"https:\/\/aksioma.org\/from-commons-to-nfts\/?s={search_term_string}\"},\"query-input\":{\"@type\":\"PropertyValueSpecification\",\"valueRequired\":true,\"valueName\":\"search_term_string\"}}],\"inLanguage\":\"en-GB\"}]}<\/script>\n<!-- \/ Yoast SEO plugin. -->","yoast_head_json":{"title":"From Commons to NFTs","description":"konferenca, ljubljana \/ online, 12.11.2022.","robots":{"index":"index","follow":"follow","max-snippet":"max-snippet:-1","max-image-preview":"max-image-preview:large","max-video-preview":"max-video-preview:-1"},"canonical":"https:\/\/aksioma.org\/from-commons-to-nfts\/sl\/","og_locale":"en_GB","og_type":"article","og_title":"From Commons to NFTs","og_description":"konferenca, ljubljana \/ online, 12.11.2022.","og_url":"https:\/\/aksioma.org\/from-commons-to-nfts\/sl\/","og_site_name":"From Commons to NFTs","article_modified_time":"2022-11-16T10:29:59+00:00","og_image":[{"width":1200,"height":630,"url":"https:\/\/aksioma.org\/from-commons-to-nfts\/wp-content\/uploads\/2022\/11\/fctn.png","type":"image\/png"}],"twitter_card":"summary_large_image","twitter_image":"https:\/\/aksioma.org\/from-commons-to-nfts\/wp-content\/uploads\/2022\/11\/fctn.png","schema":{"@context":"https:\/\/schema.org","@graph":[{"@type":"WebPage","@id":"https:\/\/aksioma.org\/from-commons-to-nfts\/sl\/","url":"https:\/\/aksioma.org\/from-commons-to-nfts\/sl\/","name":"From Commons to NFTs","isPartOf":{"@id":"https:\/\/aksioma.org\/from-commons-to-nfts\/#website"},"datePublished":"2020-05-04T10:03:39+00:00","dateModified":"2022-11-16T10:29:59+00:00","description":"konferenca, ljubljana \/ online, 12.11.2022.","breadcrumb":{"@id":"https:\/\/aksioma.org\/from-commons-to-nfts\/sl\/#breadcrumb"},"inLanguage":"en-GB","potentialAction":[{"@type":"ReadAction","target":["https:\/\/aksioma.org\/from-commons-to-nfts\/sl\/"]}]},{"@type":"BreadcrumbList","@id":"https:\/\/aksioma.org\/from-commons-to-nfts\/sl\/#breadcrumb","itemListElement":[{"@type":"ListItem","position":1,"name":"Home","item":"https:\/\/aksioma.org\/from-commons-to-nfts\/"},{"@type":"ListItem","position":2,"name":"Koncept"}]},{"@type":"WebSite","@id":"https:\/\/aksioma.org\/from-commons-to-nfts\/#website","url":"https:\/\/aksioma.org\/from-commons-to-nfts\/","name":"From Commons to NFTs","description":"Konferenca","potentialAction":[{"@type":"SearchAction","target":{"@type":"EntryPoint","urlTemplate":"https:\/\/aksioma.org\/from-commons-to-nfts\/?s={search_term_string}"},"query-input":{"@type":"PropertyValueSpecification","valueRequired":true,"valueName":"search_term_string"}}],"inLanguage":"en-GB"}]}},"_links":{"self":[{"href":"https:\/\/aksioma.org\/from-commons-to-nfts\/wp-json\/wp\/v2\/pages\/833","targetHints":{"allow":["GET"]}}],"collection":[{"href":"https:\/\/aksioma.org\/from-commons-to-nfts\/wp-json\/wp\/v2\/pages"}],"about":[{"href":"https:\/\/aksioma.org\/from-commons-to-nfts\/wp-json\/wp\/v2\/types\/page"}],"author":[{"embeddable":true,"href":"https:\/\/aksioma.org\/from-commons-to-nfts\/wp-json\/wp\/v2\/users\/2"}],"replies":[{"embeddable":true,"href":"https:\/\/aksioma.org\/from-commons-to-nfts\/wp-json\/wp\/v2\/comments?post=833"}],"version-history":[{"count":9,"href":"https:\/\/aksioma.org\/from-commons-to-nfts\/wp-json\/wp\/v2\/pages\/833\/revisions"}],"predecessor-version":[{"id":1420,"href":"https:\/\/aksioma.org\/from-commons-to-nfts\/wp-json\/wp\/v2\/pages\/833\/revisions\/1420"}],"wp:attachment":[{"href":"https:\/\/aksioma.org\/from-commons-to-nfts\/wp-json\/wp\/v2\/media?parent=833"}],"curies":[{"name":"wp","href":"https:\/\/api.w.org\/{rel}","templated":true}]}}