{"id":151,"date":"2020-02-17T22:59:22","date_gmt":"2020-02-17T21:59:22","guid":{"rendered":"https:\/\/moneylab8.aksioma.org\/?page_id=151"},"modified":"2022-11-02T11:26:56","modified_gmt":"2022-11-02T10:26:56","slug":"credits","status":"publish","type":"page","link":"https:\/\/aksioma.org\/from-commons-to-nfts\/credits\/","title":{"rendered":"Credits"},"content":{"rendered":"\n<p><strong>From COMMONS to NFTs<\/strong><br>Hybrid conference<br>Kino \u0160i\u0161ka, Ljubljana \/ online<br>12 November 2022<\/p>\n\n\n\n<p><strong>Organised and produced by:<\/strong><br> Aksioma \u2013 Institute for Contemporary Art, Ljubljana, 2022<\/p>\n\n\n\n<figure class=\"wp-block-image size-large is-resized\"><a href=\"https:\/\/aksioma.org\/\"><img loading=\"lazy\" decoding=\"async\" src=\"https:\/\/aksioma.org\/from-commons-to-nfts\/wp-content\/uploads\/2022\/10\/aksioma@2x.png\" alt=\"\" class=\"wp-image-1350\" width=\"94\" height=\"40\"\/><\/a><\/figure>\n\n\n\n<p>Curatorial board: Felix Stalder, Shu Lea Chang, Janez Fakin Jan\u0161a, Rok Kranjc<br>Head of production: Marcela Okreti\u010d<br>Executive producer: Sonja Grdina<br>Coordination at Kino \u0160i\u0161ka: Simona Jerala<br>Webcast operator: Fixmedia<br>Web developer: Igor Kova\u010di\u0107<br>Visual identity: Federico Antonini, Alessio D\u2019Ellena (<a href=\"https:\/\/www.superness.info\/\">superness.info<\/a>)<br>Animated graphics: Domen Dimovski<\/p>\n\n\n\n<p><strong>For the series:<\/strong><br>Tactics &amp; Practice<\/p>\n\n\n\n<figure class=\"wp-block-image size-large is-resized\"><a href=\"https:\/\/aksioma.org\/tactics.practice\"><img loading=\"lazy\" decoding=\"async\" src=\"https:\/\/aksioma.org\/from-commons-to-nfts\/wp-content\/uploads\/2022\/10\/tip@2x.png\" alt=\"\" class=\"wp-image-1349\" width=\"94\" height=\"40\"\/><\/a><\/figure>\n\n\n\n<p><strong>In the frame of:<\/strong><br>konS \u2013 Platform for Contemporary Investigative Art<\/p>\n\n\n\n<figure class=\"wp-block-image size-large is-resized\"><a href=\"https:\/\/kons-platforma.org\/\"><img loading=\"lazy\" decoding=\"async\" src=\"https:\/\/aksioma.org\/from-commons-to-nfts\/wp-content\/uploads\/2022\/10\/kons@2x.png\" alt=\"\" class=\"wp-image-1353\" width=\"94\" height=\"40\"\/><\/a><\/figure>\n\n\n\n<p><strong>In partnership with:<\/strong><br>Kino \u0160i\u0161ka \u2013 Centre for Urban Culture, Lokalpatriot<\/p>\n\n\n\n<figure class=\"wp-block-image size-large is-resized\"><a href=\"https:\/\/www.kinosiska.si\/en\/\"><img loading=\"lazy\" decoding=\"async\" src=\"https:\/\/aksioma.org\/from-commons-to-nfts\/wp-content\/uploads\/2022\/10\/kino-siska@2x.png\" alt=\"\" class=\"wp-image-1351\" width=\"94\" height=\"40\"\/><\/a><\/figure>\n\n\n\n<figure class=\"wp-block-image size-large is-resized\"><a href=\"http:\/\/www.lokalpatriot.si\/\"><img loading=\"lazy\" decoding=\"async\" src=\"https:\/\/aksioma.org\/from-commons-to-nfts\/wp-content\/uploads\/2022\/10\/lokalni-patriot-2@2x-1.png\" alt=\"\" class=\"wp-image-1373\" width=\"145\" height=\"15\"\/><\/a><\/figure>\n\n\n\n<p><strong>Associated partner:<\/strong><br>Ljudmila<\/p>\n\n\n\n<figure class=\"wp-block-image size-large is-resized\"><a href=\"https:\/\/wiki.ljudmila.org\/Main_Page\"><img loading=\"lazy\" decoding=\"async\" src=\"https:\/\/aksioma.org\/from-commons-to-nfts\/wp-content\/uploads\/2022\/10\/ljudmila@2x-1.png\" alt=\"\" class=\"wp-image-1356\" width=\"43\" height=\"40\"\/><\/a><\/figure>\n\n\n\n<p><strong>Outreach partners:<\/strong><br>WAM\/Fair Data Society, NERO, Makery<\/p>\n\n\n\n<figure class=\"wp-block-image size-large is-resized\"><img loading=\"lazy\" decoding=\"async\" src=\"https:\/\/aksioma.org\/from-commons-to-nfts\/wp-content\/uploads\/2022\/10\/wam-fds-transparent-70px.png\" alt=\"\" class=\"wp-image-1411\" width=\"142\" height=\"35\"\/><\/figure>\n\n\n\n<figure class=\"wp-block-image size-large is-resized\"><img loading=\"lazy\" decoding=\"async\" src=\"https:\/\/aksioma.org\/from-commons-to-nfts\/wp-content\/uploads\/2022\/10\/Nero_40px.png\" alt=\"\" class=\"wp-image-1410\" width=\"69\" height=\"20\"\/><\/figure>\n\n\n\n<figure class=\"wp-block-image size-large is-resized\"><a href=\"https:\/\/www.makery.info\/en\/\"><img loading=\"lazy\" decoding=\"async\" src=\"https:\/\/aksioma.org\/from-commons-to-nfts\/wp-content\/uploads\/2022\/10\/makery@2x.png\" alt=\"\" class=\"wp-image-1354\" width=\"118\" height=\"40\"\/><\/a><\/figure>\n\n\n\n<p><strong>Supported by:<\/strong><br>The project konS \u2013 Platform for Contemporary Investigative Art was chosen on the public call for the selection of the operations \u201cNetwork of Investigative Art and Culture Centres\u201d. The investment is co-financed by the Republic of Slovenia and by the European Regional Development Fund of the European Union.<\/p>\n\n\n\n<figure class=\"wp-block-image size-large is-resized\"><a href=\"https:\/\/www.gov.si\/en\/state-authorities\/ministries\/ministry-of-culture\/\"><img loading=\"lazy\" decoding=\"async\" src=\"https:\/\/aksioma.org\/from-commons-to-nfts\/wp-content\/uploads\/2022\/10\/mzk@2x.png\" alt=\"\" class=\"wp-image-1364\" width=\"183\" height=\"40\"\/><\/a><\/figure>\n\n\n\n<figure class=\"wp-block-image size-large is-resized\"><a href=\"https:\/\/ec.europa.eu\/regional_policy\/en\/funding\/erdf\/\"><img loading=\"lazy\" decoding=\"async\" src=\"https:\/\/aksioma.org\/from-commons-to-nfts\/wp-content\/uploads\/2022\/10\/eu-dev-fund.png\" alt=\"\" class=\"wp-image-1365\" width=\"163\" height=\"66\"\/><\/a><\/figure>\n\n\n\n<p><strong>Media sponsors: <\/strong><br>Mladina, Europlakat <\/p>\n","protected":false},"excerpt":{"rendered":"<p>From COMMONS to NFTsHybrid conferenceKino \u0160i\u0161ka, Ljubljana \/ online12 November 2022 Organised and produced by: Aksioma \u2013 Institute for Contemporary Art, Ljubljana, 2022 Curatorial board: Felix Stalder, Shu Lea Chang, Janez Fakin Jan\u0161a, Rok KranjcHead of production: Marcela Okreti\u010dExecutive producer: Sonja GrdinaCoordination at Kino \u0160i\u0161ka: Simona JeralaWebcast operator: FixmediaWeb developer: Igor Kova\u010di\u0107Visual identity: Federico Antonini,&#8230; <\/p>\n<div class=\"clear\"><\/div>\n<p><a href=\"https:\/\/aksioma.org\/from-commons-to-nfts\/credits\/\" class=\"gdlr-info-font excerpt-read-more\">Read More<\/a><\/p>\n","protected":false},"author":1,"featured_media":0,"parent":0,"menu_order":0,"comment_status":"closed","ping_status":"closed","template":"","meta":{"_acf_changed":false,"footnotes":""},"class_list":["post-151","page","type-page","status-publish","hentry"],"acf":[],"yoast_head":"<!-- This site is optimized with the Yoast SEO plugin v27.2 - https:\/\/yoast.com\/product\/yoast-seo-wordpress\/ -->\n<title>Credits - From Commons to NFTs<\/title>\n<meta name=\"robots\" content=\"index, follow, max-snippet:-1, max-image-preview:large, max-video-preview:-1\" \/>\n<link rel=\"canonical\" href=\"https:\/\/aksioma.org\/from-commons-to-nfts\/credits\/\" \/>\n<meta property=\"og:locale\" content=\"en_GB\" \/>\n<meta property=\"og:type\" content=\"article\" \/>\n<meta property=\"og:title\" content=\"Credits - From Commons to NFTs\" \/>\n<meta property=\"og:description\" content=\"From COMMONS to NFTsHybrid conferenceKino \u0160i\u0161ka, Ljubljana \/ online12 November 2022 Organised and produced by: Aksioma \u2013 Institute for Contemporary Art, Ljubljana, 2022 Curatorial board: Felix Stalder, Shu Lea Chang, Janez Fakin Jan\u0161a, Rok KranjcHead of production: Marcela Okreti\u010dExecutive producer: Sonja GrdinaCoordination at Kino \u0160i\u0161ka: Simona JeralaWebcast operator: FixmediaWeb developer: Igor Kova\u010di\u0107Visual identity: Federico Antonini,... Read More\" \/>\n<meta property=\"og:url\" content=\"https:\/\/aksioma.org\/from-commons-to-nfts\/credits\/\" \/>\n<meta property=\"og:site_name\" content=\"From Commons to NFTs\" \/>\n<meta property=\"article:modified_time\" content=\"2022-11-02T10:26:56+00:00\" \/>\n<meta name=\"twitter:card\" content=\"summary_large_image\" \/>\n<meta name=\"twitter:image\" content=\"https:\/\/aksioma.org\/from-commons-to-nfts\/wp-content\/uploads\/2022\/10\/aksioma@2x.png\" \/>\n<meta name=\"twitter:label1\" content=\"Estimated reading time\" \/>\n\t<meta name=\"twitter:data1\" content=\"1 minute\" \/>\n<script type=\"application\/ld+json\" class=\"yoast-schema-graph\">{\"@context\":\"https:\/\/schema.org\",\"@graph\":[{\"@type\":\"WebPage\",\"@id\":\"https:\/\/aksioma.org\/from-commons-to-nfts\/credits\/\",\"url\":\"https:\/\/aksioma.org\/from-commons-to-nfts\/credits\/\",\"name\":\"Credits - From Commons to NFTs\",\"isPartOf\":{\"@id\":\"https:\/\/aksioma.org\/from-commons-to-nfts\/#website\"},\"primaryImageOfPage\":{\"@id\":\"https:\/\/aksioma.org\/from-commons-to-nfts\/credits\/#primaryimage\"},\"image\":{\"@id\":\"https:\/\/aksioma.org\/from-commons-to-nfts\/credits\/#primaryimage\"},\"thumbnailUrl\":\"https:\/\/aksioma.org\/from-commons-to-nfts\/wp-content\/uploads\/2022\/10\/aksioma@2x.png\",\"datePublished\":\"2020-02-17T21:59:22+00:00\",\"dateModified\":\"2022-11-02T10:26:56+00:00\",\"breadcrumb\":{\"@id\":\"https:\/\/aksioma.org\/from-commons-to-nfts\/credits\/#breadcrumb\"},\"inLanguage\":\"en-GB\",\"potentialAction\":[{\"@type\":\"ReadAction\",\"target\":[\"https:\/\/aksioma.org\/from-commons-to-nfts\/credits\/\"]}]},{\"@type\":\"ImageObject\",\"inLanguage\":\"en-GB\",\"@id\":\"https:\/\/aksioma.org\/from-commons-to-nfts\/credits\/#primaryimage\",\"url\":\"https:\/\/aksioma.org\/from-commons-to-nfts\/wp-content\/uploads\/2022\/10\/aksioma@2x.png\",\"contentUrl\":\"https:\/\/aksioma.org\/from-commons-to-nfts\/wp-content\/uploads\/2022\/10\/aksioma@2x.png\",\"width\":188,\"height\":80},{\"@type\":\"BreadcrumbList\",\"@id\":\"https:\/\/aksioma.org\/from-commons-to-nfts\/credits\/#breadcrumb\",\"itemListElement\":[{\"@type\":\"ListItem\",\"position\":1,\"name\":\"Home\",\"item\":\"https:\/\/aksioma.org\/from-commons-to-nfts\/\"},{\"@type\":\"ListItem\",\"position\":2,\"name\":\"Credits\"}]},{\"@type\":\"WebSite\",\"@id\":\"https:\/\/aksioma.org\/from-commons-to-nfts\/#website\",\"url\":\"https:\/\/aksioma.org\/from-commons-to-nfts\/\",\"name\":\"From Commons to NFTs\",\"description\":\"Konferenca\",\"potentialAction\":[{\"@type\":\"SearchAction\",\"target\":{\"@type\":\"EntryPoint\",\"urlTemplate\":\"https:\/\/aksioma.org\/from-commons-to-nfts\/?s={search_term_string}\"},\"query-input\":{\"@type\":\"PropertyValueSpecification\",\"valueRequired\":true,\"valueName\":\"search_term_string\"}}],\"inLanguage\":\"en-GB\"}]}<\/script>\n<!-- \/ Yoast SEO plugin. -->","yoast_head_json":{"title":"Credits - From Commons to NFTs","robots":{"index":"index","follow":"follow","max-snippet":"max-snippet:-1","max-image-preview":"max-image-preview:large","max-video-preview":"max-video-preview:-1"},"canonical":"https:\/\/aksioma.org\/from-commons-to-nfts\/credits\/","og_locale":"en_GB","og_type":"article","og_title":"Credits - From Commons to NFTs","og_description":"From COMMONS to NFTsHybrid conferenceKino \u0160i\u0161ka, Ljubljana \/ online12 November 2022 Organised and produced by: Aksioma \u2013 Institute for Contemporary Art, Ljubljana, 2022 Curatorial board: Felix Stalder, Shu Lea Chang, Janez Fakin Jan\u0161a, Rok KranjcHead of production: Marcela Okreti\u010dExecutive producer: Sonja GrdinaCoordination at Kino \u0160i\u0161ka: Simona JeralaWebcast operator: FixmediaWeb developer: Igor Kova\u010di\u0107Visual identity: Federico Antonini,... Read More","og_url":"https:\/\/aksioma.org\/from-commons-to-nfts\/credits\/","og_site_name":"From Commons to NFTs","article_modified_time":"2022-11-02T10:26:56+00:00","twitter_card":"summary_large_image","twitter_image":"https:\/\/aksioma.org\/from-commons-to-nfts\/wp-content\/uploads\/2022\/10\/aksioma@2x.png","twitter_misc":{"Estimated reading time":"1 minute"},"schema":{"@context":"https:\/\/schema.org","@graph":[{"@type":"WebPage","@id":"https:\/\/aksioma.org\/from-commons-to-nfts\/credits\/","url":"https:\/\/aksioma.org\/from-commons-to-nfts\/credits\/","name":"Credits - From Commons to NFTs","isPartOf":{"@id":"https:\/\/aksioma.org\/from-commons-to-nfts\/#website"},"primaryImageOfPage":{"@id":"https:\/\/aksioma.org\/from-commons-to-nfts\/credits\/#primaryimage"},"image":{"@id":"https:\/\/aksioma.org\/from-commons-to-nfts\/credits\/#primaryimage"},"thumbnailUrl":"https:\/\/aksioma.org\/from-commons-to-nfts\/wp-content\/uploads\/2022\/10\/aksioma@2x.png","datePublished":"2020-02-17T21:59:22+00:00","dateModified":"2022-11-02T10:26:56+00:00","breadcrumb":{"@id":"https:\/\/aksioma.org\/from-commons-to-nfts\/credits\/#breadcrumb"},"inLanguage":"en-GB","potentialAction":[{"@type":"ReadAction","target":["https:\/\/aksioma.org\/from-commons-to-nfts\/credits\/"]}]},{"@type":"ImageObject","inLanguage":"en-GB","@id":"https:\/\/aksioma.org\/from-commons-to-nfts\/credits\/#primaryimage","url":"https:\/\/aksioma.org\/from-commons-to-nfts\/wp-content\/uploads\/2022\/10\/aksioma@2x.png","contentUrl":"https:\/\/aksioma.org\/from-commons-to-nfts\/wp-content\/uploads\/2022\/10\/aksioma@2x.png","width":188,"height":80},{"@type":"BreadcrumbList","@id":"https:\/\/aksioma.org\/from-commons-to-nfts\/credits\/#breadcrumb","itemListElement":[{"@type":"ListItem","position":1,"name":"Home","item":"https:\/\/aksioma.org\/from-commons-to-nfts\/"},{"@type":"ListItem","position":2,"name":"Credits"}]},{"@type":"WebSite","@id":"https:\/\/aksioma.org\/from-commons-to-nfts\/#website","url":"https:\/\/aksioma.org\/from-commons-to-nfts\/","name":"From Commons to NFTs","description":"Konferenca","potentialAction":[{"@type":"SearchAction","target":{"@type":"EntryPoint","urlTemplate":"https:\/\/aksioma.org\/from-commons-to-nfts\/?s={search_term_string}"},"query-input":{"@type":"PropertyValueSpecification","valueRequired":true,"valueName":"search_term_string"}}],"inLanguage":"en-GB"}]}},"_links":{"self":[{"href":"https:\/\/aksioma.org\/from-commons-to-nfts\/wp-json\/wp\/v2\/pages\/151","targetHints":{"allow":["GET"]}}],"collection":[{"href":"https:\/\/aksioma.org\/from-commons-to-nfts\/wp-json\/wp\/v2\/pages"}],"about":[{"href":"https:\/\/aksioma.org\/from-commons-to-nfts\/wp-json\/wp\/v2\/types\/page"}],"author":[{"embeddable":true,"href":"https:\/\/aksioma.org\/from-commons-to-nfts\/wp-json\/wp\/v2\/users\/1"}],"replies":[{"embeddable":true,"href":"https:\/\/aksioma.org\/from-commons-to-nfts\/wp-json\/wp\/v2\/comments?post=151"}],"version-history":[{"count":11,"href":"https:\/\/aksioma.org\/from-commons-to-nfts\/wp-json\/wp\/v2\/pages\/151\/revisions"}],"predecessor-version":[{"id":1462,"href":"https:\/\/aksioma.org\/from-commons-to-nfts\/wp-json\/wp\/v2\/pages\/151\/revisions\/1462"}],"wp:attachment":[{"href":"https:\/\/aksioma.org\/from-commons-to-nfts\/wp-json\/wp\/v2\/media?parent=151"}],"curies":[{"name":"wp","href":"https:\/\/api.w.org\/{rel}","templated":true}]}}