{"id":147,"date":"2020-02-17T22:58:38","date_gmt":"2020-02-17T21:58:38","guid":{"rendered":"https:\/\/moneylab8.aksioma.org\/?page_id=147"},"modified":"2023-04-16T13:37:01","modified_gmt":"2023-04-16T11:37:01","slug":"kolofon","status":"publish","type":"page","link":"https:\/\/aksioma.org\/from-commons-to-nfts\/sl\/kolofon\/","title":{"rendered":"Kolofon"},"content":{"rendered":"\n<p><strong>Od SKUPNEGA do NFT-jev<\/strong><br> Hibridna konferenca<br> Kino \u0160i\u0161ka, Ljubljana \/ na spletu<\/p>\n\n\n\n<p>12. november 2022<\/p>\n\n\n\n<p><strong>Organizacija in produkcija:<\/strong><br>Aksioma \u2013 Zavod za sodobne umetnosti, Ljubljana, 2022<\/p>\n\n\n\n<figure class=\"wp-block-image size-large is-resized\"><a href=\"https:\/\/aksioma.org\/\"><img loading=\"lazy\" decoding=\"async\" src=\"https:\/\/aksioma.org\/from-commons-to-nfts\/wp-content\/uploads\/2022\/10\/aksioma@2x.png\" alt=\"\" class=\"wp-image-1350\" width=\"94\" height=\"40\"\/><\/a><\/figure>\n\n\n\n<p>Kuratorski odbor: Felix Stalder, Shu Lea Chang, Janez Fakin Jan\u0161a, Rok Kranjc<br>Organizator: Janez Fakin Jan\u0161a<br>Vodja produkcije: Marcela Okreti\u010d<br>Izvr\u0161na producentka: Sonja Grdina<br>Koordinacija v Kinu \u0160i\u0161ka: Simona Jerala<br>Izvedba spletnega prenosa: Fixmedia<br>Spletni razvijalec: Igor Kova\u010di\u0107<br>Celostna grafi\u010dna podoba: Federico Antonini, Alessio D\u2019Ellena (superness.info)<br>Animirana grafika: Domen Dimovski<\/p>\n\n\n\n<p><strong>Serija konferenc:<\/strong><br>Taktike &amp; praksa<\/p>\n\n\n\n<figure class=\"wp-block-image size-large is-resized\"><img loading=\"lazy\" decoding=\"async\" src=\"https:\/\/aksioma.org\/from-commons-to-nfts\/wp-content\/uploads\/2022\/10\/taktike-praksa@2x.png\" alt=\"\" class=\"wp-image-1357\" width=\"81\" height=\"40\"\/><\/figure>\n\n\n\n<p><strong>V okviru:<\/strong><br>konS \u2013 Platforma za sodobno raziskovalno umetnost<\/p>\n\n\n\n<figure class=\"wp-block-image size-large is-resized\"><img loading=\"lazy\" decoding=\"async\" src=\"https:\/\/aksioma.org\/from-commons-to-nfts\/wp-content\/uploads\/2022\/10\/kons@2x.png\" alt=\"\" class=\"wp-image-1353\" width=\"94\" height=\"40\"\/><\/figure>\n\n\n\n<p><strong>V partnerstvu s:<\/strong><br>Center za urbano kulturo Kino \u0160i\u0161ka, Lokalpatriot<\/p>\n\n\n\n<figure class=\"wp-block-image size-large is-resized\"><a href=\"https:\/\/www.kinosiska.si\/en\/\"><img loading=\"lazy\" decoding=\"async\" src=\"https:\/\/aksioma.org\/from-commons-to-nfts\/wp-content\/uploads\/2022\/10\/kino-siska@2x.png\" alt=\"\" class=\"wp-image-1351\" width=\"94\" height=\"40\"\/><\/a><\/figure>\n\n\n\n<figure class=\"wp-block-image size-large is-resized\"><a href=\"http:\/\/www.lokalpatriot.si\/\"><img loading=\"lazy\" decoding=\"async\" src=\"https:\/\/aksioma.org\/from-commons-to-nfts\/wp-content\/uploads\/2022\/10\/lokalni-patriot-2@2x.png\" alt=\"\" class=\"wp-image-1371\" width=\"145\" height=\"15\"\/><\/a><\/figure>\n\n\n\n<p><strong>Pridru\u017eeni partner:<br><\/strong>Ljudmila<\/p>\n\n\n\n<figure class=\"wp-block-image size-large is-resized\"><a href=\"https:\/\/wiki.ljudmila.org\/Main_Page\"><img loading=\"lazy\" decoding=\"async\" src=\"https:\/\/aksioma.org\/from-commons-to-nfts\/wp-content\/uploads\/2022\/10\/ljudmila@2x-1.png\" alt=\"\" class=\"wp-image-1356\" width=\"43\" height=\"40\"\/><\/a><\/figure>\n\n\n\n<p><strong>Outreach partnerji:<\/strong><br>WAM\/Fair Data Society, NERO, Makery<\/p>\n\n\n\n<figure class=\"wp-block-image size-large is-resized\"><img loading=\"lazy\" decoding=\"async\" src=\"https:\/\/aksioma.org\/from-commons-to-nfts\/wp-content\/uploads\/2022\/10\/wam-fds-transparent-70px.png\" alt=\"\" class=\"wp-image-1411\" width=\"142\" height=\"35\"\/><\/figure>\n\n\n\n<figure class=\"wp-block-image size-large is-resized\"><img loading=\"lazy\" decoding=\"async\" src=\"https:\/\/aksioma.org\/from-commons-to-nfts\/wp-content\/uploads\/2022\/10\/Nero_40px.png\" alt=\"\" class=\"wp-image-1410\" width=\"69\" height=\"20\"\/><\/figure>\n\n\n\n<figure class=\"wp-block-image size-large is-resized\"><a href=\"https:\/\/www.makery.info\/en\/\"><img loading=\"lazy\" decoding=\"async\" src=\"https:\/\/aksioma.org\/from-commons-to-nfts\/wp-content\/uploads\/2022\/10\/makery@2x.png\" alt=\"\" class=\"wp-image-1354\" width=\"118\" height=\"40\"\/><\/a><\/figure>\n\n\n\n<p><strong>Finan\u010dna podpora:<\/strong><br>Projekt konS \u2013 Platforma za sodobno raziskovalno umetnost je bil izbran na javnem razpisu za izbor operacij \u201cMre\u017ea centrov raziskovalnih umetnosti in kulture. Nalo\u017ebo sofinancirata Republika Slovenija in Evropska unija iz Evropskega sklada za regionalni razvoj.<\/p>\n\n\n\n<figure class=\"wp-block-image size-large is-resized\"><a href=\"https:\/\/www.gov.si\/en\/state-authorities\/ministries\/ministry-of-culture\/\"><img loading=\"lazy\" decoding=\"async\" src=\"https:\/\/aksioma.org\/from-commons-to-nfts\/wp-content\/uploads\/2022\/10\/mzk@2x-1.png\" alt=\"\" class=\"wp-image-1375\" width=\"197\" height=\"40\"\/><\/a><\/figure>\n\n\n\n<figure class=\"wp-block-image size-large is-resized\"><a href=\"https:\/\/ec.europa.eu\/regional_policy\/en\/funding\/erdf\/\"><img loading=\"lazy\" decoding=\"async\" src=\"https:\/\/aksioma.org\/from-commons-to-nfts\/wp-content\/uploads\/2022\/10\/eu-dev-fund-1.png\" alt=\"\" class=\"wp-image-1377\" width=\"157\" height=\"66\"\/><\/a><\/figure>\n\n\n\n<p><strong>Medijski sponzorji:<\/strong><br>Mladina, Europlakat<\/p>\n","protected":false},"excerpt":{"rendered":"<p>Od SKUPNEGA do NFT-jev Hibridna konferenca Kino \u0160i\u0161ka, Ljubljana \/ na spletu 12. november 2022 Organizacija in produkcija:Aksioma \u2013 Zavod za sodobne umetnosti, Ljubljana, 2022 Kuratorski odbor: Felix Stalder, Shu Lea Chang, Janez Fakin Jan\u0161a, Rok KranjcOrganizator: Janez Fakin Jan\u0161aVodja produkcije: Marcela Okreti\u010dIzvr\u0161na producentka: Sonja GrdinaKoordinacija v Kinu \u0160i\u0161ka: Simona JeralaIzvedba spletnega prenosa: FixmediaSpletni razvijalec:&#8230; <\/p>\n<div class=\"clear\"><\/div>\n<p><a href=\"https:\/\/aksioma.org\/from-commons-to-nfts\/sl\/kolofon\/\" class=\"gdlr-info-font excerpt-read-more\">Read More<\/a><\/p>\n","protected":false},"author":1,"featured_media":0,"parent":0,"menu_order":0,"comment_status":"closed","ping_status":"closed","template":"","meta":{"_acf_changed":false,"footnotes":""},"class_list":["post-147","page","type-page","status-publish","hentry"],"acf":[],"yoast_head":"<!-- This site is optimized with the Yoast SEO plugin v27.2 - https:\/\/yoast.com\/product\/yoast-seo-wordpress\/ -->\n<title>Kolofon - From Commons to NFTs<\/title>\n<meta name=\"robots\" content=\"index, follow, max-snippet:-1, max-image-preview:large, max-video-preview:-1\" \/>\n<link rel=\"canonical\" href=\"https:\/\/aksioma.org\/from-commons-to-nfts\/sl\/kolofon\/\" \/>\n<meta property=\"og:locale\" content=\"en_GB\" \/>\n<meta property=\"og:type\" content=\"article\" \/>\n<meta property=\"og:title\" content=\"Kolofon - From Commons to NFTs\" \/>\n<meta property=\"og:description\" content=\"Od SKUPNEGA do NFT-jev Hibridna konferenca Kino \u0160i\u0161ka, Ljubljana \/ na spletu 12. november 2022 Organizacija in produkcija:Aksioma \u2013 Zavod za sodobne umetnosti, Ljubljana, 2022 Kuratorski odbor: Felix Stalder, Shu Lea Chang, Janez Fakin Jan\u0161a, Rok KranjcOrganizator: Janez Fakin Jan\u0161aVodja produkcije: Marcela Okreti\u010dIzvr\u0161na producentka: Sonja GrdinaKoordinacija v Kinu \u0160i\u0161ka: Simona JeralaIzvedba spletnega prenosa: FixmediaSpletni razvijalec:... Read More\" \/>\n<meta property=\"og:url\" content=\"https:\/\/aksioma.org\/from-commons-to-nfts\/sl\/kolofon\/\" \/>\n<meta property=\"og:site_name\" content=\"From Commons to NFTs\" \/>\n<meta property=\"article:modified_time\" content=\"2023-04-16T11:37:01+00:00\" \/>\n<meta name=\"twitter:card\" content=\"summary_large_image\" \/>\n<meta name=\"twitter:image\" content=\"https:\/\/aksioma.org\/from-commons-to-nfts\/wp-content\/uploads\/2022\/10\/aksioma@2x.png\" \/>\n<meta name=\"twitter:label1\" content=\"Estimated reading time\" \/>\n\t<meta name=\"twitter:data1\" content=\"1 minute\" \/>\n<script type=\"application\/ld+json\" class=\"yoast-schema-graph\">{\"@context\":\"https:\/\/schema.org\",\"@graph\":[{\"@type\":\"WebPage\",\"@id\":\"https:\/\/aksioma.org\/from-commons-to-nfts\/sl\/kolofon\/\",\"url\":\"https:\/\/aksioma.org\/from-commons-to-nfts\/sl\/kolofon\/\",\"name\":\"Kolofon - From Commons to NFTs\",\"isPartOf\":{\"@id\":\"https:\/\/aksioma.org\/from-commons-to-nfts\/#website\"},\"primaryImageOfPage\":{\"@id\":\"https:\/\/aksioma.org\/from-commons-to-nfts\/sl\/kolofon\/#primaryimage\"},\"image\":{\"@id\":\"https:\/\/aksioma.org\/from-commons-to-nfts\/sl\/kolofon\/#primaryimage\"},\"thumbnailUrl\":\"https:\/\/aksioma.org\/from-commons-to-nfts\/wp-content\/uploads\/2022\/10\/aksioma@2x.png\",\"datePublished\":\"2020-02-17T21:58:38+00:00\",\"dateModified\":\"2023-04-16T11:37:01+00:00\",\"breadcrumb\":{\"@id\":\"https:\/\/aksioma.org\/from-commons-to-nfts\/sl\/kolofon\/#breadcrumb\"},\"inLanguage\":\"en-GB\",\"potentialAction\":[{\"@type\":\"ReadAction\",\"target\":[\"https:\/\/aksioma.org\/from-commons-to-nfts\/sl\/kolofon\/\"]}]},{\"@type\":\"ImageObject\",\"inLanguage\":\"en-GB\",\"@id\":\"https:\/\/aksioma.org\/from-commons-to-nfts\/sl\/kolofon\/#primaryimage\",\"url\":\"https:\/\/aksioma.org\/from-commons-to-nfts\/wp-content\/uploads\/2022\/10\/aksioma@2x.png\",\"contentUrl\":\"https:\/\/aksioma.org\/from-commons-to-nfts\/wp-content\/uploads\/2022\/10\/aksioma@2x.png\",\"width\":188,\"height\":80},{\"@type\":\"BreadcrumbList\",\"@id\":\"https:\/\/aksioma.org\/from-commons-to-nfts\/sl\/kolofon\/#breadcrumb\",\"itemListElement\":[{\"@type\":\"ListItem\",\"position\":1,\"name\":\"Home\",\"item\":\"https:\/\/aksioma.org\/from-commons-to-nfts\/\"},{\"@type\":\"ListItem\",\"position\":2,\"name\":\"Kolofon\"}]},{\"@type\":\"WebSite\",\"@id\":\"https:\/\/aksioma.org\/from-commons-to-nfts\/#website\",\"url\":\"https:\/\/aksioma.org\/from-commons-to-nfts\/\",\"name\":\"From Commons to NFTs\",\"description\":\"Konferenca\",\"potentialAction\":[{\"@type\":\"SearchAction\",\"target\":{\"@type\":\"EntryPoint\",\"urlTemplate\":\"https:\/\/aksioma.org\/from-commons-to-nfts\/?s={search_term_string}\"},\"query-input\":{\"@type\":\"PropertyValueSpecification\",\"valueRequired\":true,\"valueName\":\"search_term_string\"}}],\"inLanguage\":\"en-GB\"}]}<\/script>\n<!-- \/ Yoast SEO plugin. -->","yoast_head_json":{"title":"Kolofon - From Commons to NFTs","robots":{"index":"index","follow":"follow","max-snippet":"max-snippet:-1","max-image-preview":"max-image-preview:large","max-video-preview":"max-video-preview:-1"},"canonical":"https:\/\/aksioma.org\/from-commons-to-nfts\/sl\/kolofon\/","og_locale":"en_GB","og_type":"article","og_title":"Kolofon - From Commons to NFTs","og_description":"Od SKUPNEGA do NFT-jev Hibridna konferenca Kino \u0160i\u0161ka, Ljubljana \/ na spletu 12. november 2022 Organizacija in produkcija:Aksioma \u2013 Zavod za sodobne umetnosti, Ljubljana, 2022 Kuratorski odbor: Felix Stalder, Shu Lea Chang, Janez Fakin Jan\u0161a, Rok KranjcOrganizator: Janez Fakin Jan\u0161aVodja produkcije: Marcela Okreti\u010dIzvr\u0161na producentka: Sonja GrdinaKoordinacija v Kinu \u0160i\u0161ka: Simona JeralaIzvedba spletnega prenosa: FixmediaSpletni razvijalec:... Read More","og_url":"https:\/\/aksioma.org\/from-commons-to-nfts\/sl\/kolofon\/","og_site_name":"From Commons to NFTs","article_modified_time":"2023-04-16T11:37:01+00:00","twitter_card":"summary_large_image","twitter_image":"https:\/\/aksioma.org\/from-commons-to-nfts\/wp-content\/uploads\/2022\/10\/aksioma@2x.png","twitter_misc":{"Estimated reading time":"1 minute"},"schema":{"@context":"https:\/\/schema.org","@graph":[{"@type":"WebPage","@id":"https:\/\/aksioma.org\/from-commons-to-nfts\/sl\/kolofon\/","url":"https:\/\/aksioma.org\/from-commons-to-nfts\/sl\/kolofon\/","name":"Kolofon - From Commons to NFTs","isPartOf":{"@id":"https:\/\/aksioma.org\/from-commons-to-nfts\/#website"},"primaryImageOfPage":{"@id":"https:\/\/aksioma.org\/from-commons-to-nfts\/sl\/kolofon\/#primaryimage"},"image":{"@id":"https:\/\/aksioma.org\/from-commons-to-nfts\/sl\/kolofon\/#primaryimage"},"thumbnailUrl":"https:\/\/aksioma.org\/from-commons-to-nfts\/wp-content\/uploads\/2022\/10\/aksioma@2x.png","datePublished":"2020-02-17T21:58:38+00:00","dateModified":"2023-04-16T11:37:01+00:00","breadcrumb":{"@id":"https:\/\/aksioma.org\/from-commons-to-nfts\/sl\/kolofon\/#breadcrumb"},"inLanguage":"en-GB","potentialAction":[{"@type":"ReadAction","target":["https:\/\/aksioma.org\/from-commons-to-nfts\/sl\/kolofon\/"]}]},{"@type":"ImageObject","inLanguage":"en-GB","@id":"https:\/\/aksioma.org\/from-commons-to-nfts\/sl\/kolofon\/#primaryimage","url":"https:\/\/aksioma.org\/from-commons-to-nfts\/wp-content\/uploads\/2022\/10\/aksioma@2x.png","contentUrl":"https:\/\/aksioma.org\/from-commons-to-nfts\/wp-content\/uploads\/2022\/10\/aksioma@2x.png","width":188,"height":80},{"@type":"BreadcrumbList","@id":"https:\/\/aksioma.org\/from-commons-to-nfts\/sl\/kolofon\/#breadcrumb","itemListElement":[{"@type":"ListItem","position":1,"name":"Home","item":"https:\/\/aksioma.org\/from-commons-to-nfts\/"},{"@type":"ListItem","position":2,"name":"Kolofon"}]},{"@type":"WebSite","@id":"https:\/\/aksioma.org\/from-commons-to-nfts\/#website","url":"https:\/\/aksioma.org\/from-commons-to-nfts\/","name":"From Commons to NFTs","description":"Konferenca","potentialAction":[{"@type":"SearchAction","target":{"@type":"EntryPoint","urlTemplate":"https:\/\/aksioma.org\/from-commons-to-nfts\/?s={search_term_string}"},"query-input":{"@type":"PropertyValueSpecification","valueRequired":true,"valueName":"search_term_string"}}],"inLanguage":"en-GB"}]}},"_links":{"self":[{"href":"https:\/\/aksioma.org\/from-commons-to-nfts\/wp-json\/wp\/v2\/pages\/147","targetHints":{"allow":["GET"]}}],"collection":[{"href":"https:\/\/aksioma.org\/from-commons-to-nfts\/wp-json\/wp\/v2\/pages"}],"about":[{"href":"https:\/\/aksioma.org\/from-commons-to-nfts\/wp-json\/wp\/v2\/types\/page"}],"author":[{"embeddable":true,"href":"https:\/\/aksioma.org\/from-commons-to-nfts\/wp-json\/wp\/v2\/users\/1"}],"replies":[{"embeddable":true,"href":"https:\/\/aksioma.org\/from-commons-to-nfts\/wp-json\/wp\/v2\/comments?post=147"}],"version-history":[{"count":10,"href":"https:\/\/aksioma.org\/from-commons-to-nfts\/wp-json\/wp\/v2\/pages\/147\/revisions"}],"predecessor-version":[{"id":1569,"href":"https:\/\/aksioma.org\/from-commons-to-nfts\/wp-json\/wp\/v2\/pages\/147\/revisions\/1569"}],"wp:attachment":[{"href":"https:\/\/aksioma.org\/from-commons-to-nfts\/wp-json\/wp\/v2\/media?parent=147"}],"curies":[{"name":"wp","href":"https:\/\/api.w.org\/{rel}","templated":true}]}}