{"id":1181,"date":"2022-10-01T18:03:45","date_gmt":"2022-10-01T16:03:45","guid":{"rendered":"https:\/\/aksioma.org\/from-commons-to-nfts\/?page_id=1181"},"modified":"2022-10-21T11:34:38","modified_gmt":"2022-10-21T09:34:38","slug":"publication","status":"publish","type":"page","link":"https:\/\/aksioma.org\/from-commons-to-nfts\/publication\/","title":{"rendered":"Publication"},"content":{"rendered":"\n<figure class=\"wp-block-video\"><video height=\"2000\" style=\"aspect-ratio: 2000 \/ 2000;\" width=\"2000\" autoplay loop muted src=\"https:\/\/aksioma.org\/from-commons-to-nfts\/wp-content\/uploads\/2022\/10\/Mockup_From-COMMONS-to-NFTs-1.mp4\"><\/video><\/figure>\n\n\n\n<p style=\"font-size:22px\">The seven essays in this book examine the desires and impulses that  drive digital culture, focusing on the shift from commons to NFTs, from  new forms of sharing to the expansion of private ownership and tradable  commodities. They reveal just how much our culture has been transformed  in the last 20 years, but also unearth surprising continuities between  the commons and some of the truly experimental uses of blockchains.<\/p>\n\n\n\n<p style=\"font-size:22px\">Written  by artists, researchers, curators and technologists from Europe, North  America and East Asia, these essays bring much-needed first-hand  experience and long-term perspective to the discussion.<\/p>\n\n\n\n<div class=\"wp-block-button\"><a class=\"wp-block-button__link has-background no-border-radius\" href=\"https:\/\/form.jotform.com\/211172647049354\" style=\"background-color:#ff231b\" target=\"_blank\" rel=\"noreferrer noopener\">ORDER<\/a><\/div>\n\n\n\n<div style=\"height:100px\" aria-hidden=\"true\" class=\"wp-block-spacer\"><\/div>\n\n\n\n<h3 class=\"wp-block-heading\">COLOPHON<\/h3>\n\n\n\n<p class=\"has-normal-font-size\"><strong><em>From Commons to NFTs<\/em><\/strong><br>Contributors:  Felix Stalder, Yukiko Shikata, Michelle Kasprzak, Denis \u201cJaromil\u201d Roio,  Cornelia Sollfrank, Jaya Klara Brekke, Lee Tzu-Tung<br><br>Editors: Felix Stalder, Janez Fakin Jan\u0161a<br>Editorial assistant: Rok Kranjc<br>Language editors: Miha \u0160u\u0161tar, Cherise Fong<br>Japanese language consultant: Iztok Ilc <br>Design and layout: Federico Antonini, Alessio D\u2019Ellena (superness.info)<br><br>Print: Collegium Graphicum<br>No. of copies: 300<br><br>Format: 10.5 x 16.7 cm<br>Pages: 120<br>Language: EN<br>Year: 2022<br>ISBN: 978-961-7173-17-8<br><br>Published by: Aksioma \u2013 Institute for Contemporary Art, Ljubljana<br>Represented by: Marcela Okreti\u010d<br>Ljubljana, October 2022<br><br>Attribution-NonCommercial-ShareAlike 4.0<br><a rel=\"noreferrer noopener\" href=\"https:\/\/creativecommons.org\/licenses\/by-nc-sa\/4.0\" target=\"_blank\">https:\/\/creativecommons.org\/licenses\/by-nc-sa\/4.0<\/a><br><br>Promotion and distribution: Sonja Grdina<br><br>Supported by: the Ministry of Culture of the Republic of Slovenia and the Municipality of Ljubljana<br><br>Originally  published in the online magazine Makery.info between January and July  2022 in both English and French for the essay series <em>From Commons to NFTs<\/em> initiated by Shu Lea Cheang, Felix Stalder and Ewen Chardronnet. Makery is a project by ART2M, directed by Anne-C\u00e9cile Worms.<br><a rel=\"noreferrer noopener\" href=\"https:\/\/www.makery.info\/en\/category\/from-commons-to-nfts\/\" target=\"_blank\">www.makery.info\/en\/category\/from-commons-to-nfts<\/a><\/p>\n","protected":false},"excerpt":{"rendered":"<p>The seven essays in this book examine the desires and impulses that drive digital culture, focusing on the shift from commons to NFTs, from new forms of sharing to the expansion of private ownership and tradable commodities. They reveal just how much our culture has been transformed in the last 20 years, but also unearth&#8230; <\/p>\n<div class=\"clear\"><\/div>\n<p><a href=\"https:\/\/aksioma.org\/from-commons-to-nfts\/publication\/\" class=\"gdlr-info-font excerpt-read-more\">Read More<\/a><\/p>\n","protected":false},"author":1,"featured_media":0,"parent":0,"menu_order":0,"comment_status":"closed","ping_status":"closed","template":"","meta":{"_acf_changed":false,"footnotes":""},"class_list":["post-1181","page","type-page","status-publish","hentry"],"acf":[],"yoast_head":"<!-- This site is optimized with the Yoast SEO plugin v27.2 - https:\/\/yoast.com\/product\/yoast-seo-wordpress\/ -->\n<title>Publication - From Commons to NFTs<\/title>\n<meta name=\"robots\" content=\"index, follow, max-snippet:-1, max-image-preview:large, max-video-preview:-1\" \/>\n<link rel=\"canonical\" href=\"https:\/\/aksioma.org\/from-commons-to-nfts\/publication\/\" \/>\n<meta property=\"og:locale\" content=\"en_GB\" \/>\n<meta property=\"og:type\" content=\"article\" \/>\n<meta property=\"og:title\" content=\"Publication - From Commons to NFTs\" \/>\n<meta property=\"og:description\" content=\"The seven essays in this book examine the desires and impulses that drive digital culture, focusing on the shift from commons to NFTs, from new forms of sharing to the expansion of private ownership and tradable commodities. They reveal just how much our culture has been transformed in the last 20 years, but also unearth... Read More\" \/>\n<meta property=\"og:url\" content=\"https:\/\/aksioma.org\/from-commons-to-nfts\/publication\/\" \/>\n<meta property=\"og:site_name\" content=\"From Commons to NFTs\" \/>\n<meta property=\"article:modified_time\" content=\"2022-10-21T09:34:38+00:00\" \/>\n<meta name=\"twitter:card\" content=\"summary_large_image\" \/>\n<meta name=\"twitter:label1\" content=\"Estimated reading time\" \/>\n\t<meta name=\"twitter:data1\" content=\"1 minute\" \/>\n<script type=\"application\/ld+json\" class=\"yoast-schema-graph\">{\"@context\":\"https:\/\/schema.org\",\"@graph\":[{\"@type\":\"WebPage\",\"@id\":\"https:\/\/aksioma.org\/from-commons-to-nfts\/publication\/\",\"url\":\"https:\/\/aksioma.org\/from-commons-to-nfts\/publication\/\",\"name\":\"Publication - From Commons to NFTs\",\"isPartOf\":{\"@id\":\"https:\/\/aksioma.org\/from-commons-to-nfts\/#website\"},\"datePublished\":\"2022-10-01T16:03:45+00:00\",\"dateModified\":\"2022-10-21T09:34:38+00:00\",\"breadcrumb\":{\"@id\":\"https:\/\/aksioma.org\/from-commons-to-nfts\/publication\/#breadcrumb\"},\"inLanguage\":\"en-GB\",\"potentialAction\":[{\"@type\":\"ReadAction\",\"target\":[\"https:\/\/aksioma.org\/from-commons-to-nfts\/publication\/\"]}]},{\"@type\":\"BreadcrumbList\",\"@id\":\"https:\/\/aksioma.org\/from-commons-to-nfts\/publication\/#breadcrumb\",\"itemListElement\":[{\"@type\":\"ListItem\",\"position\":1,\"name\":\"Home\",\"item\":\"https:\/\/aksioma.org\/from-commons-to-nfts\/\"},{\"@type\":\"ListItem\",\"position\":2,\"name\":\"Publication\"}]},{\"@type\":\"WebSite\",\"@id\":\"https:\/\/aksioma.org\/from-commons-to-nfts\/#website\",\"url\":\"https:\/\/aksioma.org\/from-commons-to-nfts\/\",\"name\":\"From Commons to NFTs\",\"description\":\"Konferenca\",\"potentialAction\":[{\"@type\":\"SearchAction\",\"target\":{\"@type\":\"EntryPoint\",\"urlTemplate\":\"https:\/\/aksioma.org\/from-commons-to-nfts\/?s={search_term_string}\"},\"query-input\":{\"@type\":\"PropertyValueSpecification\",\"valueRequired\":true,\"valueName\":\"search_term_string\"}}],\"inLanguage\":\"en-GB\"}]}<\/script>\n<!-- \/ Yoast SEO plugin. -->","yoast_head_json":{"title":"Publication - From Commons to NFTs","robots":{"index":"index","follow":"follow","max-snippet":"max-snippet:-1","max-image-preview":"max-image-preview:large","max-video-preview":"max-video-preview:-1"},"canonical":"https:\/\/aksioma.org\/from-commons-to-nfts\/publication\/","og_locale":"en_GB","og_type":"article","og_title":"Publication - From Commons to NFTs","og_description":"The seven essays in this book examine the desires and impulses that drive digital culture, focusing on the shift from commons to NFTs, from new forms of sharing to the expansion of private ownership and tradable commodities. They reveal just how much our culture has been transformed in the last 20 years, but also unearth... Read More","og_url":"https:\/\/aksioma.org\/from-commons-to-nfts\/publication\/","og_site_name":"From Commons to NFTs","article_modified_time":"2022-10-21T09:34:38+00:00","twitter_card":"summary_large_image","twitter_misc":{"Estimated reading time":"1 minute"},"schema":{"@context":"https:\/\/schema.org","@graph":[{"@type":"WebPage","@id":"https:\/\/aksioma.org\/from-commons-to-nfts\/publication\/","url":"https:\/\/aksioma.org\/from-commons-to-nfts\/publication\/","name":"Publication - From Commons to NFTs","isPartOf":{"@id":"https:\/\/aksioma.org\/from-commons-to-nfts\/#website"},"datePublished":"2022-10-01T16:03:45+00:00","dateModified":"2022-10-21T09:34:38+00:00","breadcrumb":{"@id":"https:\/\/aksioma.org\/from-commons-to-nfts\/publication\/#breadcrumb"},"inLanguage":"en-GB","potentialAction":[{"@type":"ReadAction","target":["https:\/\/aksioma.org\/from-commons-to-nfts\/publication\/"]}]},{"@type":"BreadcrumbList","@id":"https:\/\/aksioma.org\/from-commons-to-nfts\/publication\/#breadcrumb","itemListElement":[{"@type":"ListItem","position":1,"name":"Home","item":"https:\/\/aksioma.org\/from-commons-to-nfts\/"},{"@type":"ListItem","position":2,"name":"Publication"}]},{"@type":"WebSite","@id":"https:\/\/aksioma.org\/from-commons-to-nfts\/#website","url":"https:\/\/aksioma.org\/from-commons-to-nfts\/","name":"From Commons to NFTs","description":"Konferenca","potentialAction":[{"@type":"SearchAction","target":{"@type":"EntryPoint","urlTemplate":"https:\/\/aksioma.org\/from-commons-to-nfts\/?s={search_term_string}"},"query-input":{"@type":"PropertyValueSpecification","valueRequired":true,"valueName":"search_term_string"}}],"inLanguage":"en-GB"}]}},"_links":{"self":[{"href":"https:\/\/aksioma.org\/from-commons-to-nfts\/wp-json\/wp\/v2\/pages\/1181","targetHints":{"allow":["GET"]}}],"collection":[{"href":"https:\/\/aksioma.org\/from-commons-to-nfts\/wp-json\/wp\/v2\/pages"}],"about":[{"href":"https:\/\/aksioma.org\/from-commons-to-nfts\/wp-json\/wp\/v2\/types\/page"}],"author":[{"embeddable":true,"href":"https:\/\/aksioma.org\/from-commons-to-nfts\/wp-json\/wp\/v2\/users\/1"}],"replies":[{"embeddable":true,"href":"https:\/\/aksioma.org\/from-commons-to-nfts\/wp-json\/wp\/v2\/comments?post=1181"}],"version-history":[{"count":10,"href":"https:\/\/aksioma.org\/from-commons-to-nfts\/wp-json\/wp\/v2\/pages\/1181\/revisions"}],"predecessor-version":[{"id":1450,"href":"https:\/\/aksioma.org\/from-commons-to-nfts\/wp-json\/wp\/v2\/pages\/1181\/revisions\/1450"}],"wp:attachment":[{"href":"https:\/\/aksioma.org\/from-commons-to-nfts\/wp-json\/wp\/v2\/media?parent=1181"}],"curies":[{"name":"wp","href":"https:\/\/api.w.org\/{rel}","templated":true}]}}