{"id":191,"date":"2023-02-15T06:47:01","date_gmt":"2023-02-15T05:47:01","guid":{"rendered":"https:\/\/aksioma.org\/scale\/?page_id=191"},"modified":"2026-02-22T12:26:27","modified_gmt":"2026-02-22T11:26:27","slug":"kolofon","status":"publish","type":"page","link":"https:\/\/aksioma.org\/becomingimage\/sl\/kolofon\/","title":{"rendered":"Kolofon"},"content":{"rendered":"\n<p><strong><em>Taktike&amp;Praksa #17: <strong><em>Becoming Image<\/em><\/strong><\/em><br>Ljubljana, februar\u2013junij 2026<\/strong><\/p>\n\n\n\n<p><strong>Sodelujo\u010di:<\/strong><br>Alan Warburton, Felicity Hammond, Martyna Marciniak, Nina Davies, Rebecca Edwards, Sheung Yiu, Simone C Niquille, in drugi<\/p>\n\n\n\n<p><strong>Kurator:<\/strong><br>Marco De Mutiis<\/p>\n\n\n\n<p>Umetni\u0161ki vodja: Janez Fakin Jan\u0161a<br>Vodja produkcije: Marcela Okreti\u010d<br>Asistentka produkcije: Ema Maznik Anti\u0107<br>Promocija in upravljanje dru\u017ebenih medijev: Ne\u017ea Bukovec, Dominika Ma\u0161a Kozar, Sara Be\u0161lin Vatovec<br>Spletni razvijalec: Igor Kova\u010di\u0107<br>Celostna grafi\u010dna podoba: Federico Antonini<br>Animacija: Lara Reichmann<br>Glasba: Ga\u0161per Torkar<\/p>\n\n\n\n<p>Koordinacija v Kinu \u0160i\u0161ka: Jasna Jernej\u0161ek<br>Tehni\u010dna ekipa: Valter Udovi\u010di\u0107, Matej Marin\u010dek, Matev\u017e Fti\u010dar<\/p>\n\n\n\n<p><strong>Produkcija in organizacija:<\/strong><br>Aksioma \u2013 Zavod za sodobne umetnosti, Ljubljana, 2026<\/p>\n\n\n\n<figure class=\"wp-block-image size-full is-resized\"><img loading=\"lazy\" decoding=\"async\" width=\"188\" height=\"80\" src=\"https:\/\/aksioma.org\/ayasu\/wp-content\/uploads\/2023\/02\/aksioma@2x.png\" alt=\"\" class=\"wp-image-173\" style=\"width:auto;height:40px\"\/><\/figure>\n\n\n\n<p><strong>V sodelovanju s:<\/strong><br>Center urbane kulture Kino \u0160i\u0161ka<br>ALUO \u2013 Akademija za likovno umetnost in oblikovanje Univerze v Ljubljani<\/p>\n\n\n\n<div class=\"wp-block-group is-nowrap is-layout-flex wp-container-core-group-is-layout-ad2f72ca wp-block-group-is-layout-flex\">\n<figure class=\"wp-block-image size-full is-resized\"><img loading=\"lazy\" decoding=\"async\" width=\"188\" height=\"80\" src=\"https:\/\/aksioma.org\/ayasu\/wp-content\/uploads\/2023\/02\/kino-siska@2x.png\" alt=\"\" class=\"wp-image-178\" style=\"width:auto;height:40px\"\/><\/figure>\n\n\n\n<figure class=\"wp-block-image size-full is-resized\"><img loading=\"lazy\" decoding=\"async\" width=\"211\" height=\"80\" src=\"https:\/\/aksioma.org\/ayasu\/wp-content\/uploads\/2025\/02\/aluo-new@2x.png\" alt=\"\" class=\"wp-image-1288\" style=\"width:auto;height:40px\"\/><\/figure>\n<\/div>\n\n\n\n<p><strong>V okviru serije:<\/strong><br>taktike&amp;praksa<\/p>\n\n\n\n<figure class=\"wp-block-image size-full is-resized\"><img loading=\"lazy\" decoding=\"async\" width=\"164\" height=\"80\" src=\"https:\/\/aksioma.org\/ayasu\/wp-content\/uploads\/2025\/02\/tip-sl@2x.png\" alt=\"\" class=\"wp-image-1210\" style=\"width:auto;height:40px\"\/><\/figure>\n\n\n\n<p><strong>Finan\u010dna podpora:<\/strong><br>Ministrstvo za kulturo Republike Slovenije<br>Mestna ob\u010dina Ljubljana<br>Italijanski in\u0161titut za kulturo v Sloveniji<\/p>\n\n\n\n<p><strong>Partnerji:<\/strong><br>Moderna galerija<br>SCCA\u2013 Zavod za sodobno umetnost<br>Festival V-F-X Ljubljana<br>Slovenska kinoteka<br><br><strong>Medijski partner:<br><\/strong>DPG<\/p>\n\n\n\n<p>Razstava Nine Davies je nastala v partnerstvu s Fotomuseum Winterthur.<br><\/p>\n\n\n\n<p><\/p>\n","protected":false},"excerpt":{"rendered":"<p>Taktike&amp;Praksa #17: Becoming ImageLjubljana, februar\u2013junij 2026 Sodelujo\u010di:Alan Warburton, Felicity Hammond, Martyna Marciniak, Nina Davies, Rebecca Edwards, Sheung Yiu, Simone C Niquille, in drugi Kurator:Marco De Mutiis Umetni\u0161ki vodja: Janez Fakin Jan\u0161aVodja produkcije: Marcela Okreti\u010dAsistentka produkcije: Ema Maznik Anti\u0107Promocija in upravljanje dru\u017ebenih medijev: Ne\u017ea Bukovec, Dominika Ma\u0161a Kozar, Sara Be\u0161lin VatovecSpletni razvijalec: Igor Kova\u010di\u0107Celostna grafi\u010dna podoba: [&hellip;]<\/p>\n","protected":false},"author":2,"featured_media":0,"parent":0,"menu_order":90,"comment_status":"closed","ping_status":"closed","template":"","meta":{"_acf_changed":false,"footnotes":""},"class_list":["post-191","page","type-page","status-publish","hentry"],"acf":[],"yoast_head":"<!-- This site is optimized with the Yoast SEO plugin v27.2 - https:\/\/yoast.com\/product\/yoast-seo-wordpress\/ -->\n<title>Kolofon - Tactics&amp;Practice #17: Becoming image<\/title>\n<meta name=\"robots\" content=\"index, follow, max-snippet:-1, max-image-preview:large, max-video-preview:-1\" \/>\n<link rel=\"canonical\" href=\"https:\/\/aksioma.org\/becomingimage\/sl\/kolofon\/\" \/>\n<meta property=\"og:locale\" content=\"en_US\" \/>\n<meta property=\"og:type\" content=\"article\" \/>\n<meta property=\"og:title\" content=\"Kolofon - Tactics&amp;Practice #17: Becoming image\" \/>\n<meta property=\"og:description\" content=\"Taktike&amp;Praksa #17: Becoming ImageLjubljana, februar\u2013junij 2026 Sodelujo\u010di:Alan Warburton, Felicity Hammond, Martyna Marciniak, Nina Davies, Rebecca Edwards, Sheung Yiu, Simone C Niquille, in drugi Kurator:Marco De Mutiis Umetni\u0161ki vodja: Janez Fakin Jan\u0161aVodja produkcije: Marcela Okreti\u010dAsistentka produkcije: Ema Maznik Anti\u0107Promocija in upravljanje dru\u017ebenih medijev: Ne\u017ea Bukovec, Dominika Ma\u0161a Kozar, Sara Be\u0161lin VatovecSpletni razvijalec: Igor Kova\u010di\u0107Celostna grafi\u010dna podoba: [&hellip;]\" \/>\n<meta property=\"og:url\" content=\"https:\/\/aksioma.org\/becomingimage\/sl\/kolofon\/\" \/>\n<meta property=\"og:site_name\" content=\"Tactics&amp;Practice #17: Becoming image\" \/>\n<meta property=\"article:modified_time\" content=\"2026-02-22T11:26:27+00:00\" \/>\n<meta property=\"og:image\" content=\"https:\/\/aksioma.org\/becomingimage\/wp-content\/uploads\/2023\/02\/aksioma@2x.png\" \/>\n\t<meta property=\"og:image:width\" content=\"188\" \/>\n\t<meta property=\"og:image:height\" content=\"80\" \/>\n\t<meta property=\"og:image:type\" content=\"image\/png\" \/>\n<meta name=\"twitter:card\" content=\"summary_large_image\" \/>\n<meta name=\"twitter:label1\" content=\"Est. reading time\" \/>\n\t<meta name=\"twitter:data1\" content=\"2 minutes\" \/>\n<script type=\"application\/ld+json\" class=\"yoast-schema-graph\">{\"@context\":\"https:\/\/schema.org\",\"@graph\":[{\"@type\":\"WebPage\",\"@id\":\"https:\/\/aksioma.org\/becomingimage\/sl\/kolofon\/\",\"url\":\"https:\/\/aksioma.org\/becomingimage\/sl\/kolofon\/\",\"name\":\"Kolofon - Tactics&amp;Practice #17: Becoming image\",\"isPartOf\":{\"@id\":\"https:\/\/aksioma.org\/becomingimage\/#website\"},\"primaryImageOfPage\":{\"@id\":\"https:\/\/aksioma.org\/becomingimage\/sl\/kolofon\/#primaryimage\"},\"image\":{\"@id\":\"https:\/\/aksioma.org\/becomingimage\/sl\/kolofon\/#primaryimage\"},\"thumbnailUrl\":\"https:\/\/aksioma.org\/ayasu\/wp-content\/uploads\/2023\/02\/aksioma@2x.png\",\"datePublished\":\"2023-02-15T05:47:01+00:00\",\"dateModified\":\"2026-02-22T11:26:27+00:00\",\"breadcrumb\":{\"@id\":\"https:\/\/aksioma.org\/becomingimage\/sl\/kolofon\/#breadcrumb\"},\"inLanguage\":\"en-US\",\"potentialAction\":[{\"@type\":\"ReadAction\",\"target\":[\"https:\/\/aksioma.org\/becomingimage\/sl\/kolofon\/\"]}]},{\"@type\":\"ImageObject\",\"inLanguage\":\"en-US\",\"@id\":\"https:\/\/aksioma.org\/becomingimage\/sl\/kolofon\/#primaryimage\",\"url\":\"https:\/\/aksioma.org\/ayasu\/wp-content\/uploads\/2023\/02\/aksioma@2x.png\",\"contentUrl\":\"https:\/\/aksioma.org\/ayasu\/wp-content\/uploads\/2023\/02\/aksioma@2x.png\"},{\"@type\":\"BreadcrumbList\",\"@id\":\"https:\/\/aksioma.org\/becomingimage\/sl\/kolofon\/#breadcrumb\",\"itemListElement\":[{\"@type\":\"ListItem\",\"position\":1,\"name\":\"Home\",\"item\":\"https:\/\/aksioma.org\/becomingimage\/\"},{\"@type\":\"ListItem\",\"position\":2,\"name\":\"Kolofon\"}]},{\"@type\":\"WebSite\",\"@id\":\"https:\/\/aksioma.org\/becomingimage\/#website\",\"url\":\"https:\/\/aksioma.org\/becomingimage\/\",\"name\":\"Tactics&amp;Practice #17: Becoming image\",\"description\":\"\",\"potentialAction\":[{\"@type\":\"SearchAction\",\"target\":{\"@type\":\"EntryPoint\",\"urlTemplate\":\"https:\/\/aksioma.org\/becomingimage\/?s={search_term_string}\"},\"query-input\":{\"@type\":\"PropertyValueSpecification\",\"valueRequired\":true,\"valueName\":\"search_term_string\"}}],\"inLanguage\":\"en-US\"}]}<\/script>\n<!-- \/ Yoast SEO plugin. -->","yoast_head_json":{"title":"Kolofon - Tactics&amp;Practice #17: Becoming image","robots":{"index":"index","follow":"follow","max-snippet":"max-snippet:-1","max-image-preview":"max-image-preview:large","max-video-preview":"max-video-preview:-1"},"canonical":"https:\/\/aksioma.org\/becomingimage\/sl\/kolofon\/","og_locale":"en_US","og_type":"article","og_title":"Kolofon - Tactics&amp;Practice #17: Becoming image","og_description":"Taktike&amp;Praksa #17: Becoming ImageLjubljana, februar\u2013junij 2026 Sodelujo\u010di:Alan Warburton, Felicity Hammond, Martyna Marciniak, Nina Davies, Rebecca Edwards, Sheung Yiu, Simone C Niquille, in drugi Kurator:Marco De Mutiis Umetni\u0161ki vodja: Janez Fakin Jan\u0161aVodja produkcije: Marcela Okreti\u010dAsistentka produkcije: Ema Maznik Anti\u0107Promocija in upravljanje dru\u017ebenih medijev: Ne\u017ea Bukovec, Dominika Ma\u0161a Kozar, Sara Be\u0161lin VatovecSpletni razvijalec: Igor Kova\u010di\u0107Celostna grafi\u010dna podoba: [&hellip;]","og_url":"https:\/\/aksioma.org\/becomingimage\/sl\/kolofon\/","og_site_name":"Tactics&amp;Practice #17: Becoming image","article_modified_time":"2026-02-22T11:26:27+00:00","og_image":[{"width":188,"height":80,"url":"https:\/\/aksioma.org\/becomingimage\/wp-content\/uploads\/2023\/02\/aksioma@2x.png","type":"image\/png"}],"twitter_card":"summary_large_image","twitter_misc":{"Est. reading time":"2 minutes"},"schema":{"@context":"https:\/\/schema.org","@graph":[{"@type":"WebPage","@id":"https:\/\/aksioma.org\/becomingimage\/sl\/kolofon\/","url":"https:\/\/aksioma.org\/becomingimage\/sl\/kolofon\/","name":"Kolofon - Tactics&amp;Practice #17: Becoming image","isPartOf":{"@id":"https:\/\/aksioma.org\/becomingimage\/#website"},"primaryImageOfPage":{"@id":"https:\/\/aksioma.org\/becomingimage\/sl\/kolofon\/#primaryimage"},"image":{"@id":"https:\/\/aksioma.org\/becomingimage\/sl\/kolofon\/#primaryimage"},"thumbnailUrl":"https:\/\/aksioma.org\/ayasu\/wp-content\/uploads\/2023\/02\/aksioma@2x.png","datePublished":"2023-02-15T05:47:01+00:00","dateModified":"2026-02-22T11:26:27+00:00","breadcrumb":{"@id":"https:\/\/aksioma.org\/becomingimage\/sl\/kolofon\/#breadcrumb"},"inLanguage":"en-US","potentialAction":[{"@type":"ReadAction","target":["https:\/\/aksioma.org\/becomingimage\/sl\/kolofon\/"]}]},{"@type":"ImageObject","inLanguage":"en-US","@id":"https:\/\/aksioma.org\/becomingimage\/sl\/kolofon\/#primaryimage","url":"https:\/\/aksioma.org\/ayasu\/wp-content\/uploads\/2023\/02\/aksioma@2x.png","contentUrl":"https:\/\/aksioma.org\/ayasu\/wp-content\/uploads\/2023\/02\/aksioma@2x.png"},{"@type":"BreadcrumbList","@id":"https:\/\/aksioma.org\/becomingimage\/sl\/kolofon\/#breadcrumb","itemListElement":[{"@type":"ListItem","position":1,"name":"Home","item":"https:\/\/aksioma.org\/becomingimage\/"},{"@type":"ListItem","position":2,"name":"Kolofon"}]},{"@type":"WebSite","@id":"https:\/\/aksioma.org\/becomingimage\/#website","url":"https:\/\/aksioma.org\/becomingimage\/","name":"Tactics&amp;Practice #17: Becoming image","description":"","potentialAction":[{"@type":"SearchAction","target":{"@type":"EntryPoint","urlTemplate":"https:\/\/aksioma.org\/becomingimage\/?s={search_term_string}"},"query-input":{"@type":"PropertyValueSpecification","valueRequired":true,"valueName":"search_term_string"}}],"inLanguage":"en-US"}]}},"lang":"sl","translations":{"sl":191,"en":12},"pll_sync_post":[],"_links":{"self":[{"href":"https:\/\/aksioma.org\/becomingimage\/wp-json\/wp\/v2\/pages\/191","targetHints":{"allow":["GET"]}}],"collection":[{"href":"https:\/\/aksioma.org\/becomingimage\/wp-json\/wp\/v2\/pages"}],"about":[{"href":"https:\/\/aksioma.org\/becomingimage\/wp-json\/wp\/v2\/types\/page"}],"author":[{"embeddable":true,"href":"https:\/\/aksioma.org\/becomingimage\/wp-json\/wp\/v2\/users\/2"}],"replies":[{"embeddable":true,"href":"https:\/\/aksioma.org\/becomingimage\/wp-json\/wp\/v2\/comments?post=191"}],"version-history":[{"count":0,"href":"https:\/\/aksioma.org\/becomingimage\/wp-json\/wp\/v2\/pages\/191\/revisions"}],"wp:attachment":[{"href":"https:\/\/aksioma.org\/becomingimage\/wp-json\/wp\/v2\/media?parent=191"}],"curies":[{"name":"wp","href":"https:\/\/api.w.org\/{rel}","templated":true}]}}