{"id":189,"date":"2023-02-15T06:37:34","date_gmt":"2023-02-15T05:37:34","guid":{"rendered":"https:\/\/aksioma.org\/scale\/?page_id=189"},"modified":"2026-02-16T14:54:00","modified_gmt":"2026-02-16T13:54:00","slug":"o-programu","status":"publish","type":"page","link":"https:\/\/aksioma.org\/becomingimage\/sl\/o-programu\/","title":{"rendered":"O programu"},"content":{"rendered":"\n<p><em>Postajanje podoba<\/em><br><strong>Izjava kuratorja<\/strong><br><br>Kaj pomeni naseljevati komputacijski svet, predruga\u010den v podobo? Ko fotografije ni\u010d ve\u010d ne zajemajo, temve\u010d sestavljajo, ko renderji nadomestijo posnetke, ko strojni vid narekuje, kaj je dovoljeno, in ko sinteti\u010dni mediji generirajo realnosti, ki nimajo ve\u010d nikakr\u0161nega fizi\u010dnega referenta \u2013 kako naj sploh razumemo vid, identiteto in navzo\u010dnost?<br><br>Sedemnajsta edicija <a href=\"https:\/\/aksioma.org\/sl\/tactics.practice\" target=\"_blank\" rel=\"noreferrer noopener\">taktik&amp;prakse<\/a>, Aksiominega diskurzivnega programa, ki raziskuje sodobno raziskovalno umetnost, dru\u017ebo in nove tehnologije, nosi naslov <em>Postajati podoba<\/em> in se posve\u010da nedavni transformaciji digitalnih podob, ki so se iz reprezentacijskih povr\u0161in oblikovale v operativna okolja. Sku\u0161a namre\u010d raziskati, kako so komputacijska fotografija, strojni vid, ra\u010dunalni\u0161ko generirane podobe (CGI) in generativna UI temeljno spremenili ontolo\u0161ki status podobe \u2013 ta ni\u010d ve\u010d ni okno v svet, temve\u010d svet sama na sebi.<br><br>Podobe so vselej posredovale realnost. Vendar pa danes, ko jih oblikujejo algoritemski postopki in ra\u010dunalni\u0161ki na\u010dini videnja, niso omejene le na reprezentiranje \u2013 poleg tega tudi izvr\u0161ujejo, razvr\u0161\u010dajo in odlo\u010dajo. Aktivno konstruirajo svet, ki ga naseljujemo, generirajo identitete, ki jih privzemamo, \u010dlove\u0161ki vid in zaznavo pa nadome\u0161\u010dajo z ra\u010dunalni\u0161ko analizo ter interpretacijo.<br><br>Pod svojim povr\u0161jem so operativne: optimizirane za prepoznavo vzorcev, zaznavo objektov in avtomatizirano sklepanje. Stroji jih ustvarjajo za druge stroje, kro\u017eijo pa skozi kanale, kjer je \u010dlove\u0161ka zaznava zgolj slu\u010dajna. V tej krajini renderirana podoba postane orodje razvr\u0161\u010danja in ne prikazovanja, zasnovano tako, da se sklada s pri\u010dakovanji u\u010dnih podatkov in sistemov nadzora. Kak\u0161ni re\u017eimi resnice vzniknejo, ko podobe nimajo ve\u010d fizi\u010dnih referentov, temve\u010d se nana\u0161ajo na tiste, ki jih same generirajo?<br><br><em>Postajanje podoba<\/em> zasleduje, kako se subjekti orientirajo v teh novih podobah-svetovih, kako se jim zoperstavljajo in prilagajajo. Ob razrastu sinteti\u010dnih medijev \u2013 od globokih ponaredkov do z UI ustvarjenih avatarjev, od komputacijskih portretov do fotorealisti\u010dnih okolij ra\u010dunalni\u0161kih iger \u2013 se meja med tem, ali sami sebe zajemamo ali sestavljamo, razkroji. Identiteta ni\u010d ve\u010d ni zgolj reprezentirana na podobah, temve\u010d je skozi njih aktivno oblikovana, izu\u010dena in soproducirana. Telesa se skoreografirajo, da se ukrojijo po algoritemskih pravilih strojnega vida in komputacijski estetiki generativne UI.<br><br>Leto\u0161nja edicija taktik&amp;prakse se bo odvijala na razli\u010dnih prizori\u0161\u010dih v Ljubljani. Obsegala bo serijo razstav, predavanj, delavnic in projekcij ter tako povezala umetnike, katerih prakse so vpete v natanko tiste sklade programske opreme, ki animirajo digitalna telesa, upravljajo strojno zaznavo ter uvajajo re\u017eime podob. Namesto da bi se ume\u0161\u010dali zunaj komputacijskega ustvarjanja podob, ti umetniki delujejo od znotraj \u2013 reapropriirajo logiko renderiranja in zaznavanja, izkori\u0161\u010dajo kompozicijske napake ter naseljujejo povratne zanke med fizi\u010dnimi in virtualnimi telesi.<br><br>Kak\u0161ne nove subjektivitete nastanejo, ko je identiteta soproducirana s slikovnimi sistemi? Kak\u0161ne politi\u010dne in ekonomske funkcije \u2013 pa tudi afektivne in \u010dustvene dimenzije \u2013 naseljujemo v svetu, ki ga vse bolj posreduje ra\u010dunalni\u0161ki vid? \u010ce so podobe nekdaj ponujale okno v realnost, zdaj ponujajo okolja, v katera lahko vstopamo, agente, s katerimi se lahko pogajamo, ter identitete, katere lahko postanemo.<br><br><em>Postajanje podoba<\/em> zastavlja vpra\u0161anje, kaj pomeni videti, biti opa\u017een in postati viden, ko vsako dejanje videnja \u017ee posreduje programska oprema \u2013 in ko je lo\u010dnica med podobo in svetom \u017ee za\u010dela razpadati.<\/p>\n","protected":false},"excerpt":{"rendered":"<p>Postajanje podobaIzjava kuratorja Kaj pomeni naseljevati komputacijski svet, predruga\u010den v podobo? Ko fotografije ni\u010d ve\u010d ne zajemajo, temve\u010d sestavljajo, ko renderji nadomestijo posnetke, ko strojni vid narekuje, kaj je dovoljeno, in ko sinteti\u010dni mediji generirajo realnosti, ki nimajo ve\u010d nikakr\u0161nega fizi\u010dnega referenta \u2013 kako naj sploh razumemo vid, identiteto in navzo\u010dnost? Sedemnajsta edicija taktik&amp;prakse, Aksiominega [&hellip;]<\/p>\n","protected":false},"author":2,"featured_media":0,"parent":0,"menu_order":10,"comment_status":"closed","ping_status":"closed","template":"","meta":{"_acf_changed":false,"footnotes":""},"class_list":["post-189","page","type-page","status-publish","hentry"],"acf":[],"yoast_head":"<!-- This site is optimized with the Yoast SEO plugin v27.2 - https:\/\/yoast.com\/product\/yoast-seo-wordpress\/ -->\n<title>O programu - Tactics&amp;Practice #17: Becoming image<\/title>\n<meta name=\"robots\" content=\"index, follow, max-snippet:-1, max-image-preview:large, max-video-preview:-1\" \/>\n<link rel=\"canonical\" href=\"https:\/\/aksioma.org\/becomingimage\/sl\/o-programu\/\" \/>\n<meta property=\"og:locale\" content=\"en_US\" \/>\n<meta property=\"og:type\" content=\"article\" \/>\n<meta property=\"og:title\" content=\"O programu - Tactics&amp;Practice #17: Becoming image\" \/>\n<meta property=\"og:description\" content=\"Postajanje podobaIzjava kuratorja Kaj pomeni naseljevati komputacijski svet, predruga\u010den v podobo? Ko fotografije ni\u010d ve\u010d ne zajemajo, temve\u010d sestavljajo, ko renderji nadomestijo posnetke, ko strojni vid narekuje, kaj je dovoljeno, in ko sinteti\u010dni mediji generirajo realnosti, ki nimajo ve\u010d nikakr\u0161nega fizi\u010dnega referenta \u2013 kako naj sploh razumemo vid, identiteto in navzo\u010dnost? Sedemnajsta edicija taktik&amp;prakse, Aksiominega [&hellip;]\" \/>\n<meta property=\"og:url\" content=\"https:\/\/aksioma.org\/becomingimage\/sl\/o-programu\/\" \/>\n<meta property=\"og:site_name\" content=\"Tactics&amp;Practice #17: Becoming image\" \/>\n<meta property=\"article:modified_time\" content=\"2026-02-16T13:54:00+00:00\" \/>\n<meta name=\"twitter:card\" content=\"summary_large_image\" \/>\n<meta name=\"twitter:label1\" content=\"Est. reading time\" \/>\n\t<meta name=\"twitter:data1\" content=\"3 minutes\" \/>\n<script type=\"application\/ld+json\" class=\"yoast-schema-graph\">{\"@context\":\"https:\/\/schema.org\",\"@graph\":[{\"@type\":\"WebPage\",\"@id\":\"https:\/\/aksioma.org\/becomingimage\/sl\/o-programu\/\",\"url\":\"https:\/\/aksioma.org\/becomingimage\/sl\/o-programu\/\",\"name\":\"O programu - Tactics&amp;Practice #17: Becoming image\",\"isPartOf\":{\"@id\":\"https:\/\/aksioma.org\/becomingimage\/#website\"},\"datePublished\":\"2023-02-15T05:37:34+00:00\",\"dateModified\":\"2026-02-16T13:54:00+00:00\",\"breadcrumb\":{\"@id\":\"https:\/\/aksioma.org\/becomingimage\/sl\/o-programu\/#breadcrumb\"},\"inLanguage\":\"en-US\",\"potentialAction\":[{\"@type\":\"ReadAction\",\"target\":[\"https:\/\/aksioma.org\/becomingimage\/sl\/o-programu\/\"]}]},{\"@type\":\"BreadcrumbList\",\"@id\":\"https:\/\/aksioma.org\/becomingimage\/sl\/o-programu\/#breadcrumb\",\"itemListElement\":[{\"@type\":\"ListItem\",\"position\":1,\"name\":\"Home\",\"item\":\"https:\/\/aksioma.org\/becomingimage\/\"},{\"@type\":\"ListItem\",\"position\":2,\"name\":\"O programu\"}]},{\"@type\":\"WebSite\",\"@id\":\"https:\/\/aksioma.org\/becomingimage\/#website\",\"url\":\"https:\/\/aksioma.org\/becomingimage\/\",\"name\":\"Tactics&amp;Practice #17: Becoming image\",\"description\":\"\",\"potentialAction\":[{\"@type\":\"SearchAction\",\"target\":{\"@type\":\"EntryPoint\",\"urlTemplate\":\"https:\/\/aksioma.org\/becomingimage\/?s={search_term_string}\"},\"query-input\":{\"@type\":\"PropertyValueSpecification\",\"valueRequired\":true,\"valueName\":\"search_term_string\"}}],\"inLanguage\":\"en-US\"}]}<\/script>\n<!-- \/ Yoast SEO plugin. -->","yoast_head_json":{"title":"O programu - Tactics&amp;Practice #17: Becoming image","robots":{"index":"index","follow":"follow","max-snippet":"max-snippet:-1","max-image-preview":"max-image-preview:large","max-video-preview":"max-video-preview:-1"},"canonical":"https:\/\/aksioma.org\/becomingimage\/sl\/o-programu\/","og_locale":"en_US","og_type":"article","og_title":"O programu - Tactics&amp;Practice #17: Becoming image","og_description":"Postajanje podobaIzjava kuratorja Kaj pomeni naseljevati komputacijski svet, predruga\u010den v podobo? Ko fotografije ni\u010d ve\u010d ne zajemajo, temve\u010d sestavljajo, ko renderji nadomestijo posnetke, ko strojni vid narekuje, kaj je dovoljeno, in ko sinteti\u010dni mediji generirajo realnosti, ki nimajo ve\u010d nikakr\u0161nega fizi\u010dnega referenta \u2013 kako naj sploh razumemo vid, identiteto in navzo\u010dnost? Sedemnajsta edicija taktik&amp;prakse, Aksiominega [&hellip;]","og_url":"https:\/\/aksioma.org\/becomingimage\/sl\/o-programu\/","og_site_name":"Tactics&amp;Practice #17: Becoming image","article_modified_time":"2026-02-16T13:54:00+00:00","twitter_card":"summary_large_image","twitter_misc":{"Est. reading time":"3 minutes"},"schema":{"@context":"https:\/\/schema.org","@graph":[{"@type":"WebPage","@id":"https:\/\/aksioma.org\/becomingimage\/sl\/o-programu\/","url":"https:\/\/aksioma.org\/becomingimage\/sl\/o-programu\/","name":"O programu - Tactics&amp;Practice #17: Becoming image","isPartOf":{"@id":"https:\/\/aksioma.org\/becomingimage\/#website"},"datePublished":"2023-02-15T05:37:34+00:00","dateModified":"2026-02-16T13:54:00+00:00","breadcrumb":{"@id":"https:\/\/aksioma.org\/becomingimage\/sl\/o-programu\/#breadcrumb"},"inLanguage":"en-US","potentialAction":[{"@type":"ReadAction","target":["https:\/\/aksioma.org\/becomingimage\/sl\/o-programu\/"]}]},{"@type":"BreadcrumbList","@id":"https:\/\/aksioma.org\/becomingimage\/sl\/o-programu\/#breadcrumb","itemListElement":[{"@type":"ListItem","position":1,"name":"Home","item":"https:\/\/aksioma.org\/becomingimage\/"},{"@type":"ListItem","position":2,"name":"O programu"}]},{"@type":"WebSite","@id":"https:\/\/aksioma.org\/becomingimage\/#website","url":"https:\/\/aksioma.org\/becomingimage\/","name":"Tactics&amp;Practice #17: Becoming image","description":"","potentialAction":[{"@type":"SearchAction","target":{"@type":"EntryPoint","urlTemplate":"https:\/\/aksioma.org\/becomingimage\/?s={search_term_string}"},"query-input":{"@type":"PropertyValueSpecification","valueRequired":true,"valueName":"search_term_string"}}],"inLanguage":"en-US"}]}},"lang":"sl","translations":{"sl":189,"en":5},"pll_sync_post":[],"_links":{"self":[{"href":"https:\/\/aksioma.org\/becomingimage\/wp-json\/wp\/v2\/pages\/189","targetHints":{"allow":["GET"]}}],"collection":[{"href":"https:\/\/aksioma.org\/becomingimage\/wp-json\/wp\/v2\/pages"}],"about":[{"href":"https:\/\/aksioma.org\/becomingimage\/wp-json\/wp\/v2\/types\/page"}],"author":[{"embeddable":true,"href":"https:\/\/aksioma.org\/becomingimage\/wp-json\/wp\/v2\/users\/2"}],"replies":[{"embeddable":true,"href":"https:\/\/aksioma.org\/becomingimage\/wp-json\/wp\/v2\/comments?post=189"}],"version-history":[{"count":0,"href":"https:\/\/aksioma.org\/becomingimage\/wp-json\/wp\/v2\/pages\/189\/revisions"}],"wp:attachment":[{"href":"https:\/\/aksioma.org\/becomingimage\/wp-json\/wp\/v2\/media?parent=189"}],"curies":[{"name":"wp","href":"https:\/\/api.w.org\/{rel}","templated":true}]}}