{"id":168,"date":"2023-02-14T17:28:15","date_gmt":"2023-02-14T16:28:15","guid":{"rendered":"https:\/\/aksioma.org\/scale\/?page_id=168"},"modified":"2026-04-22T20:06:29","modified_gmt":"2026-04-22T18:06:29","slug":"naslovna","status":"publish","type":"page","link":"https:\/\/aksioma.org\/becomingimage\/sl\/","title":{"rendered":"Domov"},"content":{"rendered":"\n<p><strong><em>Taktike&amp;Praksa #17: Postajanje podoba<\/em><br>Ljubljana, februar\u2013junij 2026<\/strong><\/p>\n\n\n\n<blockquote class=\"wp-block-quote is-layout-flow wp-block-quote-is-layout-flow\">\n<blockquote class=\"wp-block-quote is-style-default has-medium-font-size is-layout-flow wp-block-quote-is-layout-flow\">\n    <style>\n        .tabs { border: 3px solid #000; \/*background: #efbfc8;*\/ }\n        .tabs__head { display: flex; margin-bottom: -3px; }\n        .tabs__tab { display: block; padding: 20px; text-decoration: none !important; flex: 1 1 0; position: relative; }\n        .tabs__tab + .tabs__tab { border-left: 3px solid #000; }\n        .tabs__tab:not(.is-active) { border-bottom: 3px solid #000; }\n        .tabs__icon { max-width: 106px; position: relative; margin: 0 auto; }\n        .tabs__icon:before { display: block; content: ''; padding-top: 93.4%; }\n        .tabs__icon img { position: absolute; top: 0; left: 0; width: 100%; height: 100%; }\n        .tabs__date { font-size: 15px; }\n        .tabs__section:not(.is-active) { display: none; }\n        .tabs__section { padding: 20px; }\n        .tabs__section .wp-block-button__link { margin-bottom: 20px; }\n        @media screen and (max-width: 781px) {\n            .tabs { margin-left: -20px; margin-right: -20px; }\n            .tabs__tab { min-height: 139px; }\n            \/*.tabs__tab.is-active { flex-basis: calc(100% - 60px); }*\/\n            .tabs__tab:not(.is-active) > .tabs__name { position: absolute; bottom: 20px; left: 50%; white-space: nowrap; transform: rotate(-90deg) translateY(50%); transform-origin: bottom left; }\n        }\n        @media screen and (min-width: 782px) {\n\t\t\t.tabs__icon { max-width: 146px; }\n        }\n    <\/style>\n\n    <div class=\"tabs js-tabs\">\n        <div class=\"tabs__head\">\n                            <a class=\"tabs__tab\" href=\"#tab-1\" style=\"background-color: #ff3d00;\">\n                                        <div class=\"tabs__name\">\n                        Sklop #1                    <\/div>\n                <\/a>\n                            <a class=\"tabs__tab\" href=\"#tab-2\" style=\"background-color: #00ff8c;\">\n                                        <div class=\"tabs__name\">\n                        Sklop #2                    <\/div>\n                <\/a>\n                            <a class=\"tabs__tab is-active\" href=\"#tab-3\" style=\"background-color: #0069ff;\">\n                                        <div class=\"tabs__name\">\n                        Sklop #3                    <\/div>\n                <\/a>\n                    <\/div>\n        <div class=\"tabs__content\">\n                            <div class=\"tabs__section\" id=\"tab-1\" style=\"background-color: #ff3d00;\">\n                    <p>24 februar\u201325 marec 2026<\/p>\n                    <p>&nbsp;<\/p>\n                                            <p><span style=\"font-weight: 400;\">Moderna galerija, Ljubljana<br \/>\n<\/span><b>Predavanje<br \/>\n<\/b>24. <span style=\"font-weight: 400;\">februar<\/span> 2026<b>, <\/b><span style=\"font-weight: 400;\">18:00\u201319:00<br \/>\n<\/span><span style=\"font-weight: 400;\">Nina Davies<br \/>\n<\/span><em><span style=\"font-weight: 400;\"><a href=\"https:\/\/aksioma.org\/becomingimage\/sl\/predstavitve\/sinhroniziranje-s-podobami\/\">Sinhroniziranje s podobami<\/a><br \/>\n+<br \/>\n<\/span><\/em>ALUO, Ljubljana<br \/>\n<b>Delavnica<br \/>\n<\/b><span style=\"font-weight: 400;\">25. februar 2026, 16:00\u201319:00<br \/>\n<\/span>Nina Davies<br \/>\n<a href=\"https:\/\/aksioma.org\/becomingimage\/sl\/delavnice\/generirane-koreografije\/\"><em>Generirane koreografije<\/em><\/a><br \/>\n+<br \/>\nAksioma | projektni prostor, Ljubljana<b><br \/>\nRazstava<br \/>\n<span style=\"font-weight: 400;\">25. februar\u201325. marec 2026<\/span><br \/>\n<\/b>Otvoritev: 25. februar ob 20:00<span style=\"font-weight: 400;\"><br \/>\n<\/span>Nina Davies<br \/>\n<a href=\"https:\/\/aksioma.org\/becomingimage\/sl\/razstave\/sinhronizatorji-podob\/\"><em>Sinhronizatorji podob<\/em><\/a><\/p>\n                                    <\/div>\n                            <div class=\"tabs__section\" id=\"tab-2\" style=\"background-color: #00ff8c;\">\n                    <p>31. marec\u201330. april 2026<\/p>\n                    <p>&nbsp;<\/p>\n                                            <p><span style=\"font-weight: 400;\">Kino \u0160i\u0161ka \/ Katedrala, Ljubljana<strong><br \/>\nSimpozij<br \/>\n<\/strong><\/span><span style=\"font-weight: 400;\">31. marec 17:00\u201321:00<br \/>\n<\/span>Marco De Mutiis<br \/>\nFelicity Hammond<br \/>\nMartyna Marciniak<br \/>\nAlan Warburton<br \/>\nSheung Yiu<br \/>\n<span style=\"font-weight: 400;\"><a href=\"https:\/\/aksioma.org\/becomingimage\/sl\/simpozij\/\"><em>Postajanje podoba<\/em><\/a><br \/>\n+<br \/>\n<\/span>Kino \u0160i\u0161ka \/ Kamera, Ljubljana<br \/>\n<b>Razstava<br \/>\n<\/b>31. marec\u201322. maj 2026<br \/>\nOtvoritev: 31. marec ob 21:00<br \/>\nMartyna Marciniak<br \/>\n<a href=\"https:\/\/aksioma.org\/becomingimage\/sl\/razstave\/eva-papamargariti\/\"><em>Anatomija ne-dejstva. 1. poglavje: hiperrealizem UI<\/em><\/a><br \/>\n+<br \/>\nALUO, Toba\u010dna 5, Ljubljana<br \/>\n<strong>Delavnica<br \/>\n<span style=\"font-weight: 400;\">1. april 16:00-19:00<\/span><br \/>\n<\/strong>Felicity Hammond<br \/>\n<a href=\"https:\/\/aksioma.org\/becomingimage\/sl\/delavnice\/kolaps-modelov\/\"><em>Kolaps modelov<\/em><\/a><br \/>\n+<br \/>\nAksioma | projektni prostor, Ljubljana<b><br \/>\n<\/b><b>Razstava<br \/>\n<\/b>1. april\u201330. april 2026<br \/>\nOtvoritev: 1. april ob 20:00<span style=\"font-weight: 400;\"><br \/>\n<\/span>Felicity Hammond<br \/>\n<a href=\"https:\/\/aksioma.org\/becomingimage\/sl\/razstave\/latentni-prostor\/\"><em>Latentni prostor<\/em><\/a><\/p>\n                                    <\/div>\n                            <div class=\"tabs__section is-active\" id=\"tab-3\" style=\"background-color: #0069ff;\">\n                    <p>12 maj\u201312 Junij 2026<\/p>\n                    <p>&nbsp;<\/p>\n                                            <p><span style=\"font-weight: 400;\">Slovenska kinoteka, Ljubljana<br \/>\n<\/span><span style=\"font-weight: 400;\"><strong>Program kratkih filmov<\/strong><br \/>\n12. maj 2026, 17:00\u201318:30<br \/>\n<\/span><a href=\"https:\/\/aksioma.org\/becomingimage\/sl\/filmi\/\"><em>Postajanje podoba predvajanje<\/em><\/a><br \/>\n+<br \/>\n<b><span style=\"font-weight: 400;\">Aksioma | Project Space, Ljubljana<br \/>\n<\/span><\/b><b><span style=\"font-weight: 400;\"><strong>Razstava<br \/>\n<\/strong><\/span><\/b><span style=\"font-weight: 400;\">12. maj\u201312. junij 2026<\/span><span style=\"font-weight: 400;\"><br \/>\n<\/span>Otvoritev: 12. maj ob 19:00<span style=\"font-weight: 400;\"><br \/>\n<\/span>Simone C Niquille<br \/>\n<a href=\"https:\/\/aksioma.org\/becomingimage\/sl\/razstave\/produkcija-prostora\/\"><em>duckrabbit.tv 2.0<\/em><\/a><br \/>\n+<br \/>\nALUO \/ Erjav\u010deva, Ljubljana<strong><br \/>\n<\/strong><b>Predavanje<br \/>\n<\/b>13. maj 2026, 15:00\u201316:00<br \/>\nSimone C Niquille<br \/>\n<a href=\"https:\/\/aksioma.org\/becomingimage\/sl\/predstavitve\/baloni-itd\/\"><em>Baloni itd. <\/em><\/a><br \/>\n+<br \/>\nALUO \/ Toba\u010dna, Ljubljana<b><br \/>\n<\/b><b>Workshop<br \/>\n<\/b><span style=\"font-weight: 400;\">13. maj<\/span><span style=\"font-weight: 400;\"> 2026, 17:00\u201320:00<br \/>\n<\/span>Simone C Niquille<br \/>\n<a href=\"https:\/\/aksioma.org\/becomingimage\/sl\/delavnice\/wawla\/\"><em>WAWLA (What Are We looking At)<\/em><\/a><\/p>\n<p><i>\u00a0<\/i><\/p>\n                                    <\/div>\n                    <\/div>\n    <\/div>\n\n<cite><br>Skupaj ustvarjamo varnej\u0161i in inkluzivnej\u0161i prostor za vse ter od vseh udele\u017eenk pri\u010dakujemo upo\u0161tevanje ni\u010delne tolerance do vseh oblik diskriminacije in nasilja. V primeru, da do\u017eivite ali opazite nasilje\/diskriminacijo ali se znajdete v stiski, se lahko obrnete na organizatorke dogodka.<\/cite><\/blockquote>\n<\/blockquote>\n\n\n\n<p><\/p>\n","protected":false},"excerpt":{"rendered":"<p>Taktike&amp;Praksa #17: Postajanje podobaLjubljana, februar\u2013junij 2026<\/p>\n","protected":false},"author":1,"featured_media":0,"parent":0,"menu_order":-1,"comment_status":"closed","ping_status":"closed","template":"","meta":{"_acf_changed":true,"footnotes":""},"class_list":["post-168","page","type-page","status-publish","hentry"],"acf":[],"yoast_head":"<!-- This site is optimized with the Yoast SEO plugin v27.2 - https:\/\/yoast.com\/product\/yoast-seo-wordpress\/ -->\n<title>Domov - Tactics&amp;Practice #17: Becoming image<\/title>\n<meta name=\"robots\" content=\"index, follow, max-snippet:-1, max-image-preview:large, max-video-preview:-1\" \/>\n<link rel=\"canonical\" href=\"https:\/\/aksioma.org\/becomingimage\/sl\/\" \/>\n<meta property=\"og:locale\" content=\"en_US\" \/>\n<meta property=\"og:type\" content=\"article\" \/>\n<meta property=\"og:title\" content=\"Tactics&amp;Practice #15: (Ne)realni podatki \u2013 realni u\u010dinki\" \/>\n<meta property=\"og:description\" content=\"Taktike&amp;Praksa #17: Postajanje podobaLjubljana, februar\u2013junij 2026\" \/>\n<meta property=\"og:url\" content=\"https:\/\/aksioma.org\/becomingimage\/sl\/\" \/>\n<meta property=\"og:site_name\" content=\"Tactics&amp;Practice #17: Becoming image\" \/>\n<meta property=\"article:modified_time\" content=\"2026-04-22T18:06:29+00:00\" \/>\n<meta name=\"twitter:card\" content=\"summary_large_image\" \/>\n<meta name=\"twitter:label1\" content=\"Est. reading time\" \/>\n\t<meta name=\"twitter:data1\" content=\"1 minute\" \/>\n<script type=\"application\/ld+json\" class=\"yoast-schema-graph\">{\"@context\":\"https:\/\/schema.org\",\"@graph\":[{\"@type\":\"WebPage\",\"@id\":\"https:\/\/aksioma.org\/becomingimage\/sl\/\",\"url\":\"https:\/\/aksioma.org\/becomingimage\/sl\/\",\"name\":\"Domov - Tactics&amp;Practice #17: Becoming image\",\"isPartOf\":{\"@id\":\"https:\/\/aksioma.org\/becomingimage\/#website\"},\"datePublished\":\"2023-02-14T16:28:15+00:00\",\"dateModified\":\"2026-04-22T18:06:29+00:00\",\"breadcrumb\":{\"@id\":\"https:\/\/aksioma.org\/becomingimage\/sl\/#breadcrumb\"},\"inLanguage\":\"en-US\",\"potentialAction\":[{\"@type\":\"ReadAction\",\"target\":[\"https:\/\/aksioma.org\/becomingimage\/sl\/\"]}]},{\"@type\":\"BreadcrumbList\",\"@id\":\"https:\/\/aksioma.org\/becomingimage\/sl\/#breadcrumb\",\"itemListElement\":[{\"@type\":\"ListItem\",\"position\":1,\"name\":\"Home\",\"item\":\"https:\/\/aksioma.org\/becomingimage\/\"},{\"@type\":\"ListItem\",\"position\":2,\"name\":\"Domov\"}]},{\"@type\":\"WebSite\",\"@id\":\"https:\/\/aksioma.org\/becomingimage\/#website\",\"url\":\"https:\/\/aksioma.org\/becomingimage\/\",\"name\":\"Tactics&amp;Practice #17: Becoming image\",\"description\":\"\",\"potentialAction\":[{\"@type\":\"SearchAction\",\"target\":{\"@type\":\"EntryPoint\",\"urlTemplate\":\"https:\/\/aksioma.org\/becomingimage\/?s={search_term_string}\"},\"query-input\":{\"@type\":\"PropertyValueSpecification\",\"valueRequired\":true,\"valueName\":\"search_term_string\"}}],\"inLanguage\":\"en-US\"}]}<\/script>\n<!-- \/ Yoast SEO plugin. -->","yoast_head_json":{"title":"Domov - Tactics&amp;Practice #17: Becoming image","robots":{"index":"index","follow":"follow","max-snippet":"max-snippet:-1","max-image-preview":"max-image-preview:large","max-video-preview":"max-video-preview:-1"},"canonical":"https:\/\/aksioma.org\/becomingimage\/sl\/","og_locale":"en_US","og_type":"article","og_title":"Tactics&Practice #15: (Ne)realni podatki \u2013 realni u\u010dinki","og_description":"Taktike&amp;Praksa #17: Postajanje podobaLjubljana, februar\u2013junij 2026","og_url":"https:\/\/aksioma.org\/becomingimage\/sl\/","og_site_name":"Tactics&amp;Practice #17: Becoming image","article_modified_time":"2026-04-22T18:06:29+00:00","twitter_card":"summary_large_image","twitter_misc":{"Est. reading time":"1 minute"},"schema":{"@context":"https:\/\/schema.org","@graph":[{"@type":"WebPage","@id":"https:\/\/aksioma.org\/becomingimage\/sl\/","url":"https:\/\/aksioma.org\/becomingimage\/sl\/","name":"Domov - Tactics&amp;Practice #17: Becoming image","isPartOf":{"@id":"https:\/\/aksioma.org\/becomingimage\/#website"},"datePublished":"2023-02-14T16:28:15+00:00","dateModified":"2026-04-22T18:06:29+00:00","breadcrumb":{"@id":"https:\/\/aksioma.org\/becomingimage\/sl\/#breadcrumb"},"inLanguage":"en-US","potentialAction":[{"@type":"ReadAction","target":["https:\/\/aksioma.org\/becomingimage\/sl\/"]}]},{"@type":"BreadcrumbList","@id":"https:\/\/aksioma.org\/becomingimage\/sl\/#breadcrumb","itemListElement":[{"@type":"ListItem","position":1,"name":"Home","item":"https:\/\/aksioma.org\/becomingimage\/"},{"@type":"ListItem","position":2,"name":"Domov"}]},{"@type":"WebSite","@id":"https:\/\/aksioma.org\/becomingimage\/#website","url":"https:\/\/aksioma.org\/becomingimage\/","name":"Tactics&amp;Practice #17: Becoming image","description":"","potentialAction":[{"@type":"SearchAction","target":{"@type":"EntryPoint","urlTemplate":"https:\/\/aksioma.org\/becomingimage\/?s={search_term_string}"},"query-input":{"@type":"PropertyValueSpecification","valueRequired":true,"valueName":"search_term_string"}}],"inLanguage":"en-US"}]}},"lang":"sl","translations":{"sl":168,"en":2},"pll_sync_post":[],"_links":{"self":[{"href":"https:\/\/aksioma.org\/becomingimage\/wp-json\/wp\/v2\/pages\/168","targetHints":{"allow":["GET"]}}],"collection":[{"href":"https:\/\/aksioma.org\/becomingimage\/wp-json\/wp\/v2\/pages"}],"about":[{"href":"https:\/\/aksioma.org\/becomingimage\/wp-json\/wp\/v2\/types\/page"}],"author":[{"embeddable":true,"href":"https:\/\/aksioma.org\/becomingimage\/wp-json\/wp\/v2\/users\/1"}],"replies":[{"embeddable":true,"href":"https:\/\/aksioma.org\/becomingimage\/wp-json\/wp\/v2\/comments?post=168"}],"version-history":[{"count":0,"href":"https:\/\/aksioma.org\/becomingimage\/wp-json\/wp\/v2\/pages\/168\/revisions"}],"wp:attachment":[{"href":"https:\/\/aksioma.org\/becomingimage\/wp-json\/wp\/v2\/media?parent=168"}],"curies":[{"name":"wp","href":"https:\/\/api.w.org\/{rel}","templated":true}]}}