{"id":12,"date":"2023-02-09T10:03:40","date_gmt":"2023-02-09T10:03:40","guid":{"rendered":"http:\/\/127.0.0.1:8888\/aksioma-scale\/?page_id=12"},"modified":"2026-02-22T12:25:51","modified_gmt":"2026-02-22T11:25:51","slug":"credits","status":"publish","type":"page","link":"https:\/\/aksioma.org\/becomingimage\/credits\/","title":{"rendered":"Credits"},"content":{"rendered":"\n<p><strong><em>Tactics&amp;Practice #17: Becoming Image<\/em><br>Ljubljana, February\u2013June 2026<\/strong><\/p>\n\n\n\n<p><strong>Participants:<\/strong><br>Alan Warburton, Felicity Hammond, Martyna Marciniak, Nina Davies, Rebecca Edwards, Sheung Yiu, Simone C Niquille, and others<\/p>\n\n\n\n<p><strong>Curator:<\/strong><br>Marco De Mutiis<\/p>\n\n\n\n<p>Artistic director: Janez Fakin Jan\u0161a<br>Head of production: Marcela Okreti\u010d<br>Production assistant: Ema Maznik Anti\u0107<br>Promotion and social media management: Ne\u017ea Bukovec, Dominika Ma\u0161a Kozar, Sara Be\u0161lin Vatovec<br>Web developer: Igor Kova\u010di\u0107<br>Visual identity: Federico Antonini<br>Bumper: Lara Reichmann (video), Ga\u0161per Torkar (music)<\/p>\n\n\n\n<p>Coordination at Kino \u0160i\u0161ka: Jasna Jernej\u0161ek<br>Technicians: Valter Udovi\u010di\u0107, Matej Marin\u010dek, Matev\u017e Fti\u010dar<\/p>\n\n\n\n<p><strong>Organised and produced by:<\/strong><br>Aksioma \u2013 Institute for Contemporary Art, Ljubljana, 2026<\/p>\n\n\n\n<figure class=\"wp-block-image size-full is-resized\"><img loading=\"lazy\" decoding=\"async\" width=\"188\" height=\"80\" src=\"https:\/\/aksioma.org\/ayasu\/wp-content\/uploads\/2023\/02\/aksioma@2x.png\" alt=\"\" class=\"wp-image-173\" style=\"width:auto;height:40px\"\/><\/figure>\n\n\n\n<p><strong>In collaboration with:<\/strong><br>Kino \u0160i\u0161ka Centre for Urban Culture<br>ALUO \u2013 The Academy of Fine Arts and Design of the University of Ljubljana<\/p>\n\n\n\n<div class=\"wp-block-group is-nowrap is-layout-flex wp-container-core-group-is-layout-ad2f72ca wp-block-group-is-layout-flex\">\n<figure class=\"wp-block-image size-full is-resized\"><img loading=\"lazy\" decoding=\"async\" width=\"188\" height=\"80\" src=\"https:\/\/aksioma.org\/ayasu\/wp-content\/uploads\/2023\/02\/kino-siska@2x.png\" alt=\"\" class=\"wp-image-178\" style=\"width:auto;height:40px\"\/><\/figure>\n\n\n\n<figure class=\"wp-block-image size-full is-resized\"><img loading=\"lazy\" decoding=\"async\" width=\"211\" height=\"80\" src=\"https:\/\/aksioma.org\/ayasu\/wp-content\/uploads\/2025\/02\/aluo-new@2x.png\" alt=\"\" class=\"wp-image-1288\" style=\"width:auto;height:40px\"\/><\/figure>\n<\/div>\n\n\n\n<p><strong>For the conference series:<\/strong><br>tactics&amp;practice<\/p>\n\n\n\n<figure class=\"wp-block-image size-full is-resized\"><img loading=\"lazy\" decoding=\"async\" width=\"188\" height=\"80\" src=\"https:\/\/aksioma.org\/ayasu\/wp-content\/uploads\/2025\/02\/tip-en@2x.png\" alt=\"\" class=\"wp-image-1211\" style=\"width:auto;height:40px\"\/><\/figure>\n\n\n\n<p><strong>Supported by:<\/strong><br>The Ministry of Culture of the Republic of Slovenia<br>The Municipality of Ljubljana<br>Italian Cultural Institute in Ljubljana<br><br><strong>Partners:<\/strong><br>Moderna galerija<br>SCCA\u2013 Center for Contemporary Arts<br>V-F-X Ljubljana Festival<br>Slovenian Cinematheque<br><br><strong>Media partner:<\/strong><br>DPG<br><\/p>\n\n\n\n<p>The exhibition by Nina Davies was realised in partnership with Fotomuseum Winterthur.<\/p>\n","protected":false},"excerpt":{"rendered":"<p>Tactics&amp;Practice #17: Becoming ImageLjubljana, February\u2013June 2026 Participants:Alan Warburton, Felicity Hammond, Martyna Marciniak, Nina Davies, Rebecca Edwards, Sheung Yiu, Simone C Niquille, and others Curator:Marco De Mutiis Artistic director: Janez Fakin Jan\u0161aHead of production: Marcela Okreti\u010dProduction assistant: Ema Maznik Anti\u0107Promotion and social media management: Ne\u017ea Bukovec, Dominika Ma\u0161a Kozar, Sara Be\u0161lin VatovecWeb developer: Igor Kova\u010di\u0107Visual identity: [&hellip;]<\/p>\n","protected":false},"author":1,"featured_media":0,"parent":0,"menu_order":90,"comment_status":"closed","ping_status":"closed","template":"","meta":{"_acf_changed":false,"footnotes":""},"class_list":["post-12","page","type-page","status-publish","hentry"],"acf":[],"yoast_head":"<!-- This site is optimized with the Yoast SEO plugin v27.2 - https:\/\/yoast.com\/product\/yoast-seo-wordpress\/ -->\n<title>Credits - Tactics&amp;Practice #17: Becoming image<\/title>\n<meta name=\"robots\" content=\"index, follow, max-snippet:-1, max-image-preview:large, max-video-preview:-1\" \/>\n<link rel=\"canonical\" href=\"https:\/\/aksioma.org\/becomingimage\/credits\/\" \/>\n<meta property=\"og:locale\" content=\"en_US\" \/>\n<meta property=\"og:type\" content=\"article\" \/>\n<meta property=\"og:title\" content=\"Credits - Tactics&amp;Practice #17: Becoming image\" \/>\n<meta property=\"og:description\" content=\"Tactics&amp;Practice #17: Becoming ImageLjubljana, February\u2013June 2026 Participants:Alan Warburton, Felicity Hammond, Martyna Marciniak, Nina Davies, Rebecca Edwards, Sheung Yiu, Simone C Niquille, and others Curator:Marco De Mutiis Artistic director: Janez Fakin Jan\u0161aHead of production: Marcela Okreti\u010dProduction assistant: Ema Maznik Anti\u0107Promotion and social media management: Ne\u017ea Bukovec, Dominika Ma\u0161a Kozar, Sara Be\u0161lin VatovecWeb developer: Igor Kova\u010di\u0107Visual identity: [&hellip;]\" \/>\n<meta property=\"og:url\" content=\"https:\/\/aksioma.org\/becomingimage\/credits\/\" \/>\n<meta property=\"og:site_name\" content=\"Tactics&amp;Practice #17: Becoming image\" \/>\n<meta property=\"article:modified_time\" content=\"2026-02-22T11:25:51+00:00\" \/>\n<meta property=\"og:image\" content=\"https:\/\/aksioma.org\/becomingimage\/wp-content\/uploads\/2023\/02\/aksioma@2x.png\" \/>\n\t<meta property=\"og:image:width\" content=\"188\" \/>\n\t<meta property=\"og:image:height\" content=\"80\" \/>\n\t<meta property=\"og:image:type\" content=\"image\/png\" \/>\n<meta name=\"twitter:card\" content=\"summary_large_image\" \/>\n<meta name=\"twitter:label1\" content=\"Est. reading time\" \/>\n\t<meta name=\"twitter:data1\" content=\"2 minutes\" \/>\n<script type=\"application\/ld+json\" class=\"yoast-schema-graph\">{\"@context\":\"https:\/\/schema.org\",\"@graph\":[{\"@type\":\"WebPage\",\"@id\":\"https:\/\/aksioma.org\/becomingimage\/credits\/\",\"url\":\"https:\/\/aksioma.org\/becomingimage\/credits\/\",\"name\":\"Credits - Tactics&amp;Practice #17: Becoming image\",\"isPartOf\":{\"@id\":\"https:\/\/aksioma.org\/becomingimage\/#website\"},\"primaryImageOfPage\":{\"@id\":\"https:\/\/aksioma.org\/becomingimage\/credits\/#primaryimage\"},\"image\":{\"@id\":\"https:\/\/aksioma.org\/becomingimage\/credits\/#primaryimage\"},\"thumbnailUrl\":\"https:\/\/aksioma.org\/ayasu\/wp-content\/uploads\/2023\/02\/aksioma@2x.png\",\"datePublished\":\"2023-02-09T10:03:40+00:00\",\"dateModified\":\"2026-02-22T11:25:51+00:00\",\"breadcrumb\":{\"@id\":\"https:\/\/aksioma.org\/becomingimage\/credits\/#breadcrumb\"},\"inLanguage\":\"en-US\",\"potentialAction\":[{\"@type\":\"ReadAction\",\"target\":[\"https:\/\/aksioma.org\/becomingimage\/credits\/\"]}]},{\"@type\":\"ImageObject\",\"inLanguage\":\"en-US\",\"@id\":\"https:\/\/aksioma.org\/becomingimage\/credits\/#primaryimage\",\"url\":\"https:\/\/aksioma.org\/ayasu\/wp-content\/uploads\/2023\/02\/aksioma@2x.png\",\"contentUrl\":\"https:\/\/aksioma.org\/ayasu\/wp-content\/uploads\/2023\/02\/aksioma@2x.png\"},{\"@type\":\"BreadcrumbList\",\"@id\":\"https:\/\/aksioma.org\/becomingimage\/credits\/#breadcrumb\",\"itemListElement\":[{\"@type\":\"ListItem\",\"position\":1,\"name\":\"Home\",\"item\":\"https:\/\/aksioma.org\/becomingimage\/\"},{\"@type\":\"ListItem\",\"position\":2,\"name\":\"Credits\"}]},{\"@type\":\"WebSite\",\"@id\":\"https:\/\/aksioma.org\/becomingimage\/#website\",\"url\":\"https:\/\/aksioma.org\/becomingimage\/\",\"name\":\"Tactics&amp;Practice #17: Becoming image\",\"description\":\"\",\"potentialAction\":[{\"@type\":\"SearchAction\",\"target\":{\"@type\":\"EntryPoint\",\"urlTemplate\":\"https:\/\/aksioma.org\/becomingimage\/?s={search_term_string}\"},\"query-input\":{\"@type\":\"PropertyValueSpecification\",\"valueRequired\":true,\"valueName\":\"search_term_string\"}}],\"inLanguage\":\"en-US\"}]}<\/script>\n<!-- \/ Yoast SEO plugin. -->","yoast_head_json":{"title":"Credits - Tactics&amp;Practice #17: Becoming image","robots":{"index":"index","follow":"follow","max-snippet":"max-snippet:-1","max-image-preview":"max-image-preview:large","max-video-preview":"max-video-preview:-1"},"canonical":"https:\/\/aksioma.org\/becomingimage\/credits\/","og_locale":"en_US","og_type":"article","og_title":"Credits - Tactics&amp;Practice #17: Becoming image","og_description":"Tactics&amp;Practice #17: Becoming ImageLjubljana, February\u2013June 2026 Participants:Alan Warburton, Felicity Hammond, Martyna Marciniak, Nina Davies, Rebecca Edwards, Sheung Yiu, Simone C Niquille, and others Curator:Marco De Mutiis Artistic director: Janez Fakin Jan\u0161aHead of production: Marcela Okreti\u010dProduction assistant: Ema Maznik Anti\u0107Promotion and social media management: Ne\u017ea Bukovec, Dominika Ma\u0161a Kozar, Sara Be\u0161lin VatovecWeb developer: Igor Kova\u010di\u0107Visual identity: [&hellip;]","og_url":"https:\/\/aksioma.org\/becomingimage\/credits\/","og_site_name":"Tactics&amp;Practice #17: Becoming image","article_modified_time":"2026-02-22T11:25:51+00:00","og_image":[{"width":188,"height":80,"url":"https:\/\/aksioma.org\/becomingimage\/wp-content\/uploads\/2023\/02\/aksioma@2x.png","type":"image\/png"}],"twitter_card":"summary_large_image","twitter_misc":{"Est. reading time":"2 minutes"},"schema":{"@context":"https:\/\/schema.org","@graph":[{"@type":"WebPage","@id":"https:\/\/aksioma.org\/becomingimage\/credits\/","url":"https:\/\/aksioma.org\/becomingimage\/credits\/","name":"Credits - Tactics&amp;Practice #17: Becoming image","isPartOf":{"@id":"https:\/\/aksioma.org\/becomingimage\/#website"},"primaryImageOfPage":{"@id":"https:\/\/aksioma.org\/becomingimage\/credits\/#primaryimage"},"image":{"@id":"https:\/\/aksioma.org\/becomingimage\/credits\/#primaryimage"},"thumbnailUrl":"https:\/\/aksioma.org\/ayasu\/wp-content\/uploads\/2023\/02\/aksioma@2x.png","datePublished":"2023-02-09T10:03:40+00:00","dateModified":"2026-02-22T11:25:51+00:00","breadcrumb":{"@id":"https:\/\/aksioma.org\/becomingimage\/credits\/#breadcrumb"},"inLanguage":"en-US","potentialAction":[{"@type":"ReadAction","target":["https:\/\/aksioma.org\/becomingimage\/credits\/"]}]},{"@type":"ImageObject","inLanguage":"en-US","@id":"https:\/\/aksioma.org\/becomingimage\/credits\/#primaryimage","url":"https:\/\/aksioma.org\/ayasu\/wp-content\/uploads\/2023\/02\/aksioma@2x.png","contentUrl":"https:\/\/aksioma.org\/ayasu\/wp-content\/uploads\/2023\/02\/aksioma@2x.png"},{"@type":"BreadcrumbList","@id":"https:\/\/aksioma.org\/becomingimage\/credits\/#breadcrumb","itemListElement":[{"@type":"ListItem","position":1,"name":"Home","item":"https:\/\/aksioma.org\/becomingimage\/"},{"@type":"ListItem","position":2,"name":"Credits"}]},{"@type":"WebSite","@id":"https:\/\/aksioma.org\/becomingimage\/#website","url":"https:\/\/aksioma.org\/becomingimage\/","name":"Tactics&amp;Practice #17: Becoming image","description":"","potentialAction":[{"@type":"SearchAction","target":{"@type":"EntryPoint","urlTemplate":"https:\/\/aksioma.org\/becomingimage\/?s={search_term_string}"},"query-input":{"@type":"PropertyValueSpecification","valueRequired":true,"valueName":"search_term_string"}}],"inLanguage":"en-US"}]}},"lang":"en","translations":{"en":12,"sl":191},"pll_sync_post":[],"_links":{"self":[{"href":"https:\/\/aksioma.org\/becomingimage\/wp-json\/wp\/v2\/pages\/12","targetHints":{"allow":["GET"]}}],"collection":[{"href":"https:\/\/aksioma.org\/becomingimage\/wp-json\/wp\/v2\/pages"}],"about":[{"href":"https:\/\/aksioma.org\/becomingimage\/wp-json\/wp\/v2\/types\/page"}],"author":[{"embeddable":true,"href":"https:\/\/aksioma.org\/becomingimage\/wp-json\/wp\/v2\/users\/1"}],"replies":[{"embeddable":true,"href":"https:\/\/aksioma.org\/becomingimage\/wp-json\/wp\/v2\/comments?post=12"}],"version-history":[{"count":0,"href":"https:\/\/aksioma.org\/becomingimage\/wp-json\/wp\/v2\/pages\/12\/revisions"}],"wp:attachment":[{"href":"https:\/\/aksioma.org\/becomingimage\/wp-json\/wp\/v2\/media?parent=12"}],"curies":[{"name":"wp","href":"https:\/\/api.w.org\/{rel}","templated":true}]}}