{"id":1185,"date":"2025-02-04T13:08:46","date_gmt":"2025-02-04T12:08:46","guid":{"rendered":"https:\/\/aksioma.org\/ayasu\/?page_id=1185"},"modified":"2026-02-15T10:16:41","modified_gmt":"2026-02-15T09:16:41","slug":"podkast","status":"publish","type":"page","link":"https:\/\/aksioma.org\/becomingimage\/sl\/podkast\/","title":{"rendered":"Podkast"},"content":{"rendered":"\n<h2 class=\"wp-block-heading\"><strong>Serija podkastov Becoming Image<\/strong><\/h2>\n\n\n\n<p>Zasnova in vodenje: Rebecca Edwards<\/p>\n\n\n\n<p>Serija podkastov raziskuje, kako podobe, oblikovane z ra\u010dunalni\u0161kim vidom, generativno umetno inteligenco in algoritmi\u010dnimi sistemi, ne predstavljajo ve\u010d resni\u010dnosti, temve\u010d jo aktivno proizvajajo. Skozi pogovore z umetniki in teoretiki serija obravnava podobe kot infrastrukture, ki oblikujejo identiteto, vidnost in vedenje. Od estetike \u00bbbrainrot\u00ab in digitalnih dvojnic do glitchov, videoiger, temnih vzorcev in po\u010dasnih digitalnih praks se serija osredoto\u010da na prakse, ki delujejo znotraj in proti softverskim sistemom ter odpirajo alternativne na\u010dine gledanja, igranja in sobivanja s podobami.<br><br><a href=\"https:\/\/aksioma.org\/podcast\" target=\"_blank\" rel=\"noreferrer noopener\">https:\/\/aksioma.org\/podcast<\/a><\/p>\n\n\n\n<p><\/p>\n","protected":false},"excerpt":{"rendered":"<p>Serija podkastov Becoming Image Zasnova in vodenje: Rebecca Edwards Serija podkastov raziskuje, kako podobe, oblikovane z ra\u010dunalni\u0161kim vidom, generativno umetno inteligenco in algoritmi\u010dnimi sistemi, ne predstavljajo ve\u010d resni\u010dnosti, temve\u010d jo aktivno proizvajajo. Skozi pogovore z umetniki in teoretiki serija obravnava podobe kot infrastrukture, ki oblikujejo identiteto, vidnost in vedenje. Od estetike \u00bbbrainrot\u00ab in digitalnih dvojnic [&hellip;]<\/p>\n","protected":false},"author":1,"featured_media":0,"parent":0,"menu_order":0,"comment_status":"closed","ping_status":"closed","template":"","meta":{"_acf_changed":false,"footnotes":""},"class_list":["post-1185","page","type-page","status-publish","hentry"],"acf":[],"yoast_head":"<!-- This site is optimized with the Yoast SEO plugin v27.2 - https:\/\/yoast.com\/product\/yoast-seo-wordpress\/ -->\n<title>Podkast - Tactics&amp;Practice #17: Becoming image<\/title>\n<meta name=\"robots\" content=\"index, follow, max-snippet:-1, max-image-preview:large, max-video-preview:-1\" \/>\n<link rel=\"canonical\" href=\"https:\/\/aksioma.org\/becomingimage\/sl\/podkast\/\" \/>\n<meta property=\"og:locale\" content=\"en_US\" \/>\n<meta property=\"og:type\" content=\"article\" \/>\n<meta property=\"og:title\" content=\"Podkast - Tactics&amp;Practice #17: Becoming image\" \/>\n<meta property=\"og:description\" content=\"Serija podkastov Becoming Image Zasnova in vodenje: Rebecca Edwards Serija podkastov raziskuje, kako podobe, oblikovane z ra\u010dunalni\u0161kim vidom, generativno umetno inteligenco in algoritmi\u010dnimi sistemi, ne predstavljajo ve\u010d resni\u010dnosti, temve\u010d jo aktivno proizvajajo. Skozi pogovore z umetniki in teoretiki serija obravnava podobe kot infrastrukture, ki oblikujejo identiteto, vidnost in vedenje. Od estetike \u00bbbrainrot\u00ab in digitalnih dvojnic [&hellip;]\" \/>\n<meta property=\"og:url\" content=\"https:\/\/aksioma.org\/becomingimage\/sl\/podkast\/\" \/>\n<meta property=\"og:site_name\" content=\"Tactics&amp;Practice #17: Becoming image\" \/>\n<meta property=\"article:modified_time\" content=\"2026-02-15T09:16:41+00:00\" \/>\n<meta name=\"twitter:card\" content=\"summary_large_image\" \/>\n<meta name=\"twitter:label1\" content=\"Est. reading time\" \/>\n\t<meta name=\"twitter:data1\" content=\"1 minute\" \/>\n<script type=\"application\/ld+json\" class=\"yoast-schema-graph\">{\"@context\":\"https:\/\/schema.org\",\"@graph\":[{\"@type\":\"WebPage\",\"@id\":\"https:\/\/aksioma.org\/becomingimage\/sl\/podkast\/\",\"url\":\"https:\/\/aksioma.org\/becomingimage\/sl\/podkast\/\",\"name\":\"Podkast - Tactics&amp;Practice #17: Becoming image\",\"isPartOf\":{\"@id\":\"https:\/\/aksioma.org\/becomingimage\/#website\"},\"datePublished\":\"2025-02-04T12:08:46+00:00\",\"dateModified\":\"2026-02-15T09:16:41+00:00\",\"breadcrumb\":{\"@id\":\"https:\/\/aksioma.org\/becomingimage\/sl\/podkast\/#breadcrumb\"},\"inLanguage\":\"en-US\",\"potentialAction\":[{\"@type\":\"ReadAction\",\"target\":[\"https:\/\/aksioma.org\/becomingimage\/sl\/podkast\/\"]}]},{\"@type\":\"BreadcrumbList\",\"@id\":\"https:\/\/aksioma.org\/becomingimage\/sl\/podkast\/#breadcrumb\",\"itemListElement\":[{\"@type\":\"ListItem\",\"position\":1,\"name\":\"Home\",\"item\":\"https:\/\/aksioma.org\/becomingimage\/\"},{\"@type\":\"ListItem\",\"position\":2,\"name\":\"Podkast\"}]},{\"@type\":\"WebSite\",\"@id\":\"https:\/\/aksioma.org\/becomingimage\/#website\",\"url\":\"https:\/\/aksioma.org\/becomingimage\/\",\"name\":\"Tactics&amp;Practice #17: Becoming image\",\"description\":\"\",\"potentialAction\":[{\"@type\":\"SearchAction\",\"target\":{\"@type\":\"EntryPoint\",\"urlTemplate\":\"https:\/\/aksioma.org\/becomingimage\/?s={search_term_string}\"},\"query-input\":{\"@type\":\"PropertyValueSpecification\",\"valueRequired\":true,\"valueName\":\"search_term_string\"}}],\"inLanguage\":\"en-US\"}]}<\/script>\n<!-- \/ Yoast SEO plugin. -->","yoast_head_json":{"title":"Podkast - Tactics&amp;Practice #17: Becoming image","robots":{"index":"index","follow":"follow","max-snippet":"max-snippet:-1","max-image-preview":"max-image-preview:large","max-video-preview":"max-video-preview:-1"},"canonical":"https:\/\/aksioma.org\/becomingimage\/sl\/podkast\/","og_locale":"en_US","og_type":"article","og_title":"Podkast - Tactics&amp;Practice #17: Becoming image","og_description":"Serija podkastov Becoming Image Zasnova in vodenje: Rebecca Edwards Serija podkastov raziskuje, kako podobe, oblikovane z ra\u010dunalni\u0161kim vidom, generativno umetno inteligenco in algoritmi\u010dnimi sistemi, ne predstavljajo ve\u010d resni\u010dnosti, temve\u010d jo aktivno proizvajajo. Skozi pogovore z umetniki in teoretiki serija obravnava podobe kot infrastrukture, ki oblikujejo identiteto, vidnost in vedenje. Od estetike \u00bbbrainrot\u00ab in digitalnih dvojnic [&hellip;]","og_url":"https:\/\/aksioma.org\/becomingimage\/sl\/podkast\/","og_site_name":"Tactics&amp;Practice #17: Becoming image","article_modified_time":"2026-02-15T09:16:41+00:00","twitter_card":"summary_large_image","twitter_misc":{"Est. reading time":"1 minute"},"schema":{"@context":"https:\/\/schema.org","@graph":[{"@type":"WebPage","@id":"https:\/\/aksioma.org\/becomingimage\/sl\/podkast\/","url":"https:\/\/aksioma.org\/becomingimage\/sl\/podkast\/","name":"Podkast - Tactics&amp;Practice #17: Becoming image","isPartOf":{"@id":"https:\/\/aksioma.org\/becomingimage\/#website"},"datePublished":"2025-02-04T12:08:46+00:00","dateModified":"2026-02-15T09:16:41+00:00","breadcrumb":{"@id":"https:\/\/aksioma.org\/becomingimage\/sl\/podkast\/#breadcrumb"},"inLanguage":"en-US","potentialAction":[{"@type":"ReadAction","target":["https:\/\/aksioma.org\/becomingimage\/sl\/podkast\/"]}]},{"@type":"BreadcrumbList","@id":"https:\/\/aksioma.org\/becomingimage\/sl\/podkast\/#breadcrumb","itemListElement":[{"@type":"ListItem","position":1,"name":"Home","item":"https:\/\/aksioma.org\/becomingimage\/"},{"@type":"ListItem","position":2,"name":"Podkast"}]},{"@type":"WebSite","@id":"https:\/\/aksioma.org\/becomingimage\/#website","url":"https:\/\/aksioma.org\/becomingimage\/","name":"Tactics&amp;Practice #17: Becoming image","description":"","potentialAction":[{"@type":"SearchAction","target":{"@type":"EntryPoint","urlTemplate":"https:\/\/aksioma.org\/becomingimage\/?s={search_term_string}"},"query-input":{"@type":"PropertyValueSpecification","valueRequired":true,"valueName":"search_term_string"}}],"inLanguage":"en-US"}]}},"lang":"sl","translations":{"sl":1185,"en":1184},"pll_sync_post":[],"_links":{"self":[{"href":"https:\/\/aksioma.org\/becomingimage\/wp-json\/wp\/v2\/pages\/1185","targetHints":{"allow":["GET"]}}],"collection":[{"href":"https:\/\/aksioma.org\/becomingimage\/wp-json\/wp\/v2\/pages"}],"about":[{"href":"https:\/\/aksioma.org\/becomingimage\/wp-json\/wp\/v2\/types\/page"}],"author":[{"embeddable":true,"href":"https:\/\/aksioma.org\/becomingimage\/wp-json\/wp\/v2\/users\/1"}],"replies":[{"embeddable":true,"href":"https:\/\/aksioma.org\/becomingimage\/wp-json\/wp\/v2\/comments?post=1185"}],"version-history":[{"count":0,"href":"https:\/\/aksioma.org\/becomingimage\/wp-json\/wp\/v2\/pages\/1185\/revisions"}],"wp:attachment":[{"href":"https:\/\/aksioma.org\/becomingimage\/wp-json\/wp\/v2\/media?parent=1185"}],"curies":[{"name":"wp","href":"https:\/\/api.w.org\/{rel}","templated":true}]}}