{"id":2,"date":"2023-02-01T09:48:21","date_gmt":"2023-02-01T08:48:21","guid":{"rendered":"http:\/\/127.0.0.1:8888\/aksioma-scale\/?page_id=2"},"modified":"2025-05-16T10:56:03","modified_gmt":"2025-05-16T08:56:03","slug":"home","status":"publish","type":"page","link":"https:\/\/aksioma.org\/ayasu\/","title":{"rendered":"Home"},"content":{"rendered":"\n<p><strong><em>Tactics&amp;Practice #16: Are You a Software Update?<\/em><br>Ljubljana, February\u2013June 2025<\/strong><\/p>\n\n\n\n    <style>\n        .tabs { border: 2px solid #000; background: #efbfc8; }\n        .tabs__head { display: flex; margin-bottom: -2px; }\n        .tabs__tab { display: block; padding: 20px; text-decoration: none !important; flex: 1 1 0; position: relative; }\n        .tabs__tab + .tabs__tab { border-left: 2px solid #000; }\n        .tabs__tab:not(.is-active) { border-bottom: 2px solid #000; }\n        .tabs__icon { max-width: 106px; position: relative; margin: 0 auto; }\n        .tabs__icon:before { display: block; content: ''; padding-top: 93.4%; }\n        .tabs__icon img { position: absolute; top: 0; left: 0; width: 100%; height: 100%; }\n        .tabs__date { font-size: 15px; }\n        .tabs__section:not(.is-active) { display: none; }\n        .tabs__section { padding: 20px; }\n        .tabs__section .wp-block-button__link { margin-bottom: 20px; }\n        @media screen and (max-width: 781px) {\n            .tabs { margin-left: -20px; margin-right: -20px; }\n            .tabs__tab { min-height: 139px; }\n            \/*.tabs__tab.is-active { flex-basis: calc(100% - 60px); }*\/\n            .tabs__tab:not(.is-active) > .tabs__name { position: absolute; bottom: 20px; left: 50%; white-space: nowrap; transform: rotate(-90deg) translateY(50%); transform-origin: bottom left; }\n        }\n        @media screen and (min-width: 782px) {\n\t\t\t.tabs__icon { max-width: 146px; }\n        }\n    <\/style>\n\n    <div class=\"tabs js-tabs\">\n        <div class=\"tabs__head\">\n                            <a class=\"tabs__tab is-active\" href=\"#tab-1\" style=\"background-color: ;\">\n                                        <div class=\"tabs__name\">\n                        CONFERENCE                    <\/div>\n                <\/a>\n                            <a class=\"tabs__tab\" href=\"#tab-2\" style=\"background-color: ;\">\n                                        <div class=\"tabs__name\">\n                        Node #1                    <\/div>\n                <\/a>\n                            <a class=\"tabs__tab\" href=\"#tab-3\" style=\"background-color: ;\">\n                                        <div class=\"tabs__name\">\n                        Node #2                    <\/div>\n                <\/a>\n                            <a class=\"tabs__tab\" href=\"#tab-4\" style=\"background-color: ;\">\n                                        <div class=\"tabs__name\">\n                        Node #3                    <\/div>\n                <\/a>\n                    <\/div>\n        <div class=\"tabs__content\">\n                            <div class=\"tabs__section is-active\" id=\"tab-1\" style=\"background-color: ;\">\n                    <p>25 February 2025<\/p>\n                    <p>&nbsp;<\/p>\n                                            <p><span style=\"font-weight: 400;\">Katedrala \/ Kino \u0160i\u0161ka, Ljubljana<br \/>\n<strong>Conference<\/strong><br \/>\n<\/span><span style=\"font-weight: 400;\">15:00-21:00<br \/>\nAlessandro Turchioe, Alex Quicho, Clea Bourne, Daphne Dragona, Donatella Della Ratta, Eva Papamargariti, Giulia Timis, Iva Ramu\u0161 Cvetkovi\u010d, Jordi Viader Guerrero, Lesia Kulchynska, Nelly Y. Pinkrah, Noura Tafeche, Tommaso Campagna<br \/>\n<\/span><em><span style=\"font-weight: 400;\"><a href=\"https:\/\/aksioma.org\/ayasu\/conference\/\">Are You A Software Update?<\/a><br \/>\n+<br \/>\n<\/span><\/em><span style=\"font-weight: 400;\">Kamera \/ Kino \u0160i\u0161ka, Ljubljana<br \/>\n<strong>Exhibition opening<\/strong><br \/>\n21:00-22:00<br \/>\n<\/span>Eva Papamargariti<br \/>\n<a href=\"https:\/\/aksioma.org\/ayasu\/exhibitions\/eva-papamargariti\/\"><i><span style=\"font-weight: 400;\">A Whisper, a Murmur, a Roar<\/span><\/i><\/a><br \/>\n+<br \/>\n<span style=\"font-weight: 400;\">Pritli\u010dje, Ljubljana<br \/>\n<strong>After event<\/strong><br \/>\n22:30-2:00<br \/>\n<\/span>msn gf &amp; Prince Lucija<br \/>\n<a href=\"https:\/\/aksioma.org\/ayasu\/conference\/live-set\/\"><i><span style=\"font-weight: 400;\">Live sets<\/span><\/i><\/a><\/p>\n                                    <\/div>\n                            <div class=\"tabs__section\" id=\"tab-2\" style=\"background-color: ;\">\n                    <p>24 February\u201328 March 2025<\/p>\n                    <p>&nbsp;<\/p>\n                                            <p><span style=\"font-weight: 400;\">Aksioma | Project Space<br \/>\n<strong>Exhibition<\/strong><br \/>\n24 F<\/span><span style=\"font-weight: 400;\">ebruary\u2013<\/span><span style=\"font-weight: 400;\">26 Marc<\/span><span style=\"font-weight: 400;\">h 2025<br \/>\n<\/span><span style=\"font-weight: 400;\">Opening: 24 February at 19:00<br \/>\n<\/span>Noura Tafeche<br \/>\n<a href=\"https:\/\/aksioma.org\/ayasu\/exhibitions\/annihilation-core-inherited-lore-%d9%a9%cd%a1%e0%b9%8f%cc%af%cd%a1%e0%b9%8f%db%b6\/\"><i><span style=\"font-weight: 400;\">Annihilation Core, Inherited Lore \u0669(\u0361\u0e4f\u032f\u0361\u0e4f)\u06f6<br \/>\n<\/span><\/i><\/a><span style=\"font-weight: 400;\">+<br \/>\nALUO\/Toba\u010dna<br \/>\n<strong>Workshop<br \/>\n<\/strong><\/span><span style=\"font-weight: 400;\">26 February 2025, 14:00-17:00<br \/>\n<\/span>Noura Tafeche<br \/>\n<a href=\"https:\/\/aksioma.org\/ayasu\/workshops\/the-internet-is-a-horrible-place-and-im-here-to-make-it-worse-a-kawayoku-journey-subverting-online-violence-on-the-threshold-of-cuteness\/\"><i><span style=\"font-weight: 400;\">The Internet Is a Horrible Place and I\u2019m Here to Make It Worse: a Kawayoku Journey<\/span><\/i><\/a><\/p>\n                                    <\/div>\n                            <div class=\"tabs__section\" id=\"tab-3\" style=\"background-color: ;\">\n                    <p>2 April\u20139 May 2025<\/p>\n                    <p>&nbsp;<\/p>\n                                            <p><span style=\"font-weight: 400;\">ALUO\/Erjav\u010deva 23<br \/>\n<strong>Artist talk<br \/>\n<\/strong>2 April 2025, 15:00-16:00<br \/>\n<\/span>Alan Butler<br \/>\n<a href=\"https:\/\/aksioma.org\/ayasu\/artist-talks\/material-outcomes-in-the-digital-subject\/\"><i><span style=\"font-weight: 400;\">Material Outcomes in the Digital Subject<\/span><\/i><\/a><br \/>\n+<br \/>\n<b><span style=\"font-weight: 400;\">ALUO\/Toba\u010dna 5<br \/>\n<strong>Workshop<\/strong><br \/>\n2 April 2025, 16:30-19:00<\/span><br \/>\n<\/b>2girls1comp<br \/>\n<a href=\"https:\/\/aksioma.org\/ayasu\/workshops\/i-am-in-your-game-reappropriating-game-spaces-through-texture-replacement\/\"><i><span style=\"font-weight: 400;\">I AM IN YOUR GAME \u2013 Reappropriating Game Spaces Through Texture Replacement<\/span><\/i><\/a><br \/>\n+<br \/>\n<span style=\"font-weight: 400;\">Aksioma | Project Space<br \/>\n<strong>Exhibition<\/strong><br \/>\n2 April<\/span><span style=\"font-weight: 400;\">\u2013<\/span><span style=\"font-weight: 400;\">9 May<\/span><span style=\"font-weight: 400;\"> 2025<br \/>\n<\/span><span style=\"font-weight: 400;\">Opening: 2 April at 20:00<br \/>\n<\/span>Alan Butler<br \/>\n<a href=\"https:\/\/aksioma.org\/ayasu\/exhibitions\/the-production-of-space\/\"><i><span style=\"font-weight: 400;\">The Production of Space<\/span><\/i><\/a><\/p>\n                                    <\/div>\n                            <div class=\"tabs__section\" id=\"tab-4\" style=\"background-color: ;\">\n                    <p>13 May\u201313 June 2025<\/p>\n                    <p>&nbsp;<\/p>\n                                            <p><span style=\"font-weight: 400;\">ALUO<br \/>\n<strong>Lecture<\/strong><br \/>\n<\/span><span style=\"font-weight: 400;\">13 May 2025, 16:00-17:00<br \/>\n<\/span>Sophie Publig, Charlotte Reu\u00df<br \/>\n<a href=\"https:\/\/aksioma.org\/ayasu\/artist-talks\/becoming-girl-on-posthuman-subjectivities-and-algorithmic-epistemologies\/\"><i><span style=\"font-weight: 400;\">Becoming-Girl: On Posthuman Subjectivities and Algorithmic Epistemologies<\/span><\/i><\/a><br \/>\n+<br \/>\n<b><span style=\"font-weight: 400;\">ALUO<br \/>\n<\/span><\/b><b><span style=\"font-weight: 400;\"><strong>Workshop<\/strong><br \/>\n13 May 2025, 17:00-19:00<\/span><br \/>\n<\/b>Sophie Publig, Charlotte Reu\u00df<br \/>\n<a href=\"https:\/\/aksioma.org\/ayasu\/workshops\/choose-your-avatar-girlblogging-as-posthumanist-practice\/\"><i><span style=\"font-weight: 400;\">Choose Your Avatar \u2013 Girlblogging as posthumanist practice<\/span><\/i><\/a><br \/>\n+<br \/>\nSlovenian Cinematheque<br \/>\n<strong>Screening<\/strong><br \/>\n13 May 2025, 18:00<br \/>\nSilvia Dal Dosso<br \/>\n<a href=\"https:\/\/aksioma.org\/ayasu\/screenings\/the-future-ahead-is-going-to-be-waf\/\"><em>The Future Ahead Is Going To Be Weird AF, (Part 1)<\/em><\/a><br \/>\n+<br \/>\n<span style=\"font-weight: 400;\">Aksioma | Project Space<br \/>\n<strong>Exhibition<\/strong><br \/>\n14 May<\/span><span style=\"font-weight: 400;\">\u2013<\/span><span style=\"font-weight: 400;\">13 June<\/span><span style=\"font-weight: 400;\"> 2025<br \/>\nOpening: 14 May at 18:00<\/span><br \/>\nJoanna Bacas, Socrates Stamatatos<br \/>\n<i><a href=\"https:\/\/aksioma.org\/ayasu\/exhibitions\/eva-evil-vibrant-astute-2-0\/\">EVA (Evil Vibrant Astute) 2.0<\/a><br \/>\n+<\/i><strong><i><br \/>\n<\/i><\/strong>Slovenian Cinematheque<br \/>\n<strong>Screening<\/strong><br \/>\n16 May 2025, 17:00<br \/>\nElizabeth Gabrielle Lee<i><br \/>\n<a href=\"https:\/\/aksioma.org\/ayasu\/screenings\/tropic-temper\/\">Tropic Temper<\/a><\/i><br \/>\n+<br \/>\nSilvia Dal Dosso<br \/>\n<a href=\"https:\/\/aksioma.org\/ayasu\/screenings\/the-future-is-going-to-be-weird-af\/\"><em>The Future Is Going To Be Weird AF, (Part 2)<\/em><\/a><br \/>\n+<br \/>\nHupa Brajdi\u010d, podhod Ajdov\u0161\u010dina<br \/>\n<strong>Screening<\/strong><br \/>\n16 May 2025, 23:45<br \/>\nSilvia Dal Dosso<br \/>\n<em><a href=\"https:\/\/aksioma.org\/ayasu\/screenings\/the-future-is-now\/\">The Future Is Now Finally Weird AF<\/a><\/em><\/p>\n                                    <\/div>\n                    <\/div>\n    <\/div>\n\n\n\n\n<blockquote class=\"wp-block-quote is-style-default has-medium-font-size is-layout-flow wp-block-quote-is-layout-flow\">\n<p><\/p>\n<cite>Together we\u2019re creating a safer and more inclusive space for all and we expect participants to adhere to a zero-tolerance policy towards all forms of discrimination and violence. If you experience or witness violence\/discrimination or find yourself in distress you can reach out to the event organizers.<\/cite><\/blockquote>\n\n\n\n<p><\/p>\n","protected":false},"excerpt":{"rendered":"<p>Tactics&amp;Practice #16: Are You a Software Update?Ljubljana, February\u2013June 2025 Together we\u2019re creating a safer and more inclusive space for all and we expect participants to adhere to a zero-tolerance policy towards all forms of discrimination and violence. If you experience or witness violence\/discrimination or find yourself in distress you can reach out to the event [&hellip;]<\/p>\n","protected":false},"author":1,"featured_media":0,"parent":0,"menu_order":-1,"comment_status":"closed","ping_status":"closed","template":"","meta":{"_acf_changed":false,"footnotes":""},"class_list":["post-2","page","type-page","status-publish","hentry"],"acf":[],"yoast_head":"<!-- This site is optimized with the Yoast SEO plugin v27.2 - https:\/\/yoast.com\/product\/yoast-seo-wordpress\/ -->\n<title>Home - Tactics&amp;Practice #16: Are you a software update?<\/title>\n<meta name=\"robots\" content=\"index, follow, max-snippet:-1, max-image-preview:large, max-video-preview:-1\" \/>\n<link rel=\"canonical\" href=\"https:\/\/aksioma.org\/ayasu\/\" \/>\n<meta property=\"og:locale\" content=\"en_US\" \/>\n<meta property=\"og:type\" content=\"article\" \/>\n<meta property=\"og:title\" content=\"Tactics&amp;Practice #15: (Un)real Data \u2013 Real Effects\" \/>\n<meta property=\"og:description\" content=\"Tactics&amp;Practice #16: Are You a Software Update?Ljubljana, February\u2013June 2025 Together we\u2019re creating a safer and more inclusive space for all and we expect participants to adhere to a zero-tolerance policy towards all forms of discrimination and violence. If you experience or witness violence\/discrimination or find yourself in distress you can reach out to the event [&hellip;]\" \/>\n<meta property=\"og:url\" content=\"https:\/\/aksioma.org\/ayasu\/\" \/>\n<meta property=\"og:site_name\" content=\"Tactics&amp;Practice #16: Are you a software update?\" \/>\n<meta property=\"article:modified_time\" content=\"2025-05-16T08:56:03+00:00\" \/>\n<meta name=\"twitter:card\" content=\"summary_large_image\" \/>\n<meta name=\"twitter:label1\" content=\"Est. reading time\" \/>\n\t<meta name=\"twitter:data1\" content=\"1 minute\" \/>\n<script type=\"application\/ld+json\" class=\"yoast-schema-graph\">{\"@context\":\"https:\/\/schema.org\",\"@graph\":[{\"@type\":\"WebPage\",\"@id\":\"https:\/\/aksioma.org\/ayasu\/\",\"url\":\"https:\/\/aksioma.org\/ayasu\/\",\"name\":\"Home - Tactics&amp;Practice #16: Are you a software update?\",\"isPartOf\":{\"@id\":\"https:\/\/aksioma.org\/ayasu\/#website\"},\"datePublished\":\"2023-02-01T08:48:21+00:00\",\"dateModified\":\"2025-05-16T08:56:03+00:00\",\"breadcrumb\":{\"@id\":\"https:\/\/aksioma.org\/ayasu\/#breadcrumb\"},\"inLanguage\":\"en-US\",\"potentialAction\":[{\"@type\":\"ReadAction\",\"target\":[\"https:\/\/aksioma.org\/ayasu\/\"]}]},{\"@type\":\"BreadcrumbList\",\"@id\":\"https:\/\/aksioma.org\/ayasu\/#breadcrumb\",\"itemListElement\":[{\"@type\":\"ListItem\",\"position\":1,\"name\":\"Home\",\"item\":\"https:\/\/aksioma.org\/ayasu\/\"},{\"@type\":\"ListItem\",\"position\":2,\"name\":\"Home\"}]},{\"@type\":\"WebSite\",\"@id\":\"https:\/\/aksioma.org\/ayasu\/#website\",\"url\":\"https:\/\/aksioma.org\/ayasu\/\",\"name\":\"Tactics&amp;Practice #16: Are you a software update?\",\"description\":\"\",\"potentialAction\":[{\"@type\":\"SearchAction\",\"target\":{\"@type\":\"EntryPoint\",\"urlTemplate\":\"https:\/\/aksioma.org\/ayasu\/?s={search_term_string}\"},\"query-input\":{\"@type\":\"PropertyValueSpecification\",\"valueRequired\":true,\"valueName\":\"search_term_string\"}}],\"inLanguage\":\"en-US\"}]}<\/script>\n<!-- \/ Yoast SEO plugin. -->","yoast_head_json":{"title":"Home - Tactics&amp;Practice #16: Are you a software update?","robots":{"index":"index","follow":"follow","max-snippet":"max-snippet:-1","max-image-preview":"max-image-preview:large","max-video-preview":"max-video-preview:-1"},"canonical":"https:\/\/aksioma.org\/ayasu\/","og_locale":"en_US","og_type":"article","og_title":"Tactics&Practice #15: (Un)real Data \u2013 Real Effects","og_description":"Tactics&amp;Practice #16: Are You a Software Update?Ljubljana, February\u2013June 2025 Together we\u2019re creating a safer and more inclusive space for all and we expect participants to adhere to a zero-tolerance policy towards all forms of discrimination and violence. If you experience or witness violence\/discrimination or find yourself in distress you can reach out to the event [&hellip;]","og_url":"https:\/\/aksioma.org\/ayasu\/","og_site_name":"Tactics&amp;Practice #16: Are you a software update?","article_modified_time":"2025-05-16T08:56:03+00:00","twitter_card":"summary_large_image","twitter_misc":{"Est. reading time":"1 minute"},"schema":{"@context":"https:\/\/schema.org","@graph":[{"@type":"WebPage","@id":"https:\/\/aksioma.org\/ayasu\/","url":"https:\/\/aksioma.org\/ayasu\/","name":"Home - Tactics&amp;Practice #16: Are you a software update?","isPartOf":{"@id":"https:\/\/aksioma.org\/ayasu\/#website"},"datePublished":"2023-02-01T08:48:21+00:00","dateModified":"2025-05-16T08:56:03+00:00","breadcrumb":{"@id":"https:\/\/aksioma.org\/ayasu\/#breadcrumb"},"inLanguage":"en-US","potentialAction":[{"@type":"ReadAction","target":["https:\/\/aksioma.org\/ayasu\/"]}]},{"@type":"BreadcrumbList","@id":"https:\/\/aksioma.org\/ayasu\/#breadcrumb","itemListElement":[{"@type":"ListItem","position":1,"name":"Home","item":"https:\/\/aksioma.org\/ayasu\/"},{"@type":"ListItem","position":2,"name":"Home"}]},{"@type":"WebSite","@id":"https:\/\/aksioma.org\/ayasu\/#website","url":"https:\/\/aksioma.org\/ayasu\/","name":"Tactics&amp;Practice #16: Are you a software update?","description":"","potentialAction":[{"@type":"SearchAction","target":{"@type":"EntryPoint","urlTemplate":"https:\/\/aksioma.org\/ayasu\/?s={search_term_string}"},"query-input":{"@type":"PropertyValueSpecification","valueRequired":true,"valueName":"search_term_string"}}],"inLanguage":"en-US"}]}},"lang":"en","translations":{"en":2,"sl":168},"pll_sync_post":[],"_links":{"self":[{"href":"https:\/\/aksioma.org\/ayasu\/wp-json\/wp\/v2\/pages\/2","targetHints":{"allow":["GET"]}}],"collection":[{"href":"https:\/\/aksioma.org\/ayasu\/wp-json\/wp\/v2\/pages"}],"about":[{"href":"https:\/\/aksioma.org\/ayasu\/wp-json\/wp\/v2\/types\/page"}],"author":[{"embeddable":true,"href":"https:\/\/aksioma.org\/ayasu\/wp-json\/wp\/v2\/users\/1"}],"replies":[{"embeddable":true,"href":"https:\/\/aksioma.org\/ayasu\/wp-json\/wp\/v2\/comments?post=2"}],"version-history":[{"count":0,"href":"https:\/\/aksioma.org\/ayasu\/wp-json\/wp\/v2\/pages\/2\/revisions"}],"wp:attachment":[{"href":"https:\/\/aksioma.org\/ayasu\/wp-json\/wp\/v2\/media?parent=2"}],"curies":[{"name":"wp","href":"https:\/\/api.w.org\/{rel}","templated":true}]}}