{"id":191,"date":"2023-02-15T06:47:01","date_gmt":"2023-02-15T05:47:01","guid":{"rendered":"https:\/\/aksioma.org\/scale\/?page_id=191"},"modified":"2025-02-19T15:42:18","modified_gmt":"2025-02-19T14:42:18","slug":"kolofon","status":"publish","type":"page","link":"https:\/\/aksioma.org\/ayasu\/sl\/kolofon\/","title":{"rendered":"Kolofon"},"content":{"rendered":"\n<p><strong><em>Taktike&amp;Praksa #16: Si programska posodobitev?<\/em><br>Ljubljana, februar\u2013junij 2025<\/strong><\/p>\n\n\n\n<p><strong>Sodelujo\u010di:<\/strong><br>2girls1comp, Alessandro Turchioe, Alan Butler, Alex Quicho, Charlotte Reu\u00df, Clea Bourne, Daphne Dragona, Donatella Della Ratta, Eva Papamargariti, Giulia Timis, Iva Ramu\u0161 Cvetkovi\u010d, Joanna Bacas, Jordi Viader Guerrero, Lesia Kulchynska, msn gf, Nelly Y. Pinkrah, Noura Tafeche, Prince Lucija, Silvia Dal Dosso, Socrates Stamatatos, Sophie Publig, Tommaso Campagna<\/p>\n\n\n\n<p><strong>Kuratorke:<\/strong><br>Nora O\u2019 Murch\u00fa, Socrates Stamatatos, Janez Fakin Jan\u0161a, Neja Berger<\/p>\n\n\n\n<p>Vodja produkcije: Marcela Okreti\u010d<br>Asistentka produkcije: Ema Maznik Anti\u0107<br>Asistentka produkcije razstav: Maja Burja<br>Promocija in upravljanje dru\u017ebenih medijev: Ne\u017ea Bukovec, Dominika Ma\u0161a Kozar, Sara Vatovec<br>Prevod in lektura: Rok Krajnc, Miha \u0160u\u0161tar<br>Spletni razvijalec: Igor Kova\u010di\u0107<br>Celostna grafi\u010dna podoba: Federico Antonini<br>Animacija: Lara Reichmann<br>Glasba: Ga\u0161per Torkar<\/p>\n\n\n\n<p>Koordinacija v Kinu \u0160i\u0161ka: Jasna Jernej\u0161ek<br>Tehni\u010dna ekipa: Valter Udovi\u010di\u0107, Matej Marin\u010dek, Matev\u017e Fti\u010dar, Sa\u0161ko Gerk\u0161i\u010d, Jure Vlahovi\u010d<\/p>\n\n\n\n<p><strong>Produkcija in organizacija:<\/strong><br>Aksioma \u2013 Zavod za sodobne umetnosti, Ljubljana, 2024<\/p>\n\n\n\n<figure class=\"wp-block-image size-full is-resized\"><img loading=\"lazy\" decoding=\"async\" width=\"188\" height=\"80\" src=\"https:\/\/aksioma.org\/ayasu\/wp-content\/uploads\/2023\/02\/aksioma@2x.png\" alt=\"\" class=\"wp-image-173\" style=\"width:auto;height:40px\"\/><\/figure>\n\n\n\n<p><strong>V sodelovanju s:<\/strong><br>Center urbane kulture Kino \u0160i\u0161ka<br>ALUO \u2013 Akademija za likovno umetnost in oblikovanje Univerze v Ljubljani<\/p>\n\n\n\n<div class=\"wp-block-group is-nowrap is-layout-flex wp-container-core-group-is-layout-ad2f72ca wp-block-group-is-layout-flex\">\n<figure class=\"wp-block-image size-full is-resized\"><img loading=\"lazy\" decoding=\"async\" width=\"188\" height=\"80\" src=\"https:\/\/aksioma.org\/ayasu\/wp-content\/uploads\/2023\/02\/kino-siska@2x.png\" alt=\"\" class=\"wp-image-178\" style=\"width:auto;height:40px\"\/><\/figure>\n\n\n\n<figure class=\"wp-block-image size-full is-resized\"><img loading=\"lazy\" decoding=\"async\" width=\"211\" height=\"80\" src=\"https:\/\/aksioma.org\/ayasu\/wp-content\/uploads\/2025\/02\/aluo-new@2x.png\" alt=\"\" class=\"wp-image-1288\" style=\"width:auto;height:40px\"\/><\/figure>\n<\/div>\n\n\n\n<p><strong>V okviru serije:<\/strong><br>Taktike&amp;praksa<\/p>\n\n\n\n<figure class=\"wp-block-image size-full is-resized\"><img loading=\"lazy\" decoding=\"async\" width=\"164\" height=\"80\" src=\"https:\/\/aksioma.org\/ayasu\/wp-content\/uploads\/2025\/02\/tip-sl@2x.png\" alt=\"\" class=\"wp-image-1210\" style=\"width:auto;height:40px\"\/><\/figure>\n\n\n\n<p><strong>Finan\u010dna podpora:<\/strong><br>Ministrstvo za kulturo Republike Slovenije<br>Mestna ob\u010dina Ljubljana<\/p>\n\n\n\n<p><strong>Dodatna finan\u010dna podpora:<\/strong><br>Konferenca je del projekta<em> <\/em><a href=\"https:\/\/networkcultures.org\/expub\/\"><em>.expub<\/em><\/a><em> | Exploring Expanded Publishing, <\/em>ki ga podpirajo program EU Ustvarjalna Evropa*, Ministrstvo za kulturo Republike Slovenije, Mestna ob\u010dina Ljubljana in Ministrstvo za javno upravo.<br>Sodelovanje Alana Butlerja podpira Culture Ireland | Cult\u00far \u00c9ireann.<br>Aktivnosti Donatelle Della Ratta in Noure Tafeche podpira Italijanski in\u0161titut za kulturo v Sloveniji.<br>Predstavitve Sophie Publig podpira Avstrijski kulturni Forum Ljubljana.<\/p>\n\n\n\n<p><strong>Partnerji:<\/strong><br>Institute of Network Cultures<br>In\u0161titut za kriminologijo pri Pravni fakulteti v Ljubljani<br>SCCA\u2013 Zavod za sodobno umetnost<br>Festival V-F-X Ljubljana<br>Slovenska kinoteka<br>Zavod za kulturo raznolikosti Open<br>Pritli\u010dje<br><\/p>\n\n\n\n<p><strong>Partner za opremo:<\/strong><strong><br><\/strong>Zavod<strong> <\/strong>Projekt Atol<\/p>\n\n\n\n<p class=\"has-small-font-size\">*Financirano s strani Evropske unije. Izra\u017eena stali\u0161\u010da in mnenja so zgolj stali\u0161\u010da in mnenja avtorja(-ev) in ni nujno, da odra\u017eajo stali\u0161\u010da in mnenja Evropske unije ali Evropske izvajalske agencije za izobra\u017eevanje in kulturo (EACEA). Zanje ne moreta biti odgovorna niti Evropska unija niti EACEA.<\/p>\n\n\n\n<figure class=\"wp-block-image size-full\"><img loading=\"lazy\" decoding=\"async\" width=\"1936\" height=\"194\" src=\"https:\/\/aksioma.org\/ayasu\/wp-content\/uploads\/2025\/02\/partners-final@2x.png\" alt=\"\" class=\"wp-image-1248\" srcset=\"https:\/\/aksioma.org\/ayasu\/wp-content\/uploads\/2025\/02\/partners-final@2x.png 1936w, https:\/\/aksioma.org\/ayasu\/wp-content\/uploads\/2025\/02\/partners-final@2x-1024x103.png 1024w, https:\/\/aksioma.org\/ayasu\/wp-content\/uploads\/2025\/02\/partners-final@2x-768x77.png 768w, https:\/\/aksioma.org\/ayasu\/wp-content\/uploads\/2025\/02\/partners-final@2x-1536x154.png 1536w\" sizes=\"auto, (max-width: 1936px) 100vw, 1936px\" \/><\/figure>\n","protected":false},"excerpt":{"rendered":"<p>Taktike&amp;Praksa #16: Si programska posodobitev?Ljubljana, februar\u2013junij 2025 Sodelujo\u010di:2girls1comp, Alessandro Turchioe, Alan Butler, Alex Quicho, Charlotte Reu\u00df, Clea Bourne, Daphne Dragona, Donatella Della Ratta, Eva Papamargariti, Giulia Timis, Iva Ramu\u0161 Cvetkovi\u010d, Joanna Bacas, Jordi Viader Guerrero, Lesia Kulchynska, msn gf, Nelly Y. Pinkrah, Noura Tafeche, Prince Lucija, Silvia Dal Dosso, Socrates Stamatatos, Sophie Publig, Tommaso Campagna [&hellip;]<\/p>\n","protected":false},"author":2,"featured_media":0,"parent":0,"menu_order":90,"comment_status":"closed","ping_status":"closed","template":"","meta":{"_acf_changed":false,"footnotes":""},"class_list":["post-191","page","type-page","status-publish","hentry"],"acf":[],"yoast_head":"<!-- This site is optimized with the Yoast SEO plugin v27.2 - https:\/\/yoast.com\/product\/yoast-seo-wordpress\/ -->\n<title>Kolofon - Tactics&amp;Practice #16: Are you a software update?<\/title>\n<meta name=\"robots\" content=\"index, follow, max-snippet:-1, max-image-preview:large, max-video-preview:-1\" \/>\n<link rel=\"canonical\" href=\"https:\/\/aksioma.org\/ayasu\/sl\/kolofon\/\" \/>\n<meta property=\"og:locale\" content=\"en_US\" \/>\n<meta property=\"og:type\" content=\"article\" \/>\n<meta property=\"og:title\" content=\"Kolofon - Tactics&amp;Practice #16: Are you a software update?\" \/>\n<meta property=\"og:description\" content=\"Taktike&amp;Praksa #16: Si programska posodobitev?Ljubljana, februar\u2013junij 2025 Sodelujo\u010di:2girls1comp, Alessandro Turchioe, Alan Butler, Alex Quicho, Charlotte Reu\u00df, Clea Bourne, Daphne Dragona, Donatella Della Ratta, Eva Papamargariti, Giulia Timis, Iva Ramu\u0161 Cvetkovi\u010d, Joanna Bacas, Jordi Viader Guerrero, Lesia Kulchynska, msn gf, Nelly Y. Pinkrah, Noura Tafeche, Prince Lucija, Silvia Dal Dosso, Socrates Stamatatos, Sophie Publig, Tommaso Campagna [&hellip;]\" \/>\n<meta property=\"og:url\" content=\"https:\/\/aksioma.org\/ayasu\/sl\/kolofon\/\" \/>\n<meta property=\"og:site_name\" content=\"Tactics&amp;Practice #16: Are you a software update?\" \/>\n<meta property=\"article:modified_time\" content=\"2025-02-19T14:42:18+00:00\" \/>\n<meta property=\"og:image\" content=\"https:\/\/aksioma.org\/ayasu\/wp-content\/uploads\/2023\/02\/aksioma@2x.png\" \/>\n<meta name=\"twitter:card\" content=\"summary_large_image\" \/>\n<meta name=\"twitter:label1\" content=\"Est. reading time\" \/>\n\t<meta name=\"twitter:data1\" content=\"3 minutes\" \/>\n<script type=\"application\/ld+json\" class=\"yoast-schema-graph\">{\"@context\":\"https:\/\/schema.org\",\"@graph\":[{\"@type\":\"WebPage\",\"@id\":\"https:\/\/aksioma.org\/ayasu\/sl\/kolofon\/\",\"url\":\"https:\/\/aksioma.org\/ayasu\/sl\/kolofon\/\",\"name\":\"Kolofon - Tactics&amp;Practice #16: Are you a software update?\",\"isPartOf\":{\"@id\":\"https:\/\/aksioma.org\/ayasu\/#website\"},\"primaryImageOfPage\":{\"@id\":\"https:\/\/aksioma.org\/ayasu\/sl\/kolofon\/#primaryimage\"},\"image\":{\"@id\":\"https:\/\/aksioma.org\/ayasu\/sl\/kolofon\/#primaryimage\"},\"thumbnailUrl\":\"https:\/\/aksioma.org\/ayasu\/wp-content\/uploads\/2023\/02\/aksioma@2x.png\",\"datePublished\":\"2023-02-15T05:47:01+00:00\",\"dateModified\":\"2025-02-19T14:42:18+00:00\",\"breadcrumb\":{\"@id\":\"https:\/\/aksioma.org\/ayasu\/sl\/kolofon\/#breadcrumb\"},\"inLanguage\":\"en-US\",\"potentialAction\":[{\"@type\":\"ReadAction\",\"target\":[\"https:\/\/aksioma.org\/ayasu\/sl\/kolofon\/\"]}]},{\"@type\":\"ImageObject\",\"inLanguage\":\"en-US\",\"@id\":\"https:\/\/aksioma.org\/ayasu\/sl\/kolofon\/#primaryimage\",\"url\":\"https:\/\/aksioma.org\/ayasu\/wp-content\/uploads\/2023\/02\/aksioma@2x.png\",\"contentUrl\":\"https:\/\/aksioma.org\/ayasu\/wp-content\/uploads\/2023\/02\/aksioma@2x.png\",\"width\":188,\"height\":80},{\"@type\":\"BreadcrumbList\",\"@id\":\"https:\/\/aksioma.org\/ayasu\/sl\/kolofon\/#breadcrumb\",\"itemListElement\":[{\"@type\":\"ListItem\",\"position\":1,\"name\":\"Home\",\"item\":\"https:\/\/aksioma.org\/ayasu\/\"},{\"@type\":\"ListItem\",\"position\":2,\"name\":\"Kolofon\"}]},{\"@type\":\"WebSite\",\"@id\":\"https:\/\/aksioma.org\/ayasu\/#website\",\"url\":\"https:\/\/aksioma.org\/ayasu\/\",\"name\":\"Tactics&amp;Practice #16: Are you a software update?\",\"description\":\"\",\"potentialAction\":[{\"@type\":\"SearchAction\",\"target\":{\"@type\":\"EntryPoint\",\"urlTemplate\":\"https:\/\/aksioma.org\/ayasu\/?s={search_term_string}\"},\"query-input\":{\"@type\":\"PropertyValueSpecification\",\"valueRequired\":true,\"valueName\":\"search_term_string\"}}],\"inLanguage\":\"en-US\"}]}<\/script>\n<!-- \/ Yoast SEO plugin. -->","yoast_head_json":{"title":"Kolofon - Tactics&amp;Practice #16: Are you a software update?","robots":{"index":"index","follow":"follow","max-snippet":"max-snippet:-1","max-image-preview":"max-image-preview:large","max-video-preview":"max-video-preview:-1"},"canonical":"https:\/\/aksioma.org\/ayasu\/sl\/kolofon\/","og_locale":"en_US","og_type":"article","og_title":"Kolofon - Tactics&amp;Practice #16: Are you a software update?","og_description":"Taktike&amp;Praksa #16: Si programska posodobitev?Ljubljana, februar\u2013junij 2025 Sodelujo\u010di:2girls1comp, Alessandro Turchioe, Alan Butler, Alex Quicho, Charlotte Reu\u00df, Clea Bourne, Daphne Dragona, Donatella Della Ratta, Eva Papamargariti, Giulia Timis, Iva Ramu\u0161 Cvetkovi\u010d, Joanna Bacas, Jordi Viader Guerrero, Lesia Kulchynska, msn gf, Nelly Y. Pinkrah, Noura Tafeche, Prince Lucija, Silvia Dal Dosso, Socrates Stamatatos, Sophie Publig, Tommaso Campagna [&hellip;]","og_url":"https:\/\/aksioma.org\/ayasu\/sl\/kolofon\/","og_site_name":"Tactics&amp;Practice #16: Are you a software update?","article_modified_time":"2025-02-19T14:42:18+00:00","og_image":[{"url":"https:\/\/aksioma.org\/ayasu\/wp-content\/uploads\/2023\/02\/aksioma@2x.png","type":"","width":"","height":""}],"twitter_card":"summary_large_image","twitter_misc":{"Est. reading time":"3 minutes"},"schema":{"@context":"https:\/\/schema.org","@graph":[{"@type":"WebPage","@id":"https:\/\/aksioma.org\/ayasu\/sl\/kolofon\/","url":"https:\/\/aksioma.org\/ayasu\/sl\/kolofon\/","name":"Kolofon - Tactics&amp;Practice #16: Are you a software update?","isPartOf":{"@id":"https:\/\/aksioma.org\/ayasu\/#website"},"primaryImageOfPage":{"@id":"https:\/\/aksioma.org\/ayasu\/sl\/kolofon\/#primaryimage"},"image":{"@id":"https:\/\/aksioma.org\/ayasu\/sl\/kolofon\/#primaryimage"},"thumbnailUrl":"https:\/\/aksioma.org\/ayasu\/wp-content\/uploads\/2023\/02\/aksioma@2x.png","datePublished":"2023-02-15T05:47:01+00:00","dateModified":"2025-02-19T14:42:18+00:00","breadcrumb":{"@id":"https:\/\/aksioma.org\/ayasu\/sl\/kolofon\/#breadcrumb"},"inLanguage":"en-US","potentialAction":[{"@type":"ReadAction","target":["https:\/\/aksioma.org\/ayasu\/sl\/kolofon\/"]}]},{"@type":"ImageObject","inLanguage":"en-US","@id":"https:\/\/aksioma.org\/ayasu\/sl\/kolofon\/#primaryimage","url":"https:\/\/aksioma.org\/ayasu\/wp-content\/uploads\/2023\/02\/aksioma@2x.png","contentUrl":"https:\/\/aksioma.org\/ayasu\/wp-content\/uploads\/2023\/02\/aksioma@2x.png","width":188,"height":80},{"@type":"BreadcrumbList","@id":"https:\/\/aksioma.org\/ayasu\/sl\/kolofon\/#breadcrumb","itemListElement":[{"@type":"ListItem","position":1,"name":"Home","item":"https:\/\/aksioma.org\/ayasu\/"},{"@type":"ListItem","position":2,"name":"Kolofon"}]},{"@type":"WebSite","@id":"https:\/\/aksioma.org\/ayasu\/#website","url":"https:\/\/aksioma.org\/ayasu\/","name":"Tactics&amp;Practice #16: Are you a software update?","description":"","potentialAction":[{"@type":"SearchAction","target":{"@type":"EntryPoint","urlTemplate":"https:\/\/aksioma.org\/ayasu\/?s={search_term_string}"},"query-input":{"@type":"PropertyValueSpecification","valueRequired":true,"valueName":"search_term_string"}}],"inLanguage":"en-US"}]}},"lang":"sl","translations":{"sl":191,"en":12},"pll_sync_post":[],"_links":{"self":[{"href":"https:\/\/aksioma.org\/ayasu\/wp-json\/wp\/v2\/pages\/191","targetHints":{"allow":["GET"]}}],"collection":[{"href":"https:\/\/aksioma.org\/ayasu\/wp-json\/wp\/v2\/pages"}],"about":[{"href":"https:\/\/aksioma.org\/ayasu\/wp-json\/wp\/v2\/types\/page"}],"author":[{"embeddable":true,"href":"https:\/\/aksioma.org\/ayasu\/wp-json\/wp\/v2\/users\/2"}],"replies":[{"embeddable":true,"href":"https:\/\/aksioma.org\/ayasu\/wp-json\/wp\/v2\/comments?post=191"}],"version-history":[{"count":0,"href":"https:\/\/aksioma.org\/ayasu\/wp-json\/wp\/v2\/pages\/191\/revisions"}],"wp:attachment":[{"href":"https:\/\/aksioma.org\/ayasu\/wp-json\/wp\/v2\/media?parent=191"}],"curies":[{"name":"wp","href":"https:\/\/api.w.org\/{rel}","templated":true}]}}