{"id":189,"date":"2023-02-15T06:37:34","date_gmt":"2023-02-15T05:37:34","guid":{"rendered":"https:\/\/aksioma.org\/scale\/?page_id=189"},"modified":"2025-02-10T12:37:40","modified_gmt":"2025-02-10T11:37:40","slug":"o-programu","status":"publish","type":"page","link":"https:\/\/aksioma.org\/ayasu\/sl\/o-programu\/","title":{"rendered":"O programu"},"content":{"rendered":"\n<p><strong><em>taktike&amp;praksa #16: Si programska posodobitev?<\/em><br>Ljubljana, februar\u2013junij 2025<\/strong><\/p>\n\n\n\n<p>Kako programska oprema oblikuje delovanje? Kaj pomeni delovati v sistemih, zasnovanih za optimizacijo, upravljanje in nevtralizacijo sodelovanja? Ali lahko v insfrastrukturah, ki nas nenehno posodabljajo, najdemo mo\u017enost delovanja?<\/p>\n\n\n\n<p>Za 16. izdajo Aksiominega diskurzivnega programa <em>taktike&amp;praksa<\/em>, ki se osredoto\u010da na sodobno raziskovalno umetnost, dru\u017ebo in nove tehnologije, <em>Si programska posodobitev? <\/em>\u00a0preizpra\u0161uje, kako sistemi programske opreme upravljajo interakcijo, dojemanje in odlo\u010danje. Program obravnava logike sodelovanja, vgrajene v platforme, aplikacije in omre\u017ena okolja, ter i\u0161\u010de prostore za kolektivno organiziranje in intervencijo.<\/p>\n\n\n\n<p>Zna\u010dilnosti programske opreme \u2013 skalabilnost, pospe\u0161evanje in fragmentacija \u2013 so jo preoblikovale v silo brez primere. Po ne\u0161tetih posodobitvah zdaj \u017eivimo v popolnoma fa\u0161isti\u010dnem operacijskem sistemu \u2013 vseprisotni, zaprti infrastrukturi, ki na novo opredeljuje na\u0161 vsakdan in bri\u0161e mejo med delovanjem in storilnostjo. Ta sistem, ki ga vodijo avtomatizacija, vmesniki in algoritmi\u010dni nadzor, narekuje sodelovanje, vidnost in interakcijo, pri \u010demer sta privolitev in podreditev vgrajena v samo zasnovo. Ko pogoji, ki jih dolo\u010da programska oprema, oblikujejo na\u0161e odnose znotraj tega sistema, se spra\u0161ujemo: kako bi lahko zvija\u010dnost, skrivnostnost in zavajanje postali okviri za premik onkraj odpora k oblikovanju sistemov, ki spodbujajo solidarnost, enakost in kolektivno delovanje?<\/p>\n\n\n\n<p>Program bo potekal na razli\u010dnih prizori\u0161\u010dih v Ljubljani. Za\u010del se bo z otvoritveno konferenco, sledile pa bodo razstave, predavanja, delavnice, publikacije in podkasti. Dogodek povezuje umetnice, teoreti\u010darke in raziskovalke, katerih delo preu\u010duje pogoje, pod katerimi postane delovanje mogo\u010de v realnosti, ki jo oblikuje vladavina programske opreme.<\/p>\n\n\n\n<p>Programska oprema ni le posrednik sodelovanja, temve\u010d ga narekuje. Nadzor vgrajuje v vmesnike, upravljanje avtomatizira s pogoji uporabe, skladnost pa ureja prek algoritmi\u010dnega razvr\u0161\u010danja, nadzora in napovedovanja vedenja. Algoritmi platform dolo\u010dajo, kaj je vidno, kateri jezik lahko kro\u017ei in kateri glasovi so oja\u010dani. Interakcija z vsebinami je zre\u017eirana, \u010dustva so manipulirana, nasprotovanje je nevtralizirano, vedenje pa je usmerjeno k dobi\u010dkonosnim metrikam. Programska oprema upravlja sodelovanje, preoblikuje subjektivnost in uporabnike trenira, da ponotranijo njeno logiko.<\/p>\n\n\n\n<p>Ta izdaja <em>taktike&amp;praksa<\/em> raziskuje, kako delovati pod omenjenimi pogoji in preu\u010duje strategije, s katerimi jih lahko navigiramo ali preusmerimo. S kriti\u010dnim vpogledom v na\u010dine, kako programska oprema nadzoruje \u010dustva, finan\u010dne strukture in pravne okvire, program preizpra\u0161uje, kako bi ti isti sistemi lahko postali tudi mesta posredovanja. \u010ce afekt deluje kot oro\u017eje za ohranjanje interakcije z vsebinami, kako bi lahko taktike zavajanja, navidezne skladnosti in \u010dustvenega preusmerjanja uporabili proti sistemu? \u010ce je ekonomska ekstrakcija osrednji mehanizem platformnega upravljanja, kako lahko strate\u0161ki umik, nepravilne porazdelitve virov, bojkoti ali finan\u010dna nepreglednost intervenirajo v njegovo logiko? \u010ce sta pravo in jezik vkodirana v pogoje uporabe programske opreme, ali je mogo\u010de pravne dvoumnosti, vrzeli v avtomatiziranem izvr\u0161evanju pravil ali jezikovno zamegljevanje uporabiti kot vzvode za ustvarjanje novih pogojev delovanja?<\/p>\n\n\n\n<p><em>Si programska posodobitev?<\/em> s kriti\u010dnim preu\u010devanjem fa\u0161isti\u010dnega operacijskega sistema kot strukture nadzora in hkrati prostora potencialnega delovanja odpira vpra\u0161anje, kako lahko zvija\u010dnost, skrivnostnost in zavajanje postanejo sredstva za delovanje znotraj &#8211; ter proti &#8211; logikam avtomatiziranega upravljanja.<br><br>Nora O\u2019 Murch\u00fa<\/p>\n","protected":false},"excerpt":{"rendered":"<p>taktike&amp;praksa #16: Si programska posodobitev?Ljubljana, februar\u2013junij 2025 Kako programska oprema oblikuje delovanje? Kaj pomeni delovati v sistemih, zasnovanih za optimizacijo, upravljanje in nevtralizacijo sodelovanja? Ali lahko v insfrastrukturah, ki nas nenehno posodabljajo, najdemo mo\u017enost delovanja? Za 16. izdajo Aksiominega diskurzivnega programa taktike&amp;praksa, ki se osredoto\u010da na sodobno raziskovalno umetnost, dru\u017ebo in nove tehnologije, Si programska [&hellip;]<\/p>\n","protected":false},"author":2,"featured_media":0,"parent":0,"menu_order":10,"comment_status":"closed","ping_status":"closed","template":"","meta":{"_acf_changed":false,"footnotes":""},"class_list":["post-189","page","type-page","status-publish","hentry"],"acf":[],"yoast_head":"<!-- This site is optimized with the Yoast SEO plugin v27.2 - https:\/\/yoast.com\/product\/yoast-seo-wordpress\/ -->\n<title>O programu - Tactics&amp;Practice #16: Are you a software update?<\/title>\n<meta name=\"robots\" content=\"index, follow, max-snippet:-1, max-image-preview:large, max-video-preview:-1\" \/>\n<link rel=\"canonical\" href=\"https:\/\/aksioma.org\/ayasu\/sl\/o-programu\/\" \/>\n<meta property=\"og:locale\" content=\"en_US\" \/>\n<meta property=\"og:type\" content=\"article\" \/>\n<meta property=\"og:title\" content=\"O programu - Tactics&amp;Practice #16: Are you a software update?\" \/>\n<meta property=\"og:description\" content=\"taktike&amp;praksa #16: Si programska posodobitev?Ljubljana, februar\u2013junij 2025 Kako programska oprema oblikuje delovanje? Kaj pomeni delovati v sistemih, zasnovanih za optimizacijo, upravljanje in nevtralizacijo sodelovanja? Ali lahko v insfrastrukturah, ki nas nenehno posodabljajo, najdemo mo\u017enost delovanja? Za 16. izdajo Aksiominega diskurzivnega programa taktike&amp;praksa, ki se osredoto\u010da na sodobno raziskovalno umetnost, dru\u017ebo in nove tehnologije, Si programska [&hellip;]\" \/>\n<meta property=\"og:url\" content=\"https:\/\/aksioma.org\/ayasu\/sl\/o-programu\/\" \/>\n<meta property=\"og:site_name\" content=\"Tactics&amp;Practice #16: Are you a software update?\" \/>\n<meta property=\"article:modified_time\" content=\"2025-02-10T11:37:40+00:00\" \/>\n<meta name=\"twitter:card\" content=\"summary_large_image\" \/>\n<meta name=\"twitter:label1\" content=\"Est. reading time\" \/>\n\t<meta name=\"twitter:data1\" content=\"3 minutes\" \/>\n<script type=\"application\/ld+json\" class=\"yoast-schema-graph\">{\"@context\":\"https:\/\/schema.org\",\"@graph\":[{\"@type\":\"WebPage\",\"@id\":\"https:\/\/aksioma.org\/ayasu\/sl\/o-programu\/\",\"url\":\"https:\/\/aksioma.org\/ayasu\/sl\/o-programu\/\",\"name\":\"O programu - Tactics&amp;Practice #16: Are you a software update?\",\"isPartOf\":{\"@id\":\"https:\/\/aksioma.org\/ayasu\/#website\"},\"datePublished\":\"2023-02-15T05:37:34+00:00\",\"dateModified\":\"2025-02-10T11:37:40+00:00\",\"breadcrumb\":{\"@id\":\"https:\/\/aksioma.org\/ayasu\/sl\/o-programu\/#breadcrumb\"},\"inLanguage\":\"en-US\",\"potentialAction\":[{\"@type\":\"ReadAction\",\"target\":[\"https:\/\/aksioma.org\/ayasu\/sl\/o-programu\/\"]}]},{\"@type\":\"BreadcrumbList\",\"@id\":\"https:\/\/aksioma.org\/ayasu\/sl\/o-programu\/#breadcrumb\",\"itemListElement\":[{\"@type\":\"ListItem\",\"position\":1,\"name\":\"Home\",\"item\":\"https:\/\/aksioma.org\/ayasu\/\"},{\"@type\":\"ListItem\",\"position\":2,\"name\":\"O programu\"}]},{\"@type\":\"WebSite\",\"@id\":\"https:\/\/aksioma.org\/ayasu\/#website\",\"url\":\"https:\/\/aksioma.org\/ayasu\/\",\"name\":\"Tactics&amp;Practice #16: Are you a software update?\",\"description\":\"\",\"potentialAction\":[{\"@type\":\"SearchAction\",\"target\":{\"@type\":\"EntryPoint\",\"urlTemplate\":\"https:\/\/aksioma.org\/ayasu\/?s={search_term_string}\"},\"query-input\":{\"@type\":\"PropertyValueSpecification\",\"valueRequired\":true,\"valueName\":\"search_term_string\"}}],\"inLanguage\":\"en-US\"}]}<\/script>\n<!-- \/ Yoast SEO plugin. -->","yoast_head_json":{"title":"O programu - Tactics&amp;Practice #16: Are you a software update?","robots":{"index":"index","follow":"follow","max-snippet":"max-snippet:-1","max-image-preview":"max-image-preview:large","max-video-preview":"max-video-preview:-1"},"canonical":"https:\/\/aksioma.org\/ayasu\/sl\/o-programu\/","og_locale":"en_US","og_type":"article","og_title":"O programu - Tactics&amp;Practice #16: Are you a software update?","og_description":"taktike&amp;praksa #16: Si programska posodobitev?Ljubljana, februar\u2013junij 2025 Kako programska oprema oblikuje delovanje? Kaj pomeni delovati v sistemih, zasnovanih za optimizacijo, upravljanje in nevtralizacijo sodelovanja? Ali lahko v insfrastrukturah, ki nas nenehno posodabljajo, najdemo mo\u017enost delovanja? Za 16. izdajo Aksiominega diskurzivnega programa taktike&amp;praksa, ki se osredoto\u010da na sodobno raziskovalno umetnost, dru\u017ebo in nove tehnologije, Si programska [&hellip;]","og_url":"https:\/\/aksioma.org\/ayasu\/sl\/o-programu\/","og_site_name":"Tactics&amp;Practice #16: Are you a software update?","article_modified_time":"2025-02-10T11:37:40+00:00","twitter_card":"summary_large_image","twitter_misc":{"Est. reading time":"3 minutes"},"schema":{"@context":"https:\/\/schema.org","@graph":[{"@type":"WebPage","@id":"https:\/\/aksioma.org\/ayasu\/sl\/o-programu\/","url":"https:\/\/aksioma.org\/ayasu\/sl\/o-programu\/","name":"O programu - Tactics&amp;Practice #16: Are you a software update?","isPartOf":{"@id":"https:\/\/aksioma.org\/ayasu\/#website"},"datePublished":"2023-02-15T05:37:34+00:00","dateModified":"2025-02-10T11:37:40+00:00","breadcrumb":{"@id":"https:\/\/aksioma.org\/ayasu\/sl\/o-programu\/#breadcrumb"},"inLanguage":"en-US","potentialAction":[{"@type":"ReadAction","target":["https:\/\/aksioma.org\/ayasu\/sl\/o-programu\/"]}]},{"@type":"BreadcrumbList","@id":"https:\/\/aksioma.org\/ayasu\/sl\/o-programu\/#breadcrumb","itemListElement":[{"@type":"ListItem","position":1,"name":"Home","item":"https:\/\/aksioma.org\/ayasu\/"},{"@type":"ListItem","position":2,"name":"O programu"}]},{"@type":"WebSite","@id":"https:\/\/aksioma.org\/ayasu\/#website","url":"https:\/\/aksioma.org\/ayasu\/","name":"Tactics&amp;Practice #16: Are you a software update?","description":"","potentialAction":[{"@type":"SearchAction","target":{"@type":"EntryPoint","urlTemplate":"https:\/\/aksioma.org\/ayasu\/?s={search_term_string}"},"query-input":{"@type":"PropertyValueSpecification","valueRequired":true,"valueName":"search_term_string"}}],"inLanguage":"en-US"}]}},"lang":"sl","translations":{"sl":189,"en":5},"pll_sync_post":[],"_links":{"self":[{"href":"https:\/\/aksioma.org\/ayasu\/wp-json\/wp\/v2\/pages\/189","targetHints":{"allow":["GET"]}}],"collection":[{"href":"https:\/\/aksioma.org\/ayasu\/wp-json\/wp\/v2\/pages"}],"about":[{"href":"https:\/\/aksioma.org\/ayasu\/wp-json\/wp\/v2\/types\/page"}],"author":[{"embeddable":true,"href":"https:\/\/aksioma.org\/ayasu\/wp-json\/wp\/v2\/users\/2"}],"replies":[{"embeddable":true,"href":"https:\/\/aksioma.org\/ayasu\/wp-json\/wp\/v2\/comments?post=189"}],"version-history":[{"count":0,"href":"https:\/\/aksioma.org\/ayasu\/wp-json\/wp\/v2\/pages\/189\/revisions"}],"wp:attachment":[{"href":"https:\/\/aksioma.org\/ayasu\/wp-json\/wp\/v2\/media?parent=189"}],"curies":[{"name":"wp","href":"https:\/\/api.w.org\/{rel}","templated":true}]}}