{"id":168,"date":"2023-02-14T17:28:15","date_gmt":"2023-02-14T16:28:15","guid":{"rendered":"https:\/\/aksioma.org\/scale\/?page_id=168"},"modified":"2025-05-16T10:56:43","modified_gmt":"2025-05-16T08:56:43","slug":"naslovna","status":"publish","type":"page","link":"https:\/\/aksioma.org\/ayasu\/sl\/","title":{"rendered":"Domov"},"content":{"rendered":"\n<p><strong><em>Taktike&amp;Praksa #16: Si programska posodobitev?<\/em><br>Ljubljana, februar\u2013junij 2025<\/strong><\/p>\n\n\n\n    <style>\n        .tabs { border: 2px solid #000; background: #efbfc8; }\n        .tabs__head { display: flex; margin-bottom: -2px; }\n        .tabs__tab { display: block; padding: 20px; text-decoration: none !important; flex: 1 1 0; position: relative; }\n        .tabs__tab + .tabs__tab { border-left: 2px solid #000; }\n        .tabs__tab:not(.is-active) { border-bottom: 2px solid #000; }\n        .tabs__icon { max-width: 106px; position: relative; margin: 0 auto; }\n        .tabs__icon:before { display: block; content: ''; padding-top: 93.4%; }\n        .tabs__icon img { position: absolute; top: 0; left: 0; width: 100%; height: 100%; }\n        .tabs__date { font-size: 15px; }\n        .tabs__section:not(.is-active) { display: none; }\n        .tabs__section { padding: 20px; }\n        .tabs__section .wp-block-button__link { margin-bottom: 20px; }\n        @media screen and (max-width: 781px) {\n            .tabs { margin-left: -20px; margin-right: -20px; }\n            .tabs__tab { min-height: 139px; }\n            \/*.tabs__tab.is-active { flex-basis: calc(100% - 60px); }*\/\n            .tabs__tab:not(.is-active) > .tabs__name { position: absolute; bottom: 20px; left: 50%; white-space: nowrap; transform: rotate(-90deg) translateY(50%); transform-origin: bottom left; }\n        }\n        @media screen and (min-width: 782px) {\n\t\t\t.tabs__icon { max-width: 146px; }\n        }\n    <\/style>\n\n    <div class=\"tabs js-tabs\">\n        <div class=\"tabs__head\">\n                            <a class=\"tabs__tab is-active\" href=\"#tab-1\" style=\"background-color: ;\">\n                                        <div class=\"tabs__name\">\n                        KONFERENCA                    <\/div>\n                <\/a>\n                            <a class=\"tabs__tab\" href=\"#tab-2\" style=\"background-color: ;\">\n                                        <div class=\"tabs__name\">\n                        Sklop #1                    <\/div>\n                <\/a>\n                            <a class=\"tabs__tab\" href=\"#tab-3\" style=\"background-color: ;\">\n                                        <div class=\"tabs__name\">\n                        Sklop #2                    <\/div>\n                <\/a>\n                            <a class=\"tabs__tab\" href=\"#tab-4\" style=\"background-color: ;\">\n                                        <div class=\"tabs__name\">\n                        Sklop #3                    <\/div>\n                <\/a>\n                    <\/div>\n        <div class=\"tabs__content\">\n                            <div class=\"tabs__section is-active\" id=\"tab-1\" style=\"background-color: ;\">\n                    <p>25. februar 2025<\/p>\n                    <p>&nbsp;<\/p>\n                                            <p><span style=\"font-weight: 400;\">Katedrala \/ Kino \u0160i\u0161ka, Ljubljana<br \/>\n<strong>Konferenca<\/strong><br \/>\n<\/span><span style=\"font-weight: 400;\">15.00-21.00<br \/>\nAlessandro Turchioe, Alex Quicho, Clea Bourne, Daphne Dragona, Donatella Della Ratta, Eva Papamargariti, Giulia Timis, Iva Ramu\u0161 Cvetkovi\u010d, Jordi Viader Guerrero, Lesia Kulchynska, Nelly Y. Pinkrah, Noura Tafeche, Tommaso Campagna<br \/>\n<\/span><em><span style=\"font-weight: 400;\"><a href=\"https:\/\/aksioma.org\/ayasu\/sl\/konferenca\/\">Si programska posodobitev?<\/a><br \/>\n+<br \/>\n<\/span><\/em><span style=\"font-weight: 400;\">Kamera \/ Kino \u0160i\u0161ka, Ljubljana<br \/>\n<strong>Odprtje razstave<\/strong><br \/>\n21.00-22.00<br \/>\n<\/span>Eva Papamargariti<br \/>\n<a href=\"https:\/\/aksioma.org\/ayasu\/sl\/razstave\/eva-papamargariti\/\"><em>\u0160epet, mrmranje, rjovenje<\/em><\/a><br \/>\n+<br \/>\n<span style=\"font-weight: 400;\">Pritli\u010dje, Ljubljana<br \/>\n<strong>After event<\/strong><br \/>\n22.30-2.00<br \/>\n<\/span>msn gf &amp; Prince Lucija<br \/>\n<a href=\"https:\/\/aksioma.org\/ayasu\/conference\/live-set\/\"><i><span style=\"font-weight: 400;\">Live sets<\/span><\/i><\/a><\/p>\n                                    <\/div>\n                            <div class=\"tabs__section\" id=\"tab-2\" style=\"background-color: ;\">\n                    <p>24. februar\u201328. marec 2025<\/p>\n                    <p>&nbsp;<\/p>\n                                            <p><span style=\"font-weight: 400;\">Aksioma | Projektni prostor<br \/>\n<strong>Razstava<\/strong><br \/>\n24. f<\/span><span style=\"font-weight: 400;\">ebruar\u2013<\/span><span style=\"font-weight: 400;\">26. marec<\/span><span style=\"font-weight: 400;\">\u00a02025<br \/>\n<\/span><span style=\"font-weight: 400;\">Odprtje: 24. februar ob 19. uri<br \/>\n<\/span>Noura Tafeche<br \/>\n<a href=\"https:\/\/aksioma.org\/ayasu\/sl\/razstave\/jedro-anihilacije-podedovano-izrocilo-%d9%a9%cd%a1%e0%b9%8f%cc%af%cd%a1%e0%b9%8f%db%b6\/\"><i><span style=\"font-weight: 400;\">Jedro anihilacije, podedovano izro\u010dilo \u0669(\u0361\u0e4f\u032f\u0361\u0e4f)\u06f6<br \/>\n<\/span><\/i><\/a><span style=\"font-weight: 400;\">+<br \/>\nALUO\/Toba\u010dna<br \/>\n<strong>Delavnica<br \/>\n<\/strong><\/span><span style=\"font-weight: 400;\">26. februar 2025, 14.00-17.00<br \/>\n<\/span>Noura Tafeche<br \/>\n<a href=\"https:\/\/aksioma.org\/ayasu\/sl\/delavnice\/internet-je-grozen-kraj-jaz-pa-sem-tukaj-da-ga-se-poslabsam-kawayoku-popotovanje\/\"><i><span style=\"font-weight: 400;\">Internet je grozen kraj, jaz pa sem tukaj, da ga \u0161e poslab\u0161am: Kawayoku popotovanje<\/span><\/i><\/a><\/p>\n                                    <\/div>\n                            <div class=\"tabs__section\" id=\"tab-3\" style=\"background-color: ;\">\n                    <p>2. april\u20139. maj 2025<\/p>\n                    <p>&nbsp;<\/p>\n                                            <p><span style=\"font-weight: 400;\">ALUO\/Erjav\u010deva 23<br \/>\n<strong>Predavanje<br \/>\n<\/strong>2. april 2025, 15.00-16.00<br \/>\n<\/span>Alan Butler<br \/>\n<a href=\"https:\/\/aksioma.org\/ayasu\/sl\/predstavitve\/materialni-izrazi-digitalnega-subjekta\/\"><i><span style=\"font-weight: 400;\">Materialni izrazi digitalnega subjekta<\/span><\/i><\/a><br \/>\n+<br \/>\n<b><span style=\"font-weight: 400;\">ALUO\/Toba\u010dna 5<br \/>\n<strong>Delavnica<\/strong><br \/>\n2. april 2025, 16.30-19.00<\/span><br \/>\n<\/b>2girls1comp<br \/>\n<a href=\"https:\/\/aksioma.org\/ayasu\/sl\/delavnice\/sem-v-tvoji-igri-prilascanje-igralnih-prostorov-z-nadomescanjem-tekstur\/\"><em>SEM V TVOJI IGRI \u2013 Prila\u0161\u010danje igralnih prostorov z nadome\u0161\u010danjem tekstur<\/em><\/a><br \/>\n+<br \/>\n<span style=\"font-weight: 400;\">Aksioma | Projektni prostor<br \/>\n<strong>Razstava<\/strong><br \/>\n2. april<\/span><span style=\"font-weight: 400;\">\u2013<\/span><span style=\"font-weight: 400;\">9. maj<\/span><span style=\"font-weight: 400;\">\u00a02025<br \/>\n<\/span><span style=\"font-weight: 400;\">Odprtje: 2. april ob 20. uri<br \/>\n<\/span>Alan Butler<br \/>\n<a href=\"https:\/\/aksioma.org\/ayasu\/sl\/razstave\/produkcija-prostora\/\"><i><span style=\"font-weight: 400;\">Produkcija prostora<\/span><\/i><\/a><\/p>\n                                    <\/div>\n                            <div class=\"tabs__section\" id=\"tab-4\" style=\"background-color: ;\">\n                    <p>13. maj\u201313. junij 2025<\/p>\n                    <p>&nbsp;<\/p>\n                                            <p><span style=\"font-weight: 400;\">ALUO<br \/>\n<strong>Predavanje<\/strong><br \/>\n13. maj 2025, 16.00-17.00<br \/>\n<\/span>Sophie Publig, Charlotte Reu\u00df<br \/>\n<a href=\"https:\/\/aksioma.org\/ayasu\/sl\/predstavitve\/postajanje-dekle-o-postcloveskih-subjektivitetah-in-algoritemskih-epistemologijah\/\"><i><span style=\"font-weight: 400;\">Postajanje\u2013dekle: O post\u010dlove\u0161kih subjektivitetah in algoritemskih epistemologijah<\/span><\/i><\/a><br \/>\n+<br \/>\n<b><span style=\"font-weight: 400;\">ALUO<br \/>\n<\/span><\/b><b><span style=\"font-weight: 400;\"><strong>Delavnica<\/strong><br \/>\n13. maj 2025, 17.00-19.00<\/span><br \/>\n<\/b>Sophie Publig, Charlotte Reu\u00df<br \/>\n<a href=\"https:\/\/aksioma.org\/ayasu\/sl\/delavnice\/izberi-si-svoj-avatar-girlblogging-kot-posthumanisticna-praksa\/\"><em>Izberi si svoj avatar \u2013 Girlblogging kot posthumanisti\u010dna praksa<\/em><\/a><br \/>\n+<br \/>\nSlovenska kinoteka<strong><i><br \/>\n<\/i>Projekcija<i><br \/>\n<\/i><\/strong>13. maj 2025, 18.00<strong><br \/>\n<\/strong>Silvia Dal Dosso<br \/>\n<a href=\"https:\/\/aksioma.org\/ayasu\/screenings\/the-future-ahead-is-going-to-be-waf\/\"><i>Prihodnost bo \u010duda\u0161ka AF, (1. del)<\/i><\/a><br \/>\n+<br \/>\n<span style=\"font-weight: 400;\">Aksioma | Projektni prostor<br \/>\n<strong>Razstava<\/strong><br \/>\n14. maj<\/span><span style=\"font-weight: 400;\">\u2013<\/span><span style=\"font-weight: 400;\">13. junij<\/span><span style=\"font-weight: 400;\">\u00a02025<br \/>\nOdprtje: 14. maj ob 18. uri<br \/>\n<\/span>Joanna Bacas, Socrates Stamatatos<br \/>\n<i><a href=\"https:\/\/aksioma.org\/ayasu\/sl\/razstave\/eva-evil-vibrant-astute-2-0\/\">EVA (Evil Vibrant Astute) 2.0<\/a><br \/>\n+<\/i><strong><i><br \/>\n<\/i><span style=\"font-weight: 400;\">Slovenska kinoteka<\/span><i><span style=\"font-weight: 400;\"><br \/>\n<\/span><\/i>Projekcija<i><span style=\"font-weight: 400;\"><br \/>\n<\/span><\/i><span style=\"font-weight: 400;\">16. maj 2025, 17.00<br \/>\nElizabeth Gabrielle Lee<br \/>\n<a href=\"https:\/\/aksioma.org\/ayasu\/sl\/filmi\/tropski-temperament\/\"><em>Tropski temperament<\/em><\/a><\/span><span style=\"font-weight: 400;\"><br \/>\n<\/span><\/strong>+<br \/>\nSilvia Dal Dosso<i><br \/>\n<a href=\"https:\/\/aksioma.org\/ayasu\/sl\/filmi\/prihodnost-bo-cudaska-af-part-2\/\">Prihodnost bo \u010duda\u0161ka AF (2. del)<\/a><br \/>\n+<\/i><\/p>\n<p>Hupa Brajdi\u010d, podhod Ajdov\u0161\u010dina<br \/>\n<strong>Projekcija<\/strong><br \/>\n16. maj 2025, 23.45<br \/>\nSilvia Dal Dosso<br \/>\n<a href=\"https:\/\/aksioma.org\/ayasu\/sl\/filmi\/prihodnost-je-zdaj\/\"><em>Prihodnost je zdaj kon\u010dno \u010duda\u0161ka AF<\/em><\/a><\/p>\n                                    <\/div>\n                    <\/div>\n    <\/div>\n\n\n\n\n<blockquote class=\"wp-block-quote is-layout-flow wp-block-quote-is-layout-flow\">\n<blockquote class=\"wp-block-quote is-style-default has-medium-font-size is-layout-flow wp-block-quote-is-layout-flow\">\n<p><\/p>\n<cite>Skupaj ustvarjamo varnej\u0161i in inkluzivnej\u0161i prostor za vse ter od vseh udele\u017eenk pri\u010dakujemo upo\u0161tevanje ni\u010delne tolerance do vseh oblik diskriminacije in nasilja. V primeru, da do\u017eivite ali opazite nasilje\/diskriminacijo ali se znajdete v stiski, se lahko obrnete na organizatorke dogodka.<\/cite><\/blockquote>\n<\/blockquote>\n","protected":false},"excerpt":{"rendered":"<p>Taktike&amp;Praksa #16: Si programska posodobitev?Ljubljana, februar\u2013junij 2025<\/p>\n","protected":false},"author":1,"featured_media":0,"parent":0,"menu_order":-1,"comment_status":"closed","ping_status":"closed","template":"","meta":{"_acf_changed":false,"footnotes":""},"class_list":["post-168","page","type-page","status-publish","hentry"],"acf":[],"yoast_head":"<!-- This site is optimized with the Yoast SEO plugin v27.2 - https:\/\/yoast.com\/product\/yoast-seo-wordpress\/ -->\n<title>Domov - Tactics&amp;Practice #16: Are you a software update?<\/title>\n<meta name=\"robots\" content=\"index, follow, max-snippet:-1, max-image-preview:large, max-video-preview:-1\" \/>\n<link rel=\"canonical\" href=\"https:\/\/aksioma.org\/ayasu\/sl\/\" \/>\n<meta property=\"og:locale\" content=\"en_US\" \/>\n<meta property=\"og:type\" content=\"article\" \/>\n<meta property=\"og:title\" content=\"Tactics&amp;Practice #15: (Ne)realni podatki \u2013 realni u\u010dinki\" \/>\n<meta property=\"og:description\" content=\"Taktike&amp;Praksa #16: Si programska posodobitev?Ljubljana, februar\u2013junij 2025\" \/>\n<meta property=\"og:url\" content=\"https:\/\/aksioma.org\/ayasu\/sl\/\" \/>\n<meta property=\"og:site_name\" content=\"Tactics&amp;Practice #16: Are you a software update?\" \/>\n<meta property=\"article:modified_time\" content=\"2025-05-16T08:56:43+00:00\" \/>\n<meta name=\"twitter:card\" content=\"summary_large_image\" \/>\n<meta name=\"twitter:label1\" content=\"Est. reading time\" \/>\n\t<meta name=\"twitter:data1\" content=\"1 minute\" \/>\n<script type=\"application\/ld+json\" class=\"yoast-schema-graph\">{\"@context\":\"https:\/\/schema.org\",\"@graph\":[{\"@type\":\"WebPage\",\"@id\":\"https:\/\/aksioma.org\/ayasu\/sl\/\",\"url\":\"https:\/\/aksioma.org\/ayasu\/sl\/\",\"name\":\"Domov - Tactics&amp;Practice #16: Are you a software update?\",\"isPartOf\":{\"@id\":\"https:\/\/aksioma.org\/ayasu\/#website\"},\"datePublished\":\"2023-02-14T16:28:15+00:00\",\"dateModified\":\"2025-05-16T08:56:43+00:00\",\"breadcrumb\":{\"@id\":\"https:\/\/aksioma.org\/ayasu\/sl\/#breadcrumb\"},\"inLanguage\":\"en-US\",\"potentialAction\":[{\"@type\":\"ReadAction\",\"target\":[\"https:\/\/aksioma.org\/ayasu\/sl\/\"]}]},{\"@type\":\"BreadcrumbList\",\"@id\":\"https:\/\/aksioma.org\/ayasu\/sl\/#breadcrumb\",\"itemListElement\":[{\"@type\":\"ListItem\",\"position\":1,\"name\":\"Home\",\"item\":\"https:\/\/aksioma.org\/ayasu\/\"},{\"@type\":\"ListItem\",\"position\":2,\"name\":\"Domov\"}]},{\"@type\":\"WebSite\",\"@id\":\"https:\/\/aksioma.org\/ayasu\/#website\",\"url\":\"https:\/\/aksioma.org\/ayasu\/\",\"name\":\"Tactics&amp;Practice #16: Are you a software update?\",\"description\":\"\",\"potentialAction\":[{\"@type\":\"SearchAction\",\"target\":{\"@type\":\"EntryPoint\",\"urlTemplate\":\"https:\/\/aksioma.org\/ayasu\/?s={search_term_string}\"},\"query-input\":{\"@type\":\"PropertyValueSpecification\",\"valueRequired\":true,\"valueName\":\"search_term_string\"}}],\"inLanguage\":\"en-US\"}]}<\/script>\n<!-- \/ Yoast SEO plugin. -->","yoast_head_json":{"title":"Domov - Tactics&amp;Practice #16: Are you a software update?","robots":{"index":"index","follow":"follow","max-snippet":"max-snippet:-1","max-image-preview":"max-image-preview:large","max-video-preview":"max-video-preview:-1"},"canonical":"https:\/\/aksioma.org\/ayasu\/sl\/","og_locale":"en_US","og_type":"article","og_title":"Tactics&Practice #15: (Ne)realni podatki \u2013 realni u\u010dinki","og_description":"Taktike&amp;Praksa #16: Si programska posodobitev?Ljubljana, februar\u2013junij 2025","og_url":"https:\/\/aksioma.org\/ayasu\/sl\/","og_site_name":"Tactics&amp;Practice #16: Are you a software update?","article_modified_time":"2025-05-16T08:56:43+00:00","twitter_card":"summary_large_image","twitter_misc":{"Est. reading time":"1 minute"},"schema":{"@context":"https:\/\/schema.org","@graph":[{"@type":"WebPage","@id":"https:\/\/aksioma.org\/ayasu\/sl\/","url":"https:\/\/aksioma.org\/ayasu\/sl\/","name":"Domov - Tactics&amp;Practice #16: Are you a software update?","isPartOf":{"@id":"https:\/\/aksioma.org\/ayasu\/#website"},"datePublished":"2023-02-14T16:28:15+00:00","dateModified":"2025-05-16T08:56:43+00:00","breadcrumb":{"@id":"https:\/\/aksioma.org\/ayasu\/sl\/#breadcrumb"},"inLanguage":"en-US","potentialAction":[{"@type":"ReadAction","target":["https:\/\/aksioma.org\/ayasu\/sl\/"]}]},{"@type":"BreadcrumbList","@id":"https:\/\/aksioma.org\/ayasu\/sl\/#breadcrumb","itemListElement":[{"@type":"ListItem","position":1,"name":"Home","item":"https:\/\/aksioma.org\/ayasu\/"},{"@type":"ListItem","position":2,"name":"Domov"}]},{"@type":"WebSite","@id":"https:\/\/aksioma.org\/ayasu\/#website","url":"https:\/\/aksioma.org\/ayasu\/","name":"Tactics&amp;Practice #16: Are you a software update?","description":"","potentialAction":[{"@type":"SearchAction","target":{"@type":"EntryPoint","urlTemplate":"https:\/\/aksioma.org\/ayasu\/?s={search_term_string}"},"query-input":{"@type":"PropertyValueSpecification","valueRequired":true,"valueName":"search_term_string"}}],"inLanguage":"en-US"}]}},"lang":"sl","translations":{"sl":168,"en":2},"pll_sync_post":[],"_links":{"self":[{"href":"https:\/\/aksioma.org\/ayasu\/wp-json\/wp\/v2\/pages\/168","targetHints":{"allow":["GET"]}}],"collection":[{"href":"https:\/\/aksioma.org\/ayasu\/wp-json\/wp\/v2\/pages"}],"about":[{"href":"https:\/\/aksioma.org\/ayasu\/wp-json\/wp\/v2\/types\/page"}],"author":[{"embeddable":true,"href":"https:\/\/aksioma.org\/ayasu\/wp-json\/wp\/v2\/users\/1"}],"replies":[{"embeddable":true,"href":"https:\/\/aksioma.org\/ayasu\/wp-json\/wp\/v2\/comments?post=168"}],"version-history":[{"count":0,"href":"https:\/\/aksioma.org\/ayasu\/wp-json\/wp\/v2\/pages\/168\/revisions"}],"wp:attachment":[{"href":"https:\/\/aksioma.org\/ayasu\/wp-json\/wp\/v2\/media?parent=168"}],"curies":[{"name":"wp","href":"https:\/\/api.w.org\/{rel}","templated":true}]}}