{"id":12,"date":"2023-02-09T10:03:40","date_gmt":"2023-02-09T10:03:40","guid":{"rendered":"http:\/\/127.0.0.1:8888\/aksioma-scale\/?page_id=12"},"modified":"2025-02-19T15:41:07","modified_gmt":"2025-02-19T14:41:07","slug":"credits","status":"publish","type":"page","link":"https:\/\/aksioma.org\/ayasu\/credits\/","title":{"rendered":"Credits"},"content":{"rendered":"\n<p><strong><em>Tactics&amp;Practice #16: Are You a Software Update?<\/em><br>Ljubljana, February\u2013June 2025<\/strong><\/p>\n\n\n\n<p><strong>Participants:<\/strong><br>2girls1comp, Alessandro Turchioe, Alan Butler, Alex Quicho, Charlotte Reu\u00df, Clea Bourne, Daphne Dragona, Donatella Della Ratta, Eva Papamargariti, Giulia Timis, Iva Ramu\u0161 Cvetkovi\u010d, Joanna Bacas, Jordi Viader Guerrero, Lesia Kulchynska, msn gf, Nelly Y. Pinkrah, Noura Tafeche, Prince Lucija, Silvia Dal Dosso, Socrates Stamatatos, Sophie Publig, Tommaso Campagna<\/p>\n\n\n\n<p><strong>Curators:<\/strong><br>Nora O\u2019 Murch\u00fa, Socrates Stamatatos, Janez Fakin Jan\u0161a, Neja Berger<\/p>\n\n\n\n<p>Head of production: Marcela Okreti\u010d<br>Production assistant: Ema Maznik Anti\u0107<br>Exhibition production assistant: Maja Burja<br>Promotion and social media management: Ne\u017ea Bukovec, Dominika Ma\u0161a Kozar, Sara Vatovec<br>Translations and proofreading: Rok Krajnc, Miha \u0160u\u0161tar<br>Web developer: Igor Kova\u010di\u0107<br>Visual identity: Federico Antonini<br>Bumper: Lara Reichmann<br>Music: Ga\u0161per Torkar<\/p>\n\n\n\n<p>Coordination at Kino \u0160i\u0161ka: Jasna Jernej\u0161ek<br>Technicians: Valter Udovi\u010di\u0107, Matej Marin\u010dek, Matev\u017e Fti\u010dar, Sa\u0161ko Gerk\u0161i\u010d, Jure Vlahovi\u010d<\/p>\n\n\n\n<p><strong>Organised and produced by:<\/strong><br>Aksioma \u2013 Institute for Contemporary Art, Ljubljana, 2025<\/p>\n\n\n\n<figure class=\"wp-block-image size-full is-resized\"><img loading=\"lazy\" decoding=\"async\" width=\"188\" height=\"80\" src=\"https:\/\/aksioma.org\/ayasu\/wp-content\/uploads\/2023\/02\/aksioma@2x.png\" alt=\"\" class=\"wp-image-173\" style=\"width:auto;height:40px\"\/><\/figure>\n\n\n\n<p><strong>In collaboration with:<\/strong><br>Kino \u0160i\u0161ka Centre for Urban Culture<br>ALUO \u2013 The Academy of Fine Arts and Design of the University of Ljubljana<\/p>\n\n\n\n<div class=\"wp-block-group is-nowrap is-layout-flex wp-container-core-group-is-layout-ad2f72ca wp-block-group-is-layout-flex\">\n<figure class=\"wp-block-image size-full is-resized\"><img loading=\"lazy\" decoding=\"async\" width=\"188\" height=\"80\" src=\"https:\/\/aksioma.org\/ayasu\/wp-content\/uploads\/2023\/02\/kino-siska@2x.png\" alt=\"\" class=\"wp-image-178\" style=\"width:auto;height:40px\"\/><\/figure>\n\n\n\n<figure class=\"wp-block-image size-full is-resized\"><img loading=\"lazy\" decoding=\"async\" width=\"211\" height=\"80\" src=\"https:\/\/aksioma.org\/ayasu\/wp-content\/uploads\/2025\/02\/aluo-new@2x.png\" alt=\"\" class=\"wp-image-1288\" style=\"width:auto;height:40px\"\/><\/figure>\n<\/div>\n\n\n\n<p><strong>For the conference series:<\/strong><br>Tactics&amp;Practice<\/p>\n\n\n\n<figure class=\"wp-block-image size-full is-resized\"><img loading=\"lazy\" decoding=\"async\" width=\"188\" height=\"80\" src=\"https:\/\/aksioma.org\/ayasu\/wp-content\/uploads\/2025\/02\/tip-en@2x.png\" alt=\"\" class=\"wp-image-1211\" style=\"width:auto;height:40px\"\/><\/figure>\n\n\n\n<p><strong>Supported by:<\/strong><br>The Ministry of Culture of the Republic of Slovenia<br>The Municipality of Ljubljana<br><\/p>\n\n\n\n<p><strong>Additional support:<\/strong><br>The conference is part of the project<em> <\/em><a href=\"https:\/\/networkcultures.org\/expub\/\"><em>.expub<\/em><\/a><em> | Exploring Expanded Publishing <\/em>supported by the Creative Europe Programme of the European Union*, the Ministry of Culture of the Republic of Slovenia, the Municipality of Ljubljana and the Ministry of Public Administration.<br>Alan Butler\u2019s participation is supported by Culture Ireland | Cult\u00far \u00c9ireann.<br>Donatella Della Ratta and Noura Tafeche&#8217;s activities are supported by the Italian Cultural Institute in Ljubljana.<br>Sophie Publig\u2019s contribution is supported by the Austrian Cultural Forum.<\/p>\n\n\n\n<p><br><strong>Partners:<\/strong><br>Institute of Network Cultures<br>Institute of Criminology at the Faculty of Law Ljubljana<br>SCCA\u2013 Center for Contemporary Arts<br>V-F-X Ljubljana Festival<br>Slovenian Cinematheque<br>Open &#8211; Institute for Culture of Diversity<br>Pritli\u010dje<br><\/p>\n\n\n\n<p><strong>Technical support:<\/strong><br>Projekt Atol<\/p>\n\n\n\n<p class=\"has-small-font-size\">*Funded by the European Union. Views and opinions expressed are however those of the author(s) only and do not necessarily reflect those of the European Union or the European Education and Culture Executive Agency (EACEA). Neither the European Union nor EACEA can be held responsible for them.<\/p>\n\n\n\n<figure class=\"wp-block-image size-full\"><img loading=\"lazy\" decoding=\"async\" width=\"1936\" height=\"194\" src=\"https:\/\/aksioma.org\/ayasu\/wp-content\/uploads\/2025\/02\/partners-final@2x.png\" alt=\"\" class=\"wp-image-1248\" srcset=\"https:\/\/aksioma.org\/ayasu\/wp-content\/uploads\/2025\/02\/partners-final@2x.png 1936w, https:\/\/aksioma.org\/ayasu\/wp-content\/uploads\/2025\/02\/partners-final@2x-1024x103.png 1024w, https:\/\/aksioma.org\/ayasu\/wp-content\/uploads\/2025\/02\/partners-final@2x-768x77.png 768w, https:\/\/aksioma.org\/ayasu\/wp-content\/uploads\/2025\/02\/partners-final@2x-1536x154.png 1536w\" sizes=\"auto, (max-width: 1936px) 100vw, 1936px\" \/><\/figure>\n\n\n\n<p><\/p>\n","protected":false},"excerpt":{"rendered":"<p>Tactics&amp;Practice #16: Are You a Software Update?Ljubljana, February\u2013June 2025 Participants:2girls1comp, Alessandro Turchioe, Alan Butler, Alex Quicho, Charlotte Reu\u00df, Clea Bourne, Daphne Dragona, Donatella Della Ratta, Eva Papamargariti, Giulia Timis, Iva Ramu\u0161 Cvetkovi\u010d, Joanna Bacas, Jordi Viader Guerrero, Lesia Kulchynska, msn gf, Nelly Y. Pinkrah, Noura Tafeche, Prince Lucija, Silvia Dal Dosso, Socrates Stamatatos, Sophie Publig, [&hellip;]<\/p>\n","protected":false},"author":1,"featured_media":0,"parent":0,"menu_order":90,"comment_status":"closed","ping_status":"closed","template":"","meta":{"_acf_changed":false,"footnotes":""},"class_list":["post-12","page","type-page","status-publish","hentry"],"acf":[],"yoast_head":"<!-- This site is optimized with the Yoast SEO plugin v27.2 - https:\/\/yoast.com\/product\/yoast-seo-wordpress\/ -->\n<title>Credits - Tactics&amp;Practice #16: Are you a software update?<\/title>\n<meta name=\"robots\" content=\"index, follow, max-snippet:-1, max-image-preview:large, max-video-preview:-1\" \/>\n<link rel=\"canonical\" href=\"https:\/\/aksioma.org\/ayasu\/credits\/\" \/>\n<meta property=\"og:locale\" content=\"en_US\" \/>\n<meta property=\"og:type\" content=\"article\" \/>\n<meta property=\"og:title\" content=\"Credits - Tactics&amp;Practice #16: Are you a software update?\" \/>\n<meta property=\"og:description\" content=\"Tactics&amp;Practice #16: Are You a Software Update?Ljubljana, February\u2013June 2025 Participants:2girls1comp, Alessandro Turchioe, Alan Butler, Alex Quicho, Charlotte Reu\u00df, Clea Bourne, Daphne Dragona, Donatella Della Ratta, Eva Papamargariti, Giulia Timis, Iva Ramu\u0161 Cvetkovi\u010d, Joanna Bacas, Jordi Viader Guerrero, Lesia Kulchynska, msn gf, Nelly Y. Pinkrah, Noura Tafeche, Prince Lucija, Silvia Dal Dosso, Socrates Stamatatos, Sophie Publig, [&hellip;]\" \/>\n<meta property=\"og:url\" content=\"https:\/\/aksioma.org\/ayasu\/credits\/\" \/>\n<meta property=\"og:site_name\" content=\"Tactics&amp;Practice #16: Are you a software update?\" \/>\n<meta property=\"article:modified_time\" content=\"2025-02-19T14:41:07+00:00\" \/>\n<meta property=\"og:image\" content=\"https:\/\/aksioma.org\/ayasu\/wp-content\/uploads\/2023\/02\/aksioma@2x.png\" \/>\n<meta name=\"twitter:card\" content=\"summary_large_image\" \/>\n<meta name=\"twitter:label1\" content=\"Est. reading time\" \/>\n\t<meta name=\"twitter:data1\" content=\"3 minutes\" \/>\n<script type=\"application\/ld+json\" class=\"yoast-schema-graph\">{\"@context\":\"https:\/\/schema.org\",\"@graph\":[{\"@type\":\"WebPage\",\"@id\":\"https:\/\/aksioma.org\/ayasu\/credits\/\",\"url\":\"https:\/\/aksioma.org\/ayasu\/credits\/\",\"name\":\"Credits - Tactics&amp;Practice #16: Are you a software update?\",\"isPartOf\":{\"@id\":\"https:\/\/aksioma.org\/ayasu\/#website\"},\"primaryImageOfPage\":{\"@id\":\"https:\/\/aksioma.org\/ayasu\/credits\/#primaryimage\"},\"image\":{\"@id\":\"https:\/\/aksioma.org\/ayasu\/credits\/#primaryimage\"},\"thumbnailUrl\":\"https:\/\/aksioma.org\/ayasu\/wp-content\/uploads\/2023\/02\/aksioma@2x.png\",\"datePublished\":\"2023-02-09T10:03:40+00:00\",\"dateModified\":\"2025-02-19T14:41:07+00:00\",\"breadcrumb\":{\"@id\":\"https:\/\/aksioma.org\/ayasu\/credits\/#breadcrumb\"},\"inLanguage\":\"en-US\",\"potentialAction\":[{\"@type\":\"ReadAction\",\"target\":[\"https:\/\/aksioma.org\/ayasu\/credits\/\"]}]},{\"@type\":\"ImageObject\",\"inLanguage\":\"en-US\",\"@id\":\"https:\/\/aksioma.org\/ayasu\/credits\/#primaryimage\",\"url\":\"https:\/\/aksioma.org\/ayasu\/wp-content\/uploads\/2023\/02\/aksioma@2x.png\",\"contentUrl\":\"https:\/\/aksioma.org\/ayasu\/wp-content\/uploads\/2023\/02\/aksioma@2x.png\",\"width\":188,\"height\":80},{\"@type\":\"BreadcrumbList\",\"@id\":\"https:\/\/aksioma.org\/ayasu\/credits\/#breadcrumb\",\"itemListElement\":[{\"@type\":\"ListItem\",\"position\":1,\"name\":\"Home\",\"item\":\"https:\/\/aksioma.org\/ayasu\/\"},{\"@type\":\"ListItem\",\"position\":2,\"name\":\"Credits\"}]},{\"@type\":\"WebSite\",\"@id\":\"https:\/\/aksioma.org\/ayasu\/#website\",\"url\":\"https:\/\/aksioma.org\/ayasu\/\",\"name\":\"Tactics&amp;Practice #16: Are you a software update?\",\"description\":\"\",\"potentialAction\":[{\"@type\":\"SearchAction\",\"target\":{\"@type\":\"EntryPoint\",\"urlTemplate\":\"https:\/\/aksioma.org\/ayasu\/?s={search_term_string}\"},\"query-input\":{\"@type\":\"PropertyValueSpecification\",\"valueRequired\":true,\"valueName\":\"search_term_string\"}}],\"inLanguage\":\"en-US\"}]}<\/script>\n<!-- \/ Yoast SEO plugin. -->","yoast_head_json":{"title":"Credits - Tactics&amp;Practice #16: Are you a software update?","robots":{"index":"index","follow":"follow","max-snippet":"max-snippet:-1","max-image-preview":"max-image-preview:large","max-video-preview":"max-video-preview:-1"},"canonical":"https:\/\/aksioma.org\/ayasu\/credits\/","og_locale":"en_US","og_type":"article","og_title":"Credits - Tactics&amp;Practice #16: Are you a software update?","og_description":"Tactics&amp;Practice #16: Are You a Software Update?Ljubljana, February\u2013June 2025 Participants:2girls1comp, Alessandro Turchioe, Alan Butler, Alex Quicho, Charlotte Reu\u00df, Clea Bourne, Daphne Dragona, Donatella Della Ratta, Eva Papamargariti, Giulia Timis, Iva Ramu\u0161 Cvetkovi\u010d, Joanna Bacas, Jordi Viader Guerrero, Lesia Kulchynska, msn gf, Nelly Y. Pinkrah, Noura Tafeche, Prince Lucija, Silvia Dal Dosso, Socrates Stamatatos, Sophie Publig, [&hellip;]","og_url":"https:\/\/aksioma.org\/ayasu\/credits\/","og_site_name":"Tactics&amp;Practice #16: Are you a software update?","article_modified_time":"2025-02-19T14:41:07+00:00","og_image":[{"url":"https:\/\/aksioma.org\/ayasu\/wp-content\/uploads\/2023\/02\/aksioma@2x.png","type":"","width":"","height":""}],"twitter_card":"summary_large_image","twitter_misc":{"Est. reading time":"3 minutes"},"schema":{"@context":"https:\/\/schema.org","@graph":[{"@type":"WebPage","@id":"https:\/\/aksioma.org\/ayasu\/credits\/","url":"https:\/\/aksioma.org\/ayasu\/credits\/","name":"Credits - Tactics&amp;Practice #16: Are you a software update?","isPartOf":{"@id":"https:\/\/aksioma.org\/ayasu\/#website"},"primaryImageOfPage":{"@id":"https:\/\/aksioma.org\/ayasu\/credits\/#primaryimage"},"image":{"@id":"https:\/\/aksioma.org\/ayasu\/credits\/#primaryimage"},"thumbnailUrl":"https:\/\/aksioma.org\/ayasu\/wp-content\/uploads\/2023\/02\/aksioma@2x.png","datePublished":"2023-02-09T10:03:40+00:00","dateModified":"2025-02-19T14:41:07+00:00","breadcrumb":{"@id":"https:\/\/aksioma.org\/ayasu\/credits\/#breadcrumb"},"inLanguage":"en-US","potentialAction":[{"@type":"ReadAction","target":["https:\/\/aksioma.org\/ayasu\/credits\/"]}]},{"@type":"ImageObject","inLanguage":"en-US","@id":"https:\/\/aksioma.org\/ayasu\/credits\/#primaryimage","url":"https:\/\/aksioma.org\/ayasu\/wp-content\/uploads\/2023\/02\/aksioma@2x.png","contentUrl":"https:\/\/aksioma.org\/ayasu\/wp-content\/uploads\/2023\/02\/aksioma@2x.png","width":188,"height":80},{"@type":"BreadcrumbList","@id":"https:\/\/aksioma.org\/ayasu\/credits\/#breadcrumb","itemListElement":[{"@type":"ListItem","position":1,"name":"Home","item":"https:\/\/aksioma.org\/ayasu\/"},{"@type":"ListItem","position":2,"name":"Credits"}]},{"@type":"WebSite","@id":"https:\/\/aksioma.org\/ayasu\/#website","url":"https:\/\/aksioma.org\/ayasu\/","name":"Tactics&amp;Practice #16: Are you a software update?","description":"","potentialAction":[{"@type":"SearchAction","target":{"@type":"EntryPoint","urlTemplate":"https:\/\/aksioma.org\/ayasu\/?s={search_term_string}"},"query-input":{"@type":"PropertyValueSpecification","valueRequired":true,"valueName":"search_term_string"}}],"inLanguage":"en-US"}]}},"lang":"en","translations":{"en":12,"sl":191},"pll_sync_post":[],"_links":{"self":[{"href":"https:\/\/aksioma.org\/ayasu\/wp-json\/wp\/v2\/pages\/12","targetHints":{"allow":["GET"]}}],"collection":[{"href":"https:\/\/aksioma.org\/ayasu\/wp-json\/wp\/v2\/pages"}],"about":[{"href":"https:\/\/aksioma.org\/ayasu\/wp-json\/wp\/v2\/types\/page"}],"author":[{"embeddable":true,"href":"https:\/\/aksioma.org\/ayasu\/wp-json\/wp\/v2\/users\/1"}],"replies":[{"embeddable":true,"href":"https:\/\/aksioma.org\/ayasu\/wp-json\/wp\/v2\/comments?post=12"}],"version-history":[{"count":0,"href":"https:\/\/aksioma.org\/ayasu\/wp-json\/wp\/v2\/pages\/12\/revisions"}],"wp:attachment":[{"href":"https:\/\/aksioma.org\/ayasu\/wp-json\/wp\/v2\/media?parent=12"}],"curies":[{"name":"wp","href":"https:\/\/api.w.org\/{rel}","templated":true}]}}